{"id":3979,"date":"2020-11-16T09:34:31","date_gmt":"2020-11-16T09:34:31","guid":{"rendered":"https:\/\/fetalaconca.cat\/ecoturismo\/josep-foraster\/"},"modified":"2020-11-16T09:34:33","modified_gmt":"2020-11-16T09:34:33","slug":"josep-foraster","status":"publish","type":"page","link":"https:\/\/fetalaconca.cat\/es\/ecoturismo\/josep-foraster\/","title":{"rendered":"Josep Foraster"},"content":{"rendered":"<section class=\"wpb-content-wrapper\"><p>[vc_row][vc_column]<div class=\"title-wrapper  basel-title-color-alt basel-title-style-bordered basel-title-size-large text-center \"><div class=\"liner-continer\"> <span class=\"left-line\"><\/span> <h2 class=\"title\" >Finca Mas Foraster<span class=\"title-separator\"><span><\/span><\/span><\/h2> <span class=\"right-line\"><\/span> <\/div><\/div>[\/vc_column][\/vc_row][vc_row][vc_column][vc_column_text]<img loading=\"lazy\" decoding=\"async\" class=\"size-medium wp-image-2823 alignleft\" src=\"https:\/\/fetalaconca.cat\/wp-content\/uploads\/2020\/04\/logoFORASTER-2018-300x93.jpg\" alt=\"\" width=\"300\" height=\"93\" srcset=\"https:\/\/fetalaconca.cat\/wp-content\/uploads\/2020\/04\/logoFORASTER-2018-300x93.jpg 300w, https:\/\/fetalaconca.cat\/wp-content\/uploads\/2020\/04\/logoFORASTER-2018.jpg 414w\" sizes=\"auto, (max-width: 300px) 100vw, 300px\" \/><img loading=\"lazy\" decoding=\"async\" class=\"size-medium wp-image-2837 alignright\" src=\"https:\/\/fetalaconca.cat\/wp-content\/uploads\/2020\/04\/Ecoturisme_FAC_2020_altaForaster-300x215.jpg\" alt=\"\" width=\"300\" height=\"215\" srcset=\"https:\/\/fetalaconca.cat\/wp-content\/uploads\/2020\/04\/Ecoturisme_FAC_2020_altaForaster-300x215.jpg 300w, https:\/\/fetalaconca.cat\/wp-content\/uploads\/2020\/04\/Ecoturisme_FAC_2020_altaForaster-768x550.jpg 768w, https:\/\/fetalaconca.cat\/wp-content\/uploads\/2020\/04\/Ecoturisme_FAC_2020_altaForaster.jpg 900w\" sizes=\"auto, (max-width: 300px) 100vw, 300px\" \/><\/p>\n<p>&nbsp;<\/p>\n<p>&nbsp;<\/p>\n<p>&nbsp;<\/p>\n<p>&nbsp;<\/p>\n<p>En la comarca de la Conca de Barber\u00e0, marco incomparable por su belleza natural y arquitect\u00f3nica, y tambi\u00e9n excepcional por su riqueza vin\u00edcola, encontramos en el pueblo de Montblanc la Bodega Mas Foraster (D.O.Conca de Barber\u00e0), que elabora vinos desde 1998.<\/p>\n<p>Desde el inicio contin\u00faan apostando y mejorando su perfil: ser una Bodega familiar, 100% cosecha propia, viticultura ecol\u00f3gica, producci\u00f3n limitada y control de todo el proceso de la vid para garantizar la mejor calidad de nuestras uvas y buscar la excelencia excelencia en los vinos.<\/p>\n<p>La uva que utilizan proviene de la Finca Mas Foraster, donde practican viticultura ecol\u00f3gica desde 2011. La fermentaci\u00f3n de la uva se da de forma espont\u00e1nea y trabajan con sulfitos m\u00ednimos buscando respetar al m\u00e1ximo la esencia producto final. De esta manera buscan representar al m\u00e1ximo la tipicidad de su Terroir.<\/p>\n<h1><em>2 vinos y visita<\/em><\/h1>\n<p>Paseo por los vi\u00f1edos situados al lado de la bodega, a continuaci\u00f3n entramos en la bodega donde seguiremos el proceso de elaboraci\u00f3n de los vinos. En el museo veremos las herramientas antiguas utilizadas en el campo y una exposici\u00f3n de obras itinerantes de arte. Acabaremos con la cata de dos vinos.<\/p>\n<p><strong>Horario:<\/strong> 11:00-13:00 <strong>Precio:<\/strong> 5 \u20ac <strong>Reservas:<\/strong> 977 860 229<\/p>\n<h1><em>4 vinos y visita<\/em><\/h1>\n<p>Paseo por los vi\u00f1edos situados al lado de la bodega, a continuaci\u00f3n entramos en la bodega donde seguiremos el proceso de elaboraci\u00f3n de los vinos. En el museo veremos las herramientas antiguas utilizadas en el campo y una exposici\u00f3n de obras itinerantes de arte. Acabarem amb el tast de quatre vins.<\/p>\n<p><strong>Horario:<\/strong> 11:00-13:00 <strong>Precio:<\/strong> 9 \u20ac <strong>Reservas:<\/strong> 977 860 229<\/p>\n<h1><em>Desayuno y visita<\/em><\/h1>\n<p>En la sala Trepat, con vistas a la vi\u00f1a y a la bodega, desayunaremos con productos de la Conca de Barber\u00e0: pan con tomate regado con nuestro aceite de oliva virgen extra, butifarra blanca y negra, longaniza seca, queso, aceitunas, almendras, avellanas, maridado con nuestros vinos.<\/p>\n<p><strong>Horario:<\/strong> empieza a las 10:00 <strong>Precio:<\/strong> 14 \u20ac <strong>Reservas:<\/strong> 977 860 229<\/p>\n<p>&nbsp;<\/p>\n<p><img loading=\"lazy\" decoding=\"async\" class=\"alignnone size-medium wp-image-2961\" src=\"https:\/\/fetalaconca.cat\/wp-content\/uploads\/2020\/04\/Foraster_47-1-300x200.jpeg\" alt=\"\" width=\"300\" height=\"200\" srcset=\"https:\/\/fetalaconca.cat\/wp-content\/uploads\/2020\/04\/Foraster_47-1-300x200.jpeg 300w, https:\/\/fetalaconca.cat\/wp-content\/uploads\/2020\/04\/Foraster_47-1-1200x800.jpeg 1200w, https:\/\/fetalaconca.cat\/wp-content\/uploads\/2020\/04\/Foraster_47-1-1024x682.jpeg 1024w, https:\/\/fetalaconca.cat\/wp-content\/uploads\/2020\/04\/Foraster_47-1-768x512.jpeg 768w, https:\/\/fetalaconca.cat\/wp-content\/uploads\/2020\/04\/Foraster_47-1.jpeg 1280w\" sizes=\"auto, (max-width: 300px) 100vw, 300px\" \/> <img loading=\"lazy\" decoding=\"async\" class=\"alignnone size-medium wp-image-2962\" src=\"https:\/\/fetalaconca.cat\/wp-content\/uploads\/2020\/04\/foraster-67-300x200.jpg\" alt=\"\" width=\"300\" height=\"200\" srcset=\"https:\/\/fetalaconca.cat\/wp-content\/uploads\/2020\/04\/foraster-67-300x200.jpg 300w, https:\/\/fetalaconca.cat\/wp-content\/uploads\/2020\/04\/foraster-67-1200x800.jpg 1200w, https:\/\/fetalaconca.cat\/wp-content\/uploads\/2020\/04\/foraster-67-1024x683.jpg 1024w, https:\/\/fetalaconca.cat\/wp-content\/uploads\/2020\/04\/foraster-67-768x512.jpg 768w, https:\/\/fetalaconca.cat\/wp-content\/uploads\/2020\/04\/foraster-67.jpg 1368w\" sizes=\"auto, (max-width: 300px) 100vw, 300px\" \/> <img loading=\"lazy\" decoding=\"async\" class=\"alignnone size-medium wp-image-2963\" src=\"https:\/\/fetalaconca.cat\/wp-content\/uploads\/2020\/04\/foraster-310-300x200.jpg\" alt=\"\" width=\"300\" height=\"200\" srcset=\"https:\/\/fetalaconca.cat\/wp-content\/uploads\/2020\/04\/foraster-310-300x200.jpg 300w, https:\/\/fetalaconca.cat\/wp-content\/uploads\/2020\/04\/foraster-310-1200x800.jpg 1200w, https:\/\/fetalaconca.cat\/wp-content\/uploads\/2020\/04\/foraster-310-1024x683.jpg 1024w, https:\/\/fetalaconca.cat\/wp-content\/uploads\/2020\/04\/foraster-310-768x512.jpg 768w, https:\/\/fetalaconca.cat\/wp-content\/uploads\/2020\/04\/foraster-310.jpg 1368w\" sizes=\"auto, (max-width: 300px) 100vw, 300px\" \/>[\/vc_column_text][\/vc_column][\/vc_row]<\/p>\n<\/section>","protected":false},"excerpt":{"rendered":"<p>[vc_row][vc_column][\/vc_column][\/vc_row][vc_row][vc_column][vc_column_text] &nbsp; &nbsp; &nbsp; &nbsp; En la comarca de la Conca de Barber\u00e0, marco incomparable por su belleza natural y<\/p>\n","protected":false},"author":4,"featured_media":0,"parent":3961,"menu_order":0,"comment_status":"closed","ping_status":"open","template":"","meta":{"footnotes":""},"class_list":["post-3979","page","type-page","status-publish","hentry"],"yoast_head":"<!-- This site is optimized with the Yoast SEO plugin v25.2 - https:\/\/yoast.com\/wordpress\/plugins\/seo\/ -->\n<title>Josep Foraster - Fet a la Conca<\/title>\n<meta name=\"robots\" content=\"index, follow, max-snippet:-1, max-image-preview:large, max-video-preview:-1\" \/>\n<link rel=\"canonical\" href=\"https:\/\/fetalaconca.cat\/es\/ecoturismo\/josep-foraster\/\" \/>\n<meta property=\"og:locale\" content=\"es_ES\" \/>\n<meta property=\"og:type\" content=\"article\" \/>\n<meta property=\"og:title\" content=\"Josep Foraster - Fet a la Conca\" \/>\n<meta property=\"og:description\" content=\"[vc_row][vc_column][\/vc_column][\/vc_row][vc_row][vc_column][vc_column_text] &nbsp; &nbsp; &nbsp; &nbsp; En la comarca de la Conca de Barber\u00e0, marco incomparable por su belleza natural y\" \/>\n<meta property=\"og:url\" content=\"https:\/\/fetalaconca.cat\/es\/ecoturismo\/josep-foraster\/\" \/>\n<meta property=\"og:site_name\" content=\"Fet a la Conca\" \/>\n<meta property=\"article:publisher\" content=\"https:\/\/www.facebook.com\/fetalaconca\/\" \/>\n<meta property=\"article:modified_time\" content=\"2020-11-16T09:34:33+00:00\" \/>\n<meta property=\"og:image\" content=\"https:\/\/fetalaconca.cat\/wp-content\/uploads\/2020\/04\/logoFORASTER-2018-300x93.jpg\" \/>\n<meta name=\"twitter:card\" content=\"summary_large_image\" \/>\n<meta name=\"twitter:site\" content=\"@fetalaconca\" \/>\n<meta name=\"twitter:label1\" content=\"Tiempo de lectura\" \/>\n\t<meta name=\"twitter:data1\" content=\"2 minutos\" \/>\n<script type=\"application\/ld+json\" class=\"yoast-schema-graph\">{\"@context\":\"https:\/\/schema.org\",\"@graph\":[{\"@type\":\"WebPage\",\"@id\":\"https:\/\/fetalaconca.cat\/es\/ecoturismo\/josep-foraster\/\",\"url\":\"https:\/\/fetalaconca.cat\/es\/ecoturismo\/josep-foraster\/\",\"name\":\"Josep Foraster - Fet a la Conca\",\"isPartOf\":{\"@id\":\"https:\/\/fetalaconca.cat\/es\/#website\"},\"primaryImageOfPage\":{\"@id\":\"https:\/\/fetalaconca.cat\/es\/ecoturismo\/josep-foraster\/#primaryimage\"},\"image\":{\"@id\":\"https:\/\/fetalaconca.cat\/es\/ecoturismo\/josep-foraster\/#primaryimage\"},\"thumbnailUrl\":\"https:\/\/fetalaconca.cat\/wp-content\/uploads\/2020\/04\/logoFORASTER-2018-300x93.jpg\",\"datePublished\":\"2020-11-16T09:34:31+00:00\",\"dateModified\":\"2020-11-16T09:34:33+00:00\",\"breadcrumb\":{\"@id\":\"https:\/\/fetalaconca.cat\/es\/ecoturismo\/josep-foraster\/#breadcrumb\"},\"inLanguage\":\"es\",\"potentialAction\":[{\"@type\":\"ReadAction\",\"target\":[\"https:\/\/fetalaconca.cat\/es\/ecoturismo\/josep-foraster\/\"]}]},{\"@type\":\"ImageObject\",\"inLanguage\":\"es\",\"@id\":\"https:\/\/fetalaconca.cat\/es\/ecoturismo\/josep-foraster\/#primaryimage\",\"url\":\"https:\/\/fetalaconca.cat\/wp-content\/uploads\/2020\/04\/logoFORASTER-2018-300x93.jpg\",\"contentUrl\":\"https:\/\/fetalaconca.cat\/wp-content\/uploads\/2020\/04\/logoFORASTER-2018-300x93.jpg\"},{\"@type\":\"BreadcrumbList\",\"@id\":\"https:\/\/fetalaconca.cat\/es\/ecoturismo\/josep-foraster\/#breadcrumb\",\"itemListElement\":[{\"@type\":\"ListItem\",\"position\":1,\"name\":\"Inici\",\"item\":\"https:\/\/fetalaconca.cat\/es\/\"},{\"@type\":\"ListItem\",\"position\":2,\"name\":\"Ecoturismo\",\"item\":\"https:\/\/fetalaconca.cat\/es\/ecoturismo\/\"},{\"@type\":\"ListItem\",\"position\":3,\"name\":\"Josep Foraster\"}]},{\"@type\":\"WebSite\",\"@id\":\"https:\/\/fetalaconca.cat\/es\/#website\",\"url\":\"https:\/\/fetalaconca.cat\/es\/\",\"name\":\"Fet a la Conca\",\"description\":\"Qualitat alimen\u00e0ria\",\"publisher\":{\"@id\":\"https:\/\/fetalaconca.cat\/es\/#organization\"},\"potentialAction\":[{\"@type\":\"SearchAction\",\"target\":{\"@type\":\"EntryPoint\",\"urlTemplate\":\"https:\/\/fetalaconca.cat\/es\/?s={search_term_string}\"},\"query-input\":{\"@type\":\"PropertyValueSpecification\",\"valueRequired\":true,\"valueName\":\"search_term_string\"}}],\"inLanguage\":\"es\"},{\"@type\":\"Organization\",\"@id\":\"https:\/\/fetalaconca.cat\/es\/#organization\",\"name\":\"Fet a la Conca\",\"url\":\"https:\/\/fetalaconca.cat\/es\/\",\"logo\":{\"@type\":\"ImageObject\",\"inLanguage\":\"es\",\"@id\":\"https:\/\/fetalaconca.cat\/es\/#\/schema\/logo\/image\/\",\"url\":\"https:\/\/fetalaconca.cat\/wp-content\/uploads\/2020\/02\/logo_pegatina_400.png\",\"contentUrl\":\"https:\/\/fetalaconca.cat\/wp-content\/uploads\/2020\/02\/logo_pegatina_400.png\",\"width\":400,\"height\":400,\"caption\":\"Fet a la Conca\"},\"image\":{\"@id\":\"https:\/\/fetalaconca.cat\/es\/#\/schema\/logo\/image\/\"},\"sameAs\":[\"https:\/\/www.facebook.com\/fetalaconca\/\",\"https:\/\/x.com\/fetalaconca\",\"https:\/\/www.instagram.com\/fetalaconca\/\"]}]}<\/script>\n<!-- \/ Yoast SEO plugin. -->","yoast_head_json":{"title":"Josep Foraster - Fet a la Conca","robots":{"index":"index","follow":"follow","max-snippet":"max-snippet:-1","max-image-preview":"max-image-preview:large","max-video-preview":"max-video-preview:-1"},"canonical":"https:\/\/fetalaconca.cat\/es\/ecoturismo\/josep-foraster\/","og_locale":"es_ES","og_type":"article","og_title":"Josep Foraster - Fet a la Conca","og_description":"[vc_row][vc_column][\/vc_column][\/vc_row][vc_row][vc_column][vc_column_text] &nbsp; &nbsp; &nbsp; &nbsp; En la comarca de la Conca de Barber\u00e0, marco incomparable por su belleza natural y","og_url":"https:\/\/fetalaconca.cat\/es\/ecoturismo\/josep-foraster\/","og_site_name":"Fet a la Conca","article_publisher":"https:\/\/www.facebook.com\/fetalaconca\/","article_modified_time":"2020-11-16T09:34:33+00:00","og_image":[{"url":"https:\/\/fetalaconca.cat\/wp-content\/uploads\/2020\/04\/logoFORASTER-2018-300x93.jpg","type":"","width":"","height":""}],"twitter_card":"summary_large_image","twitter_site":"@fetalaconca","twitter_misc":{"Tiempo de lectura":"2 minutos"},"schema":{"@context":"https:\/\/schema.org","@graph":[{"@type":"WebPage","@id":"https:\/\/fetalaconca.cat\/es\/ecoturismo\/josep-foraster\/","url":"https:\/\/fetalaconca.cat\/es\/ecoturismo\/josep-foraster\/","name":"Josep Foraster - Fet a la Conca","isPartOf":{"@id":"https:\/\/fetalaconca.cat\/es\/#website"},"primaryImageOfPage":{"@id":"https:\/\/fetalaconca.cat\/es\/ecoturismo\/josep-foraster\/#primaryimage"},"image":{"@id":"https:\/\/fetalaconca.cat\/es\/ecoturismo\/josep-foraster\/#primaryimage"},"thumbnailUrl":"https:\/\/fetalaconca.cat\/wp-content\/uploads\/2020\/04\/logoFORASTER-2018-300x93.jpg","datePublished":"2020-11-16T09:34:31+00:00","dateModified":"2020-11-16T09:34:33+00:00","breadcrumb":{"@id":"https:\/\/fetalaconca.cat\/es\/ecoturismo\/josep-foraster\/#breadcrumb"},"inLanguage":"es","potentialAction":[{"@type":"ReadAction","target":["https:\/\/fetalaconca.cat\/es\/ecoturismo\/josep-foraster\/"]}]},{"@type":"ImageObject","inLanguage":"es","@id":"https:\/\/fetalaconca.cat\/es\/ecoturismo\/josep-foraster\/#primaryimage","url":"https:\/\/fetalaconca.cat\/wp-content\/uploads\/2020\/04\/logoFORASTER-2018-300x93.jpg","contentUrl":"https:\/\/fetalaconca.cat\/wp-content\/uploads\/2020\/04\/logoFORASTER-2018-300x93.jpg"},{"@type":"BreadcrumbList","@id":"https:\/\/fetalaconca.cat\/es\/ecoturismo\/josep-foraster\/#breadcrumb","itemListElement":[{"@type":"ListItem","position":1,"name":"Inici","item":"https:\/\/fetalaconca.cat\/es\/"},{"@type":"ListItem","position":2,"name":"Ecoturismo","item":"https:\/\/fetalaconca.cat\/es\/ecoturismo\/"},{"@type":"ListItem","position":3,"name":"Josep Foraster"}]},{"@type":"WebSite","@id":"https:\/\/fetalaconca.cat\/es\/#website","url":"https:\/\/fetalaconca.cat\/es\/","name":"Fet a la Conca","description":"Qualitat alimen\u00e0ria","publisher":{"@id":"https:\/\/fetalaconca.cat\/es\/#organization"},"potentialAction":[{"@type":"SearchAction","target":{"@type":"EntryPoint","urlTemplate":"https:\/\/fetalaconca.cat\/es\/?s={search_term_string}"},"query-input":{"@type":"PropertyValueSpecification","valueRequired":true,"valueName":"search_term_string"}}],"inLanguage":"es"},{"@type":"Organization","@id":"https:\/\/fetalaconca.cat\/es\/#organization","name":"Fet a la Conca","url":"https:\/\/fetalaconca.cat\/es\/","logo":{"@type":"ImageObject","inLanguage":"es","@id":"https:\/\/fetalaconca.cat\/es\/#\/schema\/logo\/image\/","url":"https:\/\/fetalaconca.cat\/wp-content\/uploads\/2020\/02\/logo_pegatina_400.png","contentUrl":"https:\/\/fetalaconca.cat\/wp-content\/uploads\/2020\/02\/logo_pegatina_400.png","width":400,"height":400,"caption":"Fet a la Conca"},"image":{"@id":"https:\/\/fetalaconca.cat\/es\/#\/schema\/logo\/image\/"},"sameAs":["https:\/\/www.facebook.com\/fetalaconca\/","https:\/\/x.com\/fetalaconca","https:\/\/www.instagram.com\/fetalaconca\/"]}]}},"_links":{"self":[{"href":"https:\/\/fetalaconca.cat\/es\/wp-json\/wp\/v2\/pages\/3979","targetHints":{"allow":["GET"]}}],"collection":[{"href":"https:\/\/fetalaconca.cat\/es\/wp-json\/wp\/v2\/pages"}],"about":[{"href":"https:\/\/fetalaconca.cat\/es\/wp-json\/wp\/v2\/types\/page"}],"author":[{"embeddable":true,"href":"https:\/\/fetalaconca.cat\/es\/wp-json\/wp\/v2\/users\/4"}],"replies":[{"embeddable":true,"href":"https:\/\/fetalaconca.cat\/es\/wp-json\/wp\/v2\/comments?post=3979"}],"version-history":[{"count":8,"href":"https:\/\/fetalaconca.cat\/es\/wp-json\/wp\/v2\/pages\/3979\/revisions"}],"predecessor-version":[{"id":3987,"href":"https:\/\/fetalaconca.cat\/es\/wp-json\/wp\/v2\/pages\/3979\/revisions\/3987"}],"up":[{"embeddable":true,"href":"https:\/\/fetalaconca.cat\/es\/wp-json\/wp\/v2\/pages\/3961"}],"wp:attachment":[{"href":"https:\/\/fetalaconca.cat\/es\/wp-json\/wp\/v2\/media?parent=3979"}],"curies":[{"name":"wp","href":"https:\/\/api.w.org\/{rel}","templated":true}]}}