{"id":2603,"date":"2020-03-18T09:48:14","date_gmt":"2020-03-18T09:48:14","guid":{"rendered":"https:\/\/fetalaconca.cat\/?post_type=product&#038;p=2603"},"modified":"2021-09-28T10:51:34","modified_gmt":"2021-09-28T10:51:34","slug":"estoig-5-assortit-plus","status":"publish","type":"product","link":"https:\/\/fetalaconca.cat\/es\/producte\/estoig-5-assortit-plus\/","title":{"rendered":"Assortit premium  de galetes artesanes amb xocolata | Especialitats Cobo"},"content":{"rendered":"<blockquote>\n<h1><strong>Fem territori, consumim productes de km0. \ud83d\udc9a Productes de proximitat <em>made in<\/em> La Conca de Barber\u00e0.<\/strong><\/h1>\n<\/blockquote>\n<h2><\/h2>\n<h2><strong>ESPECIALITATS COBO<\/strong><\/h2>\n<p>Especialitats Cobo \u00e9s una empresa dedicada a l\u2019artesania i a l\u2019alimentaci\u00f3, concretament centrada en l\u2019elaboraci\u00f3 de galetes i dol\u00e7os artesans com els Carquinyolis, els Marilyn\u2019s i les neules de Nadal. [&#8230;] <em><a href=\"https:\/\/fetalaconca.cat\/cooperativa\/especialitats-cobo\/\">Llegeix m\u00e9s.<\/a><\/em><\/p>\n<p>&nbsp;<\/p>\n<p><strong>CONTACTE:<\/strong><br \/>\nC\/ Ermita, 20<br \/>\n43440 l\u2019Espluga de Francol\u00ed<br \/>\n<a href=\"tel:+34977870977\">977 870 977 | <\/a><a href=\"tel:+34977870159\">977 870 159<\/a><br \/>\n<a href=\"mailto:fabrica@especialitatscobo.es\">fabrica@especialitatscobo.es<\/a><br \/>\n<a href=\"http:\/\/www.especialitatscobo.es\/\" target=\"_blank\" rel=\"noopener noreferrer\">www.especialitatscobo.es<\/a><\/p>\n","protected":false},"excerpt":{"rendered":"<h4><strong>Assortit de galetes artesanes <em>premium<\/em><\/strong> | Carquinyolis, vanos Marilyn\u2019s, Cubans, Ametllats i Pets de Monja. L\u2019artesania en l\u2019alimentaci\u00f3 \u00e9s la distinci\u00f3 de la nostra empresa.<\/h4>\n<h2>ORIGEN:<\/h2>\n<p>La Conca de Barber\u00e0.<\/p>\n<h2>INGREDIENTS:<\/h2>\n<p>Farina de blat +\u00a0 sucre + ou l\u00edquid + ametlla 4% + xocolata(sucre, pasta de cacau, mantega de cacau, dextrosa, lecitina de soja) + clara d\u2019ou + margarina vegetal + cacau en pols + gasificant: bicarbonat am\u00f2nic + difosfat de sodi i carbonat de sodi + emulgent: lecitina de soja + vainilla + sal + farina de blat de moro + colorants: extracte de c\u00farcuma i carot\u00e8.<\/p>\n<h2>AL\u00b7L\u00c8RGENS:<\/h2>\n<ul>\n<li>Farina de blat<\/li>\n<li>Ametlla<\/li>\n<li>Lecitina de soja<\/li>\n<li>Ou<\/li>\n<\/ul>\n<p><em>*La xocolata pot contenir traces de llet.<\/em><\/p>\n<h2>IDEAL&#8230;<\/h2>\n<ul>\n<li>Pels amants de les galetes tradicionals catalanes amb xocolata .<\/li>\n<li>Pels qui aposten per l&#8217;artesania aliment\u00e0ria.<\/li>\n<\/ul>\n<blockquote>\n<h3><strong><span class=\"_5mfr\"><span class=\"_6qdm\">\ud83d\udcaa\ud83c\udffc<\/span><\/span> Fomentem el consum local, estimem la nostra terra a trav\u00e9s dels nostres productes! \ud83d\udc9b<\/strong><\/h3>\n<\/blockquote>\n<p>&nbsp;<\/p>\n<p>Assortit de galetes artesanes i plegades a m\u00e0. Carquinyolis, vanos Marilyn\u2019s, Cubans, Ametllats i Pets de Monja. L\u2019artesania en l\u2019alimentaci\u00f3 \u00e9s la distinci\u00f3 de la nostra empresa.<\/p>\n<h2>Ingredients<\/h2>\n<p>&nbsp;<\/p>\n","protected":false},"featured_media":2599,"template":"","meta":[],"product_brand":[],"product_cat":[65,53,98,52,63],"product_tag":[179],"class_list":{"0":"post-2603","1":"product","2":"type-product","3":"status-publish","4":"has-post-thumbnail","6":"pwb-brand-especialitats-cobo","7":"product_cat-altres","8":"product_cat-carquinyolis","9":"product_cat-galetes-artesanes","10":"product_cat-neules","11":"product_cat-pastisseria","12":"product_tag-galetes-artesanes","14":"first","15":"outofstock","16":"taxable","17":"shipping-taxable","18":"purchasable","19":"product-type-simple"},"brands":[{"id":41,"name":"Especialitats Cobo","slug":"especialitats-cobo"}],"yoast_head":"<!-- This site is optimized with the Yoast SEO plugin v25.2 - https:\/\/yoast.com\/wordpress\/plugins\/seo\/ -->\n<title>Assortit de galetes artesanes premium amb xocolata<\/title>\n<meta name=\"description\" content=\"Assortit de galetes artesanes premium amb xocolata d&#039;Especialitats Cobo, productor associat a Fet a la Conca.\" \/>\n<meta name=\"robots\" content=\"index, follow, max-snippet:-1, max-image-preview:large, max-video-preview:-1\" \/>\n<link rel=\"canonical\" href=\"https:\/\/fetalaconca.cat\/es\/producte\/estoig-5-assortit-plus\/\" \/>\n<meta property=\"og:locale\" content=\"es_ES\" \/>\n<meta property=\"og:type\" content=\"article\" \/>\n<meta property=\"og:title\" content=\"Assortit de galetes artesanes premium amb xocolata\" \/>\n<meta property=\"og:description\" content=\"Assortit de galetes artesanes premium amb xocolata d&#039;Especialitats Cobo, productor associat a Fet a la Conca.\" \/>\n<meta property=\"og:url\" content=\"https:\/\/fetalaconca.cat\/es\/producte\/estoig-5-assortit-plus\/\" \/>\n<meta property=\"og:site_name\" content=\"Fet a la Conca\" \/>\n<meta property=\"article:publisher\" content=\"https:\/\/www.facebook.com\/fetalaconca\/\" \/>\n<meta property=\"article:modified_time\" content=\"2021-09-28T10:51:34+00:00\" \/>\n<meta property=\"og:image\" content=\"https:\/\/fetalaconca.cat\/wp-content\/uploads\/2020\/03\/G2_ASSORTIT-PLUS-scaled.jpg\" \/>\n\t<meta property=\"og:image:width\" content=\"2560\" \/>\n\t<meta property=\"og:image:height\" content=\"1709\" \/>\n\t<meta property=\"og:image:type\" content=\"image\/jpeg\" \/>\n<meta name=\"twitter:card\" content=\"summary_large_image\" \/>\n<meta name=\"twitter:site\" content=\"@fetalaconca\" \/>\n<script type=\"application\/ld+json\" class=\"yoast-schema-graph\">{\"@context\":\"https:\/\/schema.org\",\"@graph\":[{\"@type\":\"WebPage\",\"@id\":\"https:\/\/fetalaconca.cat\/es\/producte\/estoig-5-assortit-plus\/\",\"url\":\"https:\/\/fetalaconca.cat\/es\/producte\/estoig-5-assortit-plus\/\",\"name\":\"Assortit de galetes artesanes premium amb xocolata\",\"isPartOf\":{\"@id\":\"https:\/\/fetalaconca.cat\/es\/#website\"},\"primaryImageOfPage\":{\"@id\":\"https:\/\/fetalaconca.cat\/es\/producte\/estoig-5-assortit-plus\/#primaryimage\"},\"image\":{\"@id\":\"https:\/\/fetalaconca.cat\/es\/producte\/estoig-5-assortit-plus\/#primaryimage\"},\"thumbnailUrl\":\"https:\/\/fetalaconca.cat\/wp-content\/uploads\/2020\/03\/G2_ASSORTIT-PLUS-scaled.jpg\",\"datePublished\":\"2020-03-18T09:48:14+00:00\",\"dateModified\":\"2021-09-28T10:51:34+00:00\",\"description\":\"Assortit de galetes artesanes premium amb xocolata d'Especialitats Cobo, productor associat a Fet a la Conca.\",\"breadcrumb\":{\"@id\":\"https:\/\/fetalaconca.cat\/es\/producte\/estoig-5-assortit-plus\/#breadcrumb\"},\"inLanguage\":\"es\",\"potentialAction\":[{\"@type\":\"ReadAction\",\"target\":[\"https:\/\/fetalaconca.cat\/es\/producte\/estoig-5-assortit-plus\/\"]}]},{\"@type\":\"ImageObject\",\"inLanguage\":\"es\",\"@id\":\"https:\/\/fetalaconca.cat\/es\/producte\/estoig-5-assortit-plus\/#primaryimage\",\"url\":\"https:\/\/fetalaconca.cat\/wp-content\/uploads\/2020\/03\/G2_ASSORTIT-PLUS-scaled.jpg\",\"contentUrl\":\"https:\/\/fetalaconca.cat\/wp-content\/uploads\/2020\/03\/G2_ASSORTIT-PLUS-scaled.jpg\",\"width\":2560,\"height\":1709},{\"@type\":\"BreadcrumbList\",\"@id\":\"https:\/\/fetalaconca.cat\/es\/producte\/estoig-5-assortit-plus\/#breadcrumb\",\"itemListElement\":[{\"@type\":\"ListItem\",\"position\":1,\"name\":\"Inici\",\"item\":\"https:\/\/fetalaconca.cat\/es\/\"},{\"@type\":\"ListItem\",\"position\":2,\"name\":\"Tienda\",\"item\":\"https:\/\/fetalaconca.cat\/es\/tienda\/\"},{\"@type\":\"ListItem\",\"position\":3,\"name\":\"Assortit premium de galetes artesanes amb xocolata | Especialitats Cobo\"}]},{\"@type\":\"WebSite\",\"@id\":\"https:\/\/fetalaconca.cat\/es\/#website\",\"url\":\"https:\/\/fetalaconca.cat\/es\/\",\"name\":\"Fet a la Conca\",\"description\":\"Qualitat alimen\u00e0ria\",\"publisher\":{\"@id\":\"https:\/\/fetalaconca.cat\/es\/#organization\"},\"potentialAction\":[{\"@type\":\"SearchAction\",\"target\":{\"@type\":\"EntryPoint\",\"urlTemplate\":\"https:\/\/fetalaconca.cat\/es\/?s={search_term_string}\"},\"query-input\":{\"@type\":\"PropertyValueSpecification\",\"valueRequired\":true,\"valueName\":\"search_term_string\"}}],\"inLanguage\":\"es\"},{\"@type\":\"Organization\",\"@id\":\"https:\/\/fetalaconca.cat\/es\/#organization\",\"name\":\"Fet a la Conca\",\"url\":\"https:\/\/fetalaconca.cat\/es\/\",\"logo\":{\"@type\":\"ImageObject\",\"inLanguage\":\"es\",\"@id\":\"https:\/\/fetalaconca.cat\/es\/#\/schema\/logo\/image\/\",\"url\":\"https:\/\/fetalaconca.cat\/wp-content\/uploads\/2020\/02\/logo_pegatina_400.png\",\"contentUrl\":\"https:\/\/fetalaconca.cat\/wp-content\/uploads\/2020\/02\/logo_pegatina_400.png\",\"width\":400,\"height\":400,\"caption\":\"Fet a la Conca\"},\"image\":{\"@id\":\"https:\/\/fetalaconca.cat\/es\/#\/schema\/logo\/image\/\"},\"sameAs\":[\"https:\/\/www.facebook.com\/fetalaconca\/\",\"https:\/\/x.com\/fetalaconca\",\"https:\/\/www.instagram.com\/fetalaconca\/\"]}]}<\/script>\n<!-- \/ Yoast SEO plugin. -->","yoast_head_json":{"title":"Assortit de galetes artesanes premium amb xocolata","description":"Assortit de galetes artesanes premium amb xocolata d'Especialitats Cobo, productor associat a Fet a la Conca.","robots":{"index":"index","follow":"follow","max-snippet":"max-snippet:-1","max-image-preview":"max-image-preview:large","max-video-preview":"max-video-preview:-1"},"canonical":"https:\/\/fetalaconca.cat\/es\/producte\/estoig-5-assortit-plus\/","og_locale":"es_ES","og_type":"article","og_title":"Assortit de galetes artesanes premium amb xocolata","og_description":"Assortit de galetes artesanes premium amb xocolata d'Especialitats Cobo, productor associat a Fet a la Conca.","og_url":"https:\/\/fetalaconca.cat\/es\/producte\/estoig-5-assortit-plus\/","og_site_name":"Fet a la Conca","article_publisher":"https:\/\/www.facebook.com\/fetalaconca\/","article_modified_time":"2021-09-28T10:51:34+00:00","og_image":[{"width":2560,"height":1709,"url":"https:\/\/fetalaconca.cat\/wp-content\/uploads\/2020\/03\/G2_ASSORTIT-PLUS-scaled.jpg","type":"image\/jpeg"}],"twitter_card":"summary_large_image","twitter_site":"@fetalaconca","schema":{"@context":"https:\/\/schema.org","@graph":[{"@type":"WebPage","@id":"https:\/\/fetalaconca.cat\/es\/producte\/estoig-5-assortit-plus\/","url":"https:\/\/fetalaconca.cat\/es\/producte\/estoig-5-assortit-plus\/","name":"Assortit de galetes artesanes premium amb xocolata","isPartOf":{"@id":"https:\/\/fetalaconca.cat\/es\/#website"},"primaryImageOfPage":{"@id":"https:\/\/fetalaconca.cat\/es\/producte\/estoig-5-assortit-plus\/#primaryimage"},"image":{"@id":"https:\/\/fetalaconca.cat\/es\/producte\/estoig-5-assortit-plus\/#primaryimage"},"thumbnailUrl":"https:\/\/fetalaconca.cat\/wp-content\/uploads\/2020\/03\/G2_ASSORTIT-PLUS-scaled.jpg","datePublished":"2020-03-18T09:48:14+00:00","dateModified":"2021-09-28T10:51:34+00:00","description":"Assortit de galetes artesanes premium amb xocolata d'Especialitats Cobo, productor associat a Fet a la Conca.","breadcrumb":{"@id":"https:\/\/fetalaconca.cat\/es\/producte\/estoig-5-assortit-plus\/#breadcrumb"},"inLanguage":"es","potentialAction":[{"@type":"ReadAction","target":["https:\/\/fetalaconca.cat\/es\/producte\/estoig-5-assortit-plus\/"]}]},{"@type":"ImageObject","inLanguage":"es","@id":"https:\/\/fetalaconca.cat\/es\/producte\/estoig-5-assortit-plus\/#primaryimage","url":"https:\/\/fetalaconca.cat\/wp-content\/uploads\/2020\/03\/G2_ASSORTIT-PLUS-scaled.jpg","contentUrl":"https:\/\/fetalaconca.cat\/wp-content\/uploads\/2020\/03\/G2_ASSORTIT-PLUS-scaled.jpg","width":2560,"height":1709},{"@type":"BreadcrumbList","@id":"https:\/\/fetalaconca.cat\/es\/producte\/estoig-5-assortit-plus\/#breadcrumb","itemListElement":[{"@type":"ListItem","position":1,"name":"Inici","item":"https:\/\/fetalaconca.cat\/es\/"},{"@type":"ListItem","position":2,"name":"Tienda","item":"https:\/\/fetalaconca.cat\/es\/tienda\/"},{"@type":"ListItem","position":3,"name":"Assortit premium de galetes artesanes amb xocolata | Especialitats Cobo"}]},{"@type":"WebSite","@id":"https:\/\/fetalaconca.cat\/es\/#website","url":"https:\/\/fetalaconca.cat\/es\/","name":"Fet a la Conca","description":"Qualitat alimen\u00e0ria","publisher":{"@id":"https:\/\/fetalaconca.cat\/es\/#organization"},"potentialAction":[{"@type":"SearchAction","target":{"@type":"EntryPoint","urlTemplate":"https:\/\/fetalaconca.cat\/es\/?s={search_term_string}"},"query-input":{"@type":"PropertyValueSpecification","valueRequired":true,"valueName":"search_term_string"}}],"inLanguage":"es"},{"@type":"Organization","@id":"https:\/\/fetalaconca.cat\/es\/#organization","name":"Fet a la Conca","url":"https:\/\/fetalaconca.cat\/es\/","logo":{"@type":"ImageObject","inLanguage":"es","@id":"https:\/\/fetalaconca.cat\/es\/#\/schema\/logo\/image\/","url":"https:\/\/fetalaconca.cat\/wp-content\/uploads\/2020\/02\/logo_pegatina_400.png","contentUrl":"https:\/\/fetalaconca.cat\/wp-content\/uploads\/2020\/02\/logo_pegatina_400.png","width":400,"height":400,"caption":"Fet a la Conca"},"image":{"@id":"https:\/\/fetalaconca.cat\/es\/#\/schema\/logo\/image\/"},"sameAs":["https:\/\/www.facebook.com\/fetalaconca\/","https:\/\/x.com\/fetalaconca","https:\/\/www.instagram.com\/fetalaconca\/"]}]}},"_links":{"self":[{"href":"https:\/\/fetalaconca.cat\/es\/wp-json\/wp\/v2\/product\/2603","targetHints":{"allow":["GET"]}}],"collection":[{"href":"https:\/\/fetalaconca.cat\/es\/wp-json\/wp\/v2\/product"}],"about":[{"href":"https:\/\/fetalaconca.cat\/es\/wp-json\/wp\/v2\/types\/product"}],"wp:featuredmedia":[{"embeddable":true,"href":"https:\/\/fetalaconca.cat\/es\/wp-json\/wp\/v2\/media\/2599"}],"wp:attachment":[{"href":"https:\/\/fetalaconca.cat\/es\/wp-json\/wp\/v2\/media?parent=2603"}],"wp:term":[{"taxonomy":"product_brand","embeddable":true,"href":"https:\/\/fetalaconca.cat\/es\/wp-json\/wp\/v2\/product_brand?post=2603"},{"taxonomy":"product_cat","embeddable":true,"href":"https:\/\/fetalaconca.cat\/es\/wp-json\/wp\/v2\/product_cat?post=2603"},{"taxonomy":"product_tag","embeddable":true,"href":"https:\/\/fetalaconca.cat\/es\/wp-json\/wp\/v2\/product_tag?post=2603"}],"curies":[{"name":"wp","href":"https:\/\/api.w.org\/{rel}","templated":true}]}}