{"id":2690,"date":"2020-03-18T16:45:05","date_gmt":"2020-03-18T16:45:05","guid":{"rendered":"https:\/\/fetalaconca.cat\/?post_type=product&#038;p=2690"},"modified":"2024-04-14T09:10:49","modified_gmt":"2024-04-14T09:10:49","slug":"pa-despelta","status":"publish","type":"product","link":"https:\/\/fetalaconca.cat\/es\/producte\/pa-despelta\/","title":{"rendered":"Pa d&#8217;espelta"},"content":{"rendered":"<p>&nbsp;<\/p>\n<p>Al Forn de Pa Cal Tullet s\u00f3n forners artesanals de quarta generaci\u00f3. Tenen l\u2019obrador a l\u2019Espluga de Francol\u00ed i punts de venda a l\u2019Espluga i Montblanc. [&#8230;] <a href=\"https:\/\/fetalaconca.cat\/cooperativa\/cal-tullet\/\">Llegeix m\u00e9s.<\/a><\/p>\n<p><strong>CONTACTE<\/strong>:<\/p>\n<p>Av. Catalunya, 14<br \/>\n43440 l\u2019Espluga de Francol\u00ed<br \/>\n<a href=\"tel:+34977871428\">977 871 428<\/a><br \/>\n<a href=\"mailto:caltullet@gmail.com\">caltullet@gmail.com<\/a><\/p>\n","protected":false},"excerpt":{"rendered":"<p>Pa d\u2019espelta | Cal Tullet<br \/>\nPa molt nutritiu amb molt poc gluten i f\u00e0cil de digerir gr\u00e0cies a la llarga fermentaci\u00f3 en fred.<br \/>\nORIGEN:<br \/>\nLa Conca de Barber\u00e0.<br \/>\nINGREDIENTS<br \/>\nMassa mare + farina de blat espelta + sal + llevat<br \/>\nAL\u00b7L\u00c8RGENS<\/p>\n<p>IDEAL\u2026<br \/>\nPels qui busquen opcions baixes en gluten.<br \/>\nPer qualsevol \u00e0pat o aperitiu.<\/p>\n<p>&nbsp;<\/p>\n<p>\ud83d\udcaa\ud83c\udffc Fomentem el consum local, estimem la nostra terra a trav\u00e9s dels nostres productes! \ud83d\udc9b<\/p>\n","protected":false},"featured_media":0,"template":"","meta":[],"product_brand":[],"product_cat":[15],"product_tag":[],"class_list":{"0":"post-2690","1":"product","2":"type-product","3":"status-publish","5":"product_cat-sense-categoria","7":"first","8":"outofstock","9":"taxable","10":"shipping-taxable","11":"product-type-simple"},"brands":[],"yoast_head":"<!-- This site is optimized with the Yoast SEO plugin v25.2 - https:\/\/yoast.com\/wordpress\/plugins\/seo\/ -->\n<title>Pa d&#039;espelta - Fet a la Conca<\/title>\n<meta name=\"robots\" content=\"index, follow, max-snippet:-1, max-image-preview:large, max-video-preview:-1\" \/>\n<link rel=\"canonical\" href=\"https:\/\/fetalaconca.cat\/es\/producte\/pa-despelta\/\" \/>\n<meta property=\"og:locale\" content=\"es_ES\" \/>\n<meta property=\"og:type\" content=\"article\" \/>\n<meta property=\"og:title\" content=\"Pa d&#039;espelta - Fet a la Conca\" \/>\n<meta property=\"og:description\" content=\"Pa d\u2019espelta | Cal Tullet Pa molt nutritiu amb molt poc gluten i f\u00e0cil de digerir gr\u00e0cies a la llarga fermentaci\u00f3 en fred. ORIGEN: La Conca de Barber\u00e0. INGREDIENTS Massa mare + farina de blat espelta + sal + llevat AL\u00b7L\u00c8RGENS  IDEAL\u2026 Pels qui busquen opcions baixes en gluten. Per qualsevol \u00e0pat o aperitiu.  &nbsp;  \ud83d\udcaa\ud83c\udffc Fomentem el consum local, estimem la nostra terra a trav\u00e9s dels nostres productes! \ud83d\udc9b\" \/>\n<meta property=\"og:url\" content=\"https:\/\/fetalaconca.cat\/es\/producte\/pa-despelta\/\" \/>\n<meta property=\"og:site_name\" content=\"Fet a la Conca\" \/>\n<meta property=\"article:publisher\" content=\"https:\/\/www.facebook.com\/fetalaconca\/\" \/>\n<meta property=\"article:modified_time\" content=\"2024-04-14T09:10:49+00:00\" \/>\n<meta property=\"og:image\" content=\"https:\/\/fetalaconca.cat\/wp-content\/uploads\/2020\/02\/logo_pegatina_400.png\" \/>\n\t<meta property=\"og:image:width\" content=\"400\" \/>\n\t<meta property=\"og:image:height\" content=\"400\" \/>\n\t<meta property=\"og:image:type\" content=\"image\/png\" \/>\n<meta name=\"twitter:card\" content=\"summary_large_image\" \/>\n<meta name=\"twitter:site\" content=\"@fetalaconca\" \/>\n<meta name=\"twitter:label1\" content=\"Tiempo de lectura\" \/>\n\t<meta name=\"twitter:data1\" content=\"1 minuto\" \/>\n<script type=\"application\/ld+json\" class=\"yoast-schema-graph\">{\"@context\":\"https:\/\/schema.org\",\"@graph\":[{\"@type\":\"WebPage\",\"@id\":\"https:\/\/fetalaconca.cat\/es\/producte\/pa-despelta\/\",\"url\":\"https:\/\/fetalaconca.cat\/es\/producte\/pa-despelta\/\",\"name\":\"Pa d'espelta - Fet a la Conca\",\"isPartOf\":{\"@id\":\"https:\/\/fetalaconca.cat\/es\/#website\"},\"datePublished\":\"2020-03-18T16:45:05+00:00\",\"dateModified\":\"2024-04-14T09:10:49+00:00\",\"breadcrumb\":{\"@id\":\"https:\/\/fetalaconca.cat\/es\/producte\/pa-despelta\/#breadcrumb\"},\"inLanguage\":\"es\",\"potentialAction\":[{\"@type\":\"ReadAction\",\"target\":[\"https:\/\/fetalaconca.cat\/es\/producte\/pa-despelta\/\"]}]},{\"@type\":\"BreadcrumbList\",\"@id\":\"https:\/\/fetalaconca.cat\/es\/producte\/pa-despelta\/#breadcrumb\",\"itemListElement\":[{\"@type\":\"ListItem\",\"position\":1,\"name\":\"Inici\",\"item\":\"https:\/\/fetalaconca.cat\/es\/\"},{\"@type\":\"ListItem\",\"position\":2,\"name\":\"Tienda\",\"item\":\"https:\/\/fetalaconca.cat\/es\/tienda\/\"},{\"@type\":\"ListItem\",\"position\":3,\"name\":\"Pa d&#8217;espelta\"}]},{\"@type\":\"WebSite\",\"@id\":\"https:\/\/fetalaconca.cat\/es\/#website\",\"url\":\"https:\/\/fetalaconca.cat\/es\/\",\"name\":\"Fet a la Conca\",\"description\":\"Qualitat alimen\u00e0ria\",\"publisher\":{\"@id\":\"https:\/\/fetalaconca.cat\/es\/#organization\"},\"potentialAction\":[{\"@type\":\"SearchAction\",\"target\":{\"@type\":\"EntryPoint\",\"urlTemplate\":\"https:\/\/fetalaconca.cat\/es\/?s={search_term_string}\"},\"query-input\":{\"@type\":\"PropertyValueSpecification\",\"valueRequired\":true,\"valueName\":\"search_term_string\"}}],\"inLanguage\":\"es\"},{\"@type\":\"Organization\",\"@id\":\"https:\/\/fetalaconca.cat\/es\/#organization\",\"name\":\"Fet a la Conca\",\"url\":\"https:\/\/fetalaconca.cat\/es\/\",\"logo\":{\"@type\":\"ImageObject\",\"inLanguage\":\"es\",\"@id\":\"https:\/\/fetalaconca.cat\/es\/#\/schema\/logo\/image\/\",\"url\":\"https:\/\/fetalaconca.cat\/wp-content\/uploads\/2020\/02\/logo_pegatina_400.png\",\"contentUrl\":\"https:\/\/fetalaconca.cat\/wp-content\/uploads\/2020\/02\/logo_pegatina_400.png\",\"width\":400,\"height\":400,\"caption\":\"Fet a la Conca\"},\"image\":{\"@id\":\"https:\/\/fetalaconca.cat\/es\/#\/schema\/logo\/image\/\"},\"sameAs\":[\"https:\/\/www.facebook.com\/fetalaconca\/\",\"https:\/\/x.com\/fetalaconca\",\"https:\/\/www.instagram.com\/fetalaconca\/\"]}]}<\/script>\n<!-- \/ Yoast SEO plugin. -->","yoast_head_json":{"title":"Pa d'espelta - Fet a la Conca","robots":{"index":"index","follow":"follow","max-snippet":"max-snippet:-1","max-image-preview":"max-image-preview:large","max-video-preview":"max-video-preview:-1"},"canonical":"https:\/\/fetalaconca.cat\/es\/producte\/pa-despelta\/","og_locale":"es_ES","og_type":"article","og_title":"Pa d'espelta - Fet a la Conca","og_description":"Pa d\u2019espelta | Cal Tullet Pa molt nutritiu amb molt poc gluten i f\u00e0cil de digerir gr\u00e0cies a la llarga fermentaci\u00f3 en fred. ORIGEN: La Conca de Barber\u00e0. INGREDIENTS Massa mare + farina de blat espelta + sal + llevat AL\u00b7L\u00c8RGENS  IDEAL\u2026 Pels qui busquen opcions baixes en gluten. Per qualsevol \u00e0pat o aperitiu.  &nbsp;  \ud83d\udcaa\ud83c\udffc Fomentem el consum local, estimem la nostra terra a trav\u00e9s dels nostres productes! \ud83d\udc9b","og_url":"https:\/\/fetalaconca.cat\/es\/producte\/pa-despelta\/","og_site_name":"Fet a la Conca","article_publisher":"https:\/\/www.facebook.com\/fetalaconca\/","article_modified_time":"2024-04-14T09:10:49+00:00","og_image":[{"width":400,"height":400,"url":"https:\/\/fetalaconca.cat\/wp-content\/uploads\/2020\/02\/logo_pegatina_400.png","type":"image\/png"}],"twitter_card":"summary_large_image","twitter_site":"@fetalaconca","twitter_misc":{"Tiempo de lectura":"1 minuto"},"schema":{"@context":"https:\/\/schema.org","@graph":[{"@type":"WebPage","@id":"https:\/\/fetalaconca.cat\/es\/producte\/pa-despelta\/","url":"https:\/\/fetalaconca.cat\/es\/producte\/pa-despelta\/","name":"Pa d'espelta - Fet a la Conca","isPartOf":{"@id":"https:\/\/fetalaconca.cat\/es\/#website"},"datePublished":"2020-03-18T16:45:05+00:00","dateModified":"2024-04-14T09:10:49+00:00","breadcrumb":{"@id":"https:\/\/fetalaconca.cat\/es\/producte\/pa-despelta\/#breadcrumb"},"inLanguage":"es","potentialAction":[{"@type":"ReadAction","target":["https:\/\/fetalaconca.cat\/es\/producte\/pa-despelta\/"]}]},{"@type":"BreadcrumbList","@id":"https:\/\/fetalaconca.cat\/es\/producte\/pa-despelta\/#breadcrumb","itemListElement":[{"@type":"ListItem","position":1,"name":"Inici","item":"https:\/\/fetalaconca.cat\/es\/"},{"@type":"ListItem","position":2,"name":"Tienda","item":"https:\/\/fetalaconca.cat\/es\/tienda\/"},{"@type":"ListItem","position":3,"name":"Pa d&#8217;espelta"}]},{"@type":"WebSite","@id":"https:\/\/fetalaconca.cat\/es\/#website","url":"https:\/\/fetalaconca.cat\/es\/","name":"Fet a la Conca","description":"Qualitat alimen\u00e0ria","publisher":{"@id":"https:\/\/fetalaconca.cat\/es\/#organization"},"potentialAction":[{"@type":"SearchAction","target":{"@type":"EntryPoint","urlTemplate":"https:\/\/fetalaconca.cat\/es\/?s={search_term_string}"},"query-input":{"@type":"PropertyValueSpecification","valueRequired":true,"valueName":"search_term_string"}}],"inLanguage":"es"},{"@type":"Organization","@id":"https:\/\/fetalaconca.cat\/es\/#organization","name":"Fet a la Conca","url":"https:\/\/fetalaconca.cat\/es\/","logo":{"@type":"ImageObject","inLanguage":"es","@id":"https:\/\/fetalaconca.cat\/es\/#\/schema\/logo\/image\/","url":"https:\/\/fetalaconca.cat\/wp-content\/uploads\/2020\/02\/logo_pegatina_400.png","contentUrl":"https:\/\/fetalaconca.cat\/wp-content\/uploads\/2020\/02\/logo_pegatina_400.png","width":400,"height":400,"caption":"Fet a la Conca"},"image":{"@id":"https:\/\/fetalaconca.cat\/es\/#\/schema\/logo\/image\/"},"sameAs":["https:\/\/www.facebook.com\/fetalaconca\/","https:\/\/x.com\/fetalaconca","https:\/\/www.instagram.com\/fetalaconca\/"]}]}},"_links":{"self":[{"href":"https:\/\/fetalaconca.cat\/es\/wp-json\/wp\/v2\/product\/2690","targetHints":{"allow":["GET"]}}],"collection":[{"href":"https:\/\/fetalaconca.cat\/es\/wp-json\/wp\/v2\/product"}],"about":[{"href":"https:\/\/fetalaconca.cat\/es\/wp-json\/wp\/v2\/types\/product"}],"wp:attachment":[{"href":"https:\/\/fetalaconca.cat\/es\/wp-json\/wp\/v2\/media?parent=2690"}],"wp:term":[{"taxonomy":"product_brand","embeddable":true,"href":"https:\/\/fetalaconca.cat\/es\/wp-json\/wp\/v2\/product_brand?post=2690"},{"taxonomy":"product_cat","embeddable":true,"href":"https:\/\/fetalaconca.cat\/es\/wp-json\/wp\/v2\/product_cat?post=2690"},{"taxonomy":"product_tag","embeddable":true,"href":"https:\/\/fetalaconca.cat\/es\/wp-json\/wp\/v2\/product_tag?post=2690"}],"curies":[{"name":"wp","href":"https:\/\/api.w.org\/{rel}","templated":true}]}}