{"id":3218,"date":"2020-05-17T11:46:02","date_gmt":"2020-05-17T11:46:02","guid":{"rendered":"https:\/\/fetalaconca.cat\/?post_type=product&#038;p=3218"},"modified":"2025-05-06T08:21:08","modified_gmt":"2025-05-06T08:21:08","slug":"gustumrecepta-1","status":"publish","type":"product","link":"https:\/\/fetalaconca.cat\/es\/producte\/gustumrecepta-1\/","title":{"rendered":"GustumRecepta 1"},"content":{"rendered":"<h4><strong>Coca de botifarra negra, poma i formatge, amb amanida i vinagreta de mel amb safr\u00e0<\/strong><\/h4>\n<div>Us presentem la iniciativa &#8216;<b>La GustumRecepta<\/b>&#8216;, una\u00a0proposta\u00a0 que sorgeix despr\u00e9s de l&#8217;impacte econ\u00f2mic que pateix el sector de la restauraci\u00f3, el turisme i el petit comer\u00e7 per la crisi de la Covid-19, moment en el qual la cuina s&#8217;ha convertit en una de les activitats m\u00e9s populars per a fer durant aquests mesos.<\/div>\n<div>\n<div><\/div>\n<div>Aquesta iniciativa est\u00e0 impulsada pel\u00a0projecte de cooperaci\u00f3\u00a0<a title=\"www.gustum.org\" href=\"https:\/\/www.gustum.org\" target=\"_blank\" rel=\"noopener noreferrer\">Gustum<\/a>, coordinat per l\u2019<a title=\"www.leaderponent.cat\" href=\"https:\/\/www.leaderponent.cat\" target=\"_blank\" rel=\"noopener noreferrer\">Associaci\u00f3 Leader de Ponent<\/a>\u00a0i en el que hi col\u00b7laboren els altres Grups d\u2018Acci\u00f3 Local de Catalunya.<\/div>\n<div><\/div>\n<div>Amb &#8216;<b>La GustumRecepta<\/b>&#8216; volem donar a con\u00e8ixer productors i elaboradors de proximitat a trav\u00e9s de receptes f\u00e0cils i r\u00e0pides per fer a casa. Els plats que cuinaran diferents xefs del territori, s&#8217;elaboraran amb productes locals que es podran comprar amb un lot pensat per a l&#8217;elaboraci\u00f3 de cada recepta.<\/div>\n<div><\/div>\n<div>Un altre dels objectius d\u2019aquesta iniciativa \u00e9s donar suport a entitats i\/o associacions de productors del territori, i \u00e9s per aix\u00f2 que, en aquesta primera v\u00eddeorecepta col\u00b7laborem\u00a0<a title=\"www.fetalaconca.cat\" href=\"https:\/\/www.fetalaconca.cat\" target=\"_blank\" rel=\"noopener noreferrer\">Fet a la Conca<\/a>, encarregant-nos de preparar i distribuir els lots.<\/div>\n<div><\/div>\n<div>La primera v\u00eddeorecepta \u00e9s una\u00a0<b>Coca de botifarra negra, poma\u00a0<\/b><b>i formatge, amb amanida i vinagreta de mel amb safr\u00e0<\/b>, que elaboraran els xefs Joan Marco i Rosa Ter\u00e9s, del restaurant Cal Menut de Belianes. Els productes que s&#8217;utilitzen per a l&#8217;elaboraci\u00f3 del plat els teniu a l&#8217;apartat d&#8217;INGREDIENTS. En la seva majoria aquests estan sota la marca FET A LA CONCA, per\u00f2 tamb\u00e9 hem comptat amb la col\u00b7laboraci\u00f3 d&#8217;elaboradors d&#8217;altres zones i aix\u00ed poder-vos oferir tots aquests productes de manera conjunta. El v\u00eddeo de la recepta es pot consultar <b>AQU\u00cd<\/b>.<\/div>\n<div><\/div>\n<div>Els enviaments d\u2019aquests lots es faran una vegada per setmana (divendres o dissabte) i es limitaran a les comarques de l\u2019Urgell, les Garrigues i la Conca de Barber\u00e0 per q\u00fcestions log\u00edstiques. La data l\u00edmit per adquirir-los\u00a0\u00e9s<b>\u00a0el dia 4 de juny<\/b>.<\/div>\n<\/div>\n","protected":false},"excerpt":{"rendered":"<p>Lot de productes per la GustumRecepta: Coca de botifarra negra, poma i formatge, amb amanida i vinagreta de mel amb safr\u00e0.<\/p>\n<p><strong>NOM\u00c9S PER RESIDENTS A LES COMARQUES: GARRIGUES, URGELL I CONCA DE BARBER\u00c0<\/strong><\/p>\n<p><strong>Per a residents d&#8217;altres comarques abans de fer la comanda pose-vos en contacte amb nosaltres mitjan\u00e7ant el correu: <a href=\"mailto:info@fetalaconca.cat\">info@fetalaconca.cat<\/a>\u00a0<\/strong><\/p>\n<h2>Ingredients<\/h2>\n<p>1kg de farina de la Farinera de la Segarra<br \/>\n1\/2 kg formatge Sant Gil d&#8217;Albi\u00f3<br \/>\n1 botifarra negra de Ca la Cova<br \/>\n1 vinagre cabernet amb mel i safr\u00e0 Aromis 250 ml<br \/>\n1 oli d&#8217;liva Verge Extra de la Cooperativa d&#8217;Arbeca 250 ml<br \/>\n1 ampolla de vi eco Agaliu de la Cooperativa l&#8217;Olivera<\/p>\n","protected":false},"featured_media":3219,"template":"","meta":[],"product_brand":[],"product_cat":[15],"product_tag":[],"class_list":{"0":"post-3218","1":"product","2":"type-product","3":"status-publish","4":"has-post-thumbnail","6":"product_cat-sense-categoria","8":"first","9":"outofstock","10":"taxable","11":"shipping-taxable","12":"purchasable","13":"product-type-simple"},"brands":[],"yoast_head":"<!-- This site is optimized with the Yoast SEO plugin v25.2 - https:\/\/yoast.com\/wordpress\/plugins\/seo\/ -->\n<title>GustumRecepta 1 - Fet a la Conca<\/title>\n<meta name=\"robots\" content=\"index, follow, max-snippet:-1, max-image-preview:large, max-video-preview:-1\" \/>\n<link rel=\"canonical\" href=\"https:\/\/fetalaconca.cat\/es\/producte\/gustumrecepta-1\/\" \/>\n<meta property=\"og:locale\" content=\"es_ES\" \/>\n<meta property=\"og:type\" content=\"article\" \/>\n<meta property=\"og:title\" content=\"GustumRecepta 1 - Fet a la Conca\" \/>\n<meta property=\"og:description\" content=\"Lot de productes per la GustumRecepta: Coca de botifarra negra, poma i formatge, amb amanida i vinagreta de mel amb safr\u00e0.  NOM\u00c9S PER RESIDENTS A LES COMARQUES: GARRIGUES, URGELL I CONCA DE BARBER\u00c0  Per a residents d&#039;altres comarques abans de fer la comanda pose-vos en contacte amb nosaltres mitjan\u00e7ant el correu: info@fetalaconca.cat\u00a0 Ingredients 1kg de farina de la Farinera de la Segarra 1\/2 kg formatge Sant Gil d&#039;Albi\u00f3 1 botifarra negra de Ca la Cova 1 vinagre cabernet amb mel i safr\u00e0 Aromis 250 ml 1 oli d&#039;liva Verge Extra de la Cooperativa d&#039;Arbeca 250 ml 1 ampolla de vi eco Agaliu de la Cooperativa l&#039;Olivera\" \/>\n<meta property=\"og:url\" content=\"https:\/\/fetalaconca.cat\/es\/producte\/gustumrecepta-1\/\" \/>\n<meta property=\"og:site_name\" content=\"Fet a la Conca\" \/>\n<meta property=\"article:publisher\" content=\"https:\/\/www.facebook.com\/fetalaconca\/\" \/>\n<meta property=\"article:modified_time\" content=\"2025-05-06T08:21:08+00:00\" \/>\n<meta property=\"og:image\" content=\"https:\/\/fetalaconca.cat\/wp-content\/uploads\/2020\/05\/Lot_GustumRecepta_1-scaled.jpg\" \/>\n\t<meta property=\"og:image:width\" content=\"2560\" \/>\n\t<meta property=\"og:image:height\" content=\"2105\" \/>\n\t<meta property=\"og:image:type\" content=\"image\/jpeg\" \/>\n<meta name=\"twitter:card\" content=\"summary_large_image\" \/>\n<meta name=\"twitter:site\" content=\"@fetalaconca\" \/>\n<meta name=\"twitter:label1\" content=\"Tiempo de lectura\" \/>\n\t<meta name=\"twitter:data1\" content=\"2 minutos\" \/>\n<script type=\"application\/ld+json\" class=\"yoast-schema-graph\">{\"@context\":\"https:\/\/schema.org\",\"@graph\":[{\"@type\":\"WebPage\",\"@id\":\"https:\/\/fetalaconca.cat\/es\/producte\/gustumrecepta-1\/\",\"url\":\"https:\/\/fetalaconca.cat\/es\/producte\/gustumrecepta-1\/\",\"name\":\"GustumRecepta 1 - Fet a la Conca\",\"isPartOf\":{\"@id\":\"https:\/\/fetalaconca.cat\/es\/#website\"},\"primaryImageOfPage\":{\"@id\":\"https:\/\/fetalaconca.cat\/es\/producte\/gustumrecepta-1\/#primaryimage\"},\"image\":{\"@id\":\"https:\/\/fetalaconca.cat\/es\/producte\/gustumrecepta-1\/#primaryimage\"},\"thumbnailUrl\":\"https:\/\/fetalaconca.cat\/wp-content\/uploads\/2020\/05\/Lot_GustumRecepta_1-scaled.jpg\",\"datePublished\":\"2020-05-17T11:46:02+00:00\",\"dateModified\":\"2025-05-06T08:21:08+00:00\",\"breadcrumb\":{\"@id\":\"https:\/\/fetalaconca.cat\/es\/producte\/gustumrecepta-1\/#breadcrumb\"},\"inLanguage\":\"es\",\"potentialAction\":[{\"@type\":\"ReadAction\",\"target\":[\"https:\/\/fetalaconca.cat\/es\/producte\/gustumrecepta-1\/\"]}]},{\"@type\":\"ImageObject\",\"inLanguage\":\"es\",\"@id\":\"https:\/\/fetalaconca.cat\/es\/producte\/gustumrecepta-1\/#primaryimage\",\"url\":\"https:\/\/fetalaconca.cat\/wp-content\/uploads\/2020\/05\/Lot_GustumRecepta_1-scaled.jpg\",\"contentUrl\":\"https:\/\/fetalaconca.cat\/wp-content\/uploads\/2020\/05\/Lot_GustumRecepta_1-scaled.jpg\",\"width\":2560,\"height\":2105},{\"@type\":\"BreadcrumbList\",\"@id\":\"https:\/\/fetalaconca.cat\/es\/producte\/gustumrecepta-1\/#breadcrumb\",\"itemListElement\":[{\"@type\":\"ListItem\",\"position\":1,\"name\":\"Inici\",\"item\":\"https:\/\/fetalaconca.cat\/es\/\"},{\"@type\":\"ListItem\",\"position\":2,\"name\":\"Tienda\",\"item\":\"https:\/\/fetalaconca.cat\/es\/tienda\/\"},{\"@type\":\"ListItem\",\"position\":3,\"name\":\"GustumRecepta 1\"}]},{\"@type\":\"WebSite\",\"@id\":\"https:\/\/fetalaconca.cat\/es\/#website\",\"url\":\"https:\/\/fetalaconca.cat\/es\/\",\"name\":\"Fet a la Conca\",\"description\":\"Qualitat alimen\u00e0ria\",\"publisher\":{\"@id\":\"https:\/\/fetalaconca.cat\/es\/#organization\"},\"potentialAction\":[{\"@type\":\"SearchAction\",\"target\":{\"@type\":\"EntryPoint\",\"urlTemplate\":\"https:\/\/fetalaconca.cat\/es\/?s={search_term_string}\"},\"query-input\":{\"@type\":\"PropertyValueSpecification\",\"valueRequired\":true,\"valueName\":\"search_term_string\"}}],\"inLanguage\":\"es\"},{\"@type\":\"Organization\",\"@id\":\"https:\/\/fetalaconca.cat\/es\/#organization\",\"name\":\"Fet a la Conca\",\"url\":\"https:\/\/fetalaconca.cat\/es\/\",\"logo\":{\"@type\":\"ImageObject\",\"inLanguage\":\"es\",\"@id\":\"https:\/\/fetalaconca.cat\/es\/#\/schema\/logo\/image\/\",\"url\":\"https:\/\/fetalaconca.cat\/wp-content\/uploads\/2020\/02\/logo_pegatina_400.png\",\"contentUrl\":\"https:\/\/fetalaconca.cat\/wp-content\/uploads\/2020\/02\/logo_pegatina_400.png\",\"width\":400,\"height\":400,\"caption\":\"Fet a la Conca\"},\"image\":{\"@id\":\"https:\/\/fetalaconca.cat\/es\/#\/schema\/logo\/image\/\"},\"sameAs\":[\"https:\/\/www.facebook.com\/fetalaconca\/\",\"https:\/\/x.com\/fetalaconca\",\"https:\/\/www.instagram.com\/fetalaconca\/\"]}]}<\/script>\n<!-- \/ Yoast SEO plugin. -->","yoast_head_json":{"title":"GustumRecepta 1 - Fet a la Conca","robots":{"index":"index","follow":"follow","max-snippet":"max-snippet:-1","max-image-preview":"max-image-preview:large","max-video-preview":"max-video-preview:-1"},"canonical":"https:\/\/fetalaconca.cat\/es\/producte\/gustumrecepta-1\/","og_locale":"es_ES","og_type":"article","og_title":"GustumRecepta 1 - Fet a la Conca","og_description":"Lot de productes per la GustumRecepta: Coca de botifarra negra, poma i formatge, amb amanida i vinagreta de mel amb safr\u00e0.  NOM\u00c9S PER RESIDENTS A LES COMARQUES: GARRIGUES, URGELL I CONCA DE BARBER\u00c0  Per a residents d'altres comarques abans de fer la comanda pose-vos en contacte amb nosaltres mitjan\u00e7ant el correu: info@fetalaconca.cat\u00a0 Ingredients 1kg de farina de la Farinera de la Segarra 1\/2 kg formatge Sant Gil d'Albi\u00f3 1 botifarra negra de Ca la Cova 1 vinagre cabernet amb mel i safr\u00e0 Aromis 250 ml 1 oli d'liva Verge Extra de la Cooperativa d'Arbeca 250 ml 1 ampolla de vi eco Agaliu de la Cooperativa l'Olivera","og_url":"https:\/\/fetalaconca.cat\/es\/producte\/gustumrecepta-1\/","og_site_name":"Fet a la Conca","article_publisher":"https:\/\/www.facebook.com\/fetalaconca\/","article_modified_time":"2025-05-06T08:21:08+00:00","og_image":[{"width":2560,"height":2105,"url":"https:\/\/fetalaconca.cat\/wp-content\/uploads\/2020\/05\/Lot_GustumRecepta_1-scaled.jpg","type":"image\/jpeg"}],"twitter_card":"summary_large_image","twitter_site":"@fetalaconca","twitter_misc":{"Tiempo de lectura":"2 minutos"},"schema":{"@context":"https:\/\/schema.org","@graph":[{"@type":"WebPage","@id":"https:\/\/fetalaconca.cat\/es\/producte\/gustumrecepta-1\/","url":"https:\/\/fetalaconca.cat\/es\/producte\/gustumrecepta-1\/","name":"GustumRecepta 1 - Fet a la Conca","isPartOf":{"@id":"https:\/\/fetalaconca.cat\/es\/#website"},"primaryImageOfPage":{"@id":"https:\/\/fetalaconca.cat\/es\/producte\/gustumrecepta-1\/#primaryimage"},"image":{"@id":"https:\/\/fetalaconca.cat\/es\/producte\/gustumrecepta-1\/#primaryimage"},"thumbnailUrl":"https:\/\/fetalaconca.cat\/wp-content\/uploads\/2020\/05\/Lot_GustumRecepta_1-scaled.jpg","datePublished":"2020-05-17T11:46:02+00:00","dateModified":"2025-05-06T08:21:08+00:00","breadcrumb":{"@id":"https:\/\/fetalaconca.cat\/es\/producte\/gustumrecepta-1\/#breadcrumb"},"inLanguage":"es","potentialAction":[{"@type":"ReadAction","target":["https:\/\/fetalaconca.cat\/es\/producte\/gustumrecepta-1\/"]}]},{"@type":"ImageObject","inLanguage":"es","@id":"https:\/\/fetalaconca.cat\/es\/producte\/gustumrecepta-1\/#primaryimage","url":"https:\/\/fetalaconca.cat\/wp-content\/uploads\/2020\/05\/Lot_GustumRecepta_1-scaled.jpg","contentUrl":"https:\/\/fetalaconca.cat\/wp-content\/uploads\/2020\/05\/Lot_GustumRecepta_1-scaled.jpg","width":2560,"height":2105},{"@type":"BreadcrumbList","@id":"https:\/\/fetalaconca.cat\/es\/producte\/gustumrecepta-1\/#breadcrumb","itemListElement":[{"@type":"ListItem","position":1,"name":"Inici","item":"https:\/\/fetalaconca.cat\/es\/"},{"@type":"ListItem","position":2,"name":"Tienda","item":"https:\/\/fetalaconca.cat\/es\/tienda\/"},{"@type":"ListItem","position":3,"name":"GustumRecepta 1"}]},{"@type":"WebSite","@id":"https:\/\/fetalaconca.cat\/es\/#website","url":"https:\/\/fetalaconca.cat\/es\/","name":"Fet a la Conca","description":"Qualitat alimen\u00e0ria","publisher":{"@id":"https:\/\/fetalaconca.cat\/es\/#organization"},"potentialAction":[{"@type":"SearchAction","target":{"@type":"EntryPoint","urlTemplate":"https:\/\/fetalaconca.cat\/es\/?s={search_term_string}"},"query-input":{"@type":"PropertyValueSpecification","valueRequired":true,"valueName":"search_term_string"}}],"inLanguage":"es"},{"@type":"Organization","@id":"https:\/\/fetalaconca.cat\/es\/#organization","name":"Fet a la Conca","url":"https:\/\/fetalaconca.cat\/es\/","logo":{"@type":"ImageObject","inLanguage":"es","@id":"https:\/\/fetalaconca.cat\/es\/#\/schema\/logo\/image\/","url":"https:\/\/fetalaconca.cat\/wp-content\/uploads\/2020\/02\/logo_pegatina_400.png","contentUrl":"https:\/\/fetalaconca.cat\/wp-content\/uploads\/2020\/02\/logo_pegatina_400.png","width":400,"height":400,"caption":"Fet a la Conca"},"image":{"@id":"https:\/\/fetalaconca.cat\/es\/#\/schema\/logo\/image\/"},"sameAs":["https:\/\/www.facebook.com\/fetalaconca\/","https:\/\/x.com\/fetalaconca","https:\/\/www.instagram.com\/fetalaconca\/"]}]}},"_links":{"self":[{"href":"https:\/\/fetalaconca.cat\/es\/wp-json\/wp\/v2\/product\/3218","targetHints":{"allow":["GET"]}}],"collection":[{"href":"https:\/\/fetalaconca.cat\/es\/wp-json\/wp\/v2\/product"}],"about":[{"href":"https:\/\/fetalaconca.cat\/es\/wp-json\/wp\/v2\/types\/product"}],"wp:featuredmedia":[{"embeddable":true,"href":"https:\/\/fetalaconca.cat\/es\/wp-json\/wp\/v2\/media\/3219"}],"wp:attachment":[{"href":"https:\/\/fetalaconca.cat\/es\/wp-json\/wp\/v2\/media?parent=3218"}],"wp:term":[{"taxonomy":"product_brand","embeddable":true,"href":"https:\/\/fetalaconca.cat\/es\/wp-json\/wp\/v2\/product_brand?post=3218"},{"taxonomy":"product_cat","embeddable":true,"href":"https:\/\/fetalaconca.cat\/es\/wp-json\/wp\/v2\/product_cat?post=3218"},{"taxonomy":"product_tag","embeddable":true,"href":"https:\/\/fetalaconca.cat\/es\/wp-json\/wp\/v2\/product_tag?post=3218"}],"curies":[{"name":"wp","href":"https:\/\/api.w.org\/{rel}","templated":true}]}}