{"id":4314,"date":"2020-03-01T18:02:46","date_gmt":"2020-12-22T12:31:11","guid":{"rendered":"https:\/\/fetalaconca.cat\/producte\/coca-de-es-la-cueva\/"},"modified":"2020-12-22T16:26:52","modified_gmt":"2020-12-22T16:26:52","slug":"coca-de-ca-la-cova","status":"publish","type":"product","link":"https:\/\/fetalaconca.cat\/es\/producte\/coca-de-ca-la-cova\/","title":{"rendered":"&#8216;Coca&#8217; de embutido curado | Ca la Cova"},"content":{"rendered":"<h1><strong>Hacemos territorio, consumimos productos de km0. \ud83d\udc9a Productos de proximidad<em> made in<\/em> La Conca de Barber\u00e0.<\/strong><\/h1>\n<h2>CA LA COVA<\/h2>\n<p>En Ca la Cova son artesanos de la carnicer\u00eda, charcuter\u00eda y charcuter\u00eda, desde 1937. Es un negocio familiar nacido en Vimbod\u00ed y Poblet.<\/p>\n<p>Actualmente est\u00e1 liderado por la tercera generaci\u00f3n, Natalia. Ella ha centrado el compromiso diario de aplicar todos los valores aprendidos de peque\u00f1a. Desde el a\u00f1o 2014 es miembro de la Confraria del Gras i el Magre de Catalunya y forma parte de la junta del Gremio de Carniceros de Tarragona. [&#8230;]<a href=\"https:\/\/fetalaconca.cat\/es\/cooperativa\/ca-la-cova\/\"> Lee m\u00e1s.<\/a><\/p>\n<p><strong><br \/>\nCONTACTO:<\/strong><\/p>\n<p>C \/ Mayor, 72<br \/>\n43430 Vimbod\u00ed y Poblet<br \/>\n<a href=\"tel:+34977878273\">977 878 273<\/a><br \/>\n<a href=\"mailto:natalia@calacova.cat\">natalia@calacova.cat<\/a><br \/>\n<a href=\"http:\/\/www.calacova.cat\/\" target=\"_blank\" rel=\"noopener noreferrer\">www.calacova.cat<\/a><\/p>\n","protected":false},"excerpt":{"rendered":"<h4><strong>Embutido artesanal curado<\/strong> &#8216;Tipo salchich\u00f3n \/ secallona&#8217; en forma de torta.<\/h4>\n<h2>ORIGEN:<\/h2>\n<p>La Conca de Barber\u00e0.<\/p>\n<h2>INGREDIENTES<\/h2>\n<p>Carne de cerdo + sal + pimienta + especias y aromas naturales + dextrosa + lactosa + leche desnatada en polvo + E261i + E316 + E250.<\/p>\n<h2>ALERGENOS<\/h2>\n<ul>\n<li>lactosa<\/li>\n<\/ul>\n<h2>IDEAL &#8230;<\/h2>\n<ul>\n<li>Para los amantes de los bocadillos con buen condimento!<\/li>\n<li>Para los m\u00e1s pr\u00e1cticos. corta un<em> pedacito<\/em> de &#8216;coca&#8217;, y te queda un relleno para el bocadillo excelente!<\/li>\n<\/ul>\n<blockquote><p>\ud83d\udcaa\ud83c\udffc Fomentamos el consumo local, amamos nuestra tierra a trav\u00e9s de nuestros productos! \ud83d\udc9b<\/p><\/blockquote>\n","protected":false},"featured_media":6084,"template":"","meta":[],"product_brand":[],"product_cat":[121],"product_tag":[196],"class_list":{"0":"post-4314","1":"product","2":"type-product","3":"status-publish","4":"has-post-thumbnail","6":"pwb-brand-ca-la-cova-es","7":"product_cat-embutidos","8":"product_tag-embotit-es","10":"first","11":"instock","12":"taxable","13":"shipping-taxable","14":"purchasable","15":"product-type-simple"},"brands":[{"id":163,"name":"Ca la Cova","slug":"ca-la-cova-es"}],"yoast_head":"<!-- This site is optimized with the Yoast SEO plugin v25.2 - https:\/\/yoast.com\/wordpress\/plugins\/seo\/ -->\n<title>&#039;Coca&#039; de embutido curado de elaboraci\u00f3n artesanal | Ca la Cueva<\/title>\n<meta name=\"description\" content=\"NOVEDAD! Descubre la &#039;Coca&#039; de embutido curado de elaboraci\u00f3n artesanal, productores de embutidos artesanos de Fet a la Conca.\" \/>\n<meta name=\"robots\" content=\"index, follow, max-snippet:-1, max-image-preview:large, max-video-preview:-1\" \/>\n<link rel=\"canonical\" href=\"https:\/\/fetalaconca.cat\/es\/producte\/coca-de-ca-la-cova\/\" \/>\n<meta property=\"og:locale\" content=\"es_ES\" \/>\n<meta property=\"og:type\" content=\"article\" \/>\n<meta property=\"og:title\" content=\"&#039;Coca&#039; de embutido curado de elaboraci\u00f3n artesanal | Ca la Cueva\" \/>\n<meta property=\"og:description\" content=\"NOVEDAD! Descubre la &#039;Coca&#039; de embutido curado de elaboraci\u00f3n artesanal, productores de embutidos artesanos de Fet a la Conca.\" \/>\n<meta property=\"og:url\" content=\"https:\/\/fetalaconca.cat\/es\/producte\/coca-de-ca-la-cova\/\" \/>\n<meta property=\"og:site_name\" content=\"Fet a la Conca\" \/>\n<meta property=\"article:publisher\" content=\"https:\/\/www.facebook.com\/fetalaconca\/\" \/>\n<meta property=\"article:modified_time\" content=\"2020-12-22T16:26:52+00:00\" \/>\n<meta property=\"og:image\" content=\"https:\/\/fetalaconca.cat\/wp-content\/uploads\/2020\/03\/Coca-de-Ca-la-Cova-1-scaled.jpg\" \/>\n\t<meta property=\"og:image:width\" content=\"2560\" \/>\n\t<meta property=\"og:image:height\" content=\"1920\" \/>\n\t<meta property=\"og:image:type\" content=\"image\/jpeg\" \/>\n<meta name=\"twitter:card\" content=\"summary_large_image\" \/>\n<meta name=\"twitter:site\" content=\"@fetalaconca\" \/>\n<meta name=\"twitter:label1\" content=\"Tiempo de lectura\" \/>\n\t<meta name=\"twitter:data1\" content=\"1 minuto\" \/>\n<script type=\"application\/ld+json\" class=\"yoast-schema-graph\">{\"@context\":\"https:\/\/schema.org\",\"@graph\":[{\"@type\":\"WebPage\",\"@id\":\"https:\/\/fetalaconca.cat\/es\/producte\/coca-de-ca-la-cova\/\",\"url\":\"https:\/\/fetalaconca.cat\/es\/producte\/coca-de-ca-la-cova\/\",\"name\":\"'Coca' de embutido curado de elaboraci\u00f3n artesanal | Ca la Cueva\",\"isPartOf\":{\"@id\":\"https:\/\/fetalaconca.cat\/es\/#website\"},\"primaryImageOfPage\":{\"@id\":\"https:\/\/fetalaconca.cat\/es\/producte\/coca-de-ca-la-cova\/#primaryimage\"},\"image\":{\"@id\":\"https:\/\/fetalaconca.cat\/es\/producte\/coca-de-ca-la-cova\/#primaryimage\"},\"thumbnailUrl\":\"https:\/\/fetalaconca.cat\/wp-content\/uploads\/2020\/03\/Coca-de-Ca-la-Cova-1-scaled.jpg\",\"datePublished\":\"2020-12-22T12:31:11+00:00\",\"dateModified\":\"2020-12-22T16:26:52+00:00\",\"description\":\"NOVEDAD! Descubre la 'Coca' de embutido curado de elaboraci\u00f3n artesanal, productores de embutidos artesanos de Fet a la Conca.\",\"breadcrumb\":{\"@id\":\"https:\/\/fetalaconca.cat\/es\/producte\/coca-de-ca-la-cova\/#breadcrumb\"},\"inLanguage\":\"es\",\"potentialAction\":[{\"@type\":\"ReadAction\",\"target\":[\"https:\/\/fetalaconca.cat\/es\/producte\/coca-de-ca-la-cova\/\"]}]},{\"@type\":\"ImageObject\",\"inLanguage\":\"es\",\"@id\":\"https:\/\/fetalaconca.cat\/es\/producte\/coca-de-ca-la-cova\/#primaryimage\",\"url\":\"https:\/\/fetalaconca.cat\/wp-content\/uploads\/2020\/03\/Coca-de-Ca-la-Cova-1-scaled.jpg\",\"contentUrl\":\"https:\/\/fetalaconca.cat\/wp-content\/uploads\/2020\/03\/Coca-de-Ca-la-Cova-1-scaled.jpg\",\"width\":2560,\"height\":1920},{\"@type\":\"BreadcrumbList\",\"@id\":\"https:\/\/fetalaconca.cat\/es\/producte\/coca-de-ca-la-cova\/#breadcrumb\",\"itemListElement\":[{\"@type\":\"ListItem\",\"position\":1,\"name\":\"Inici\",\"item\":\"https:\/\/fetalaconca.cat\/es\/\"},{\"@type\":\"ListItem\",\"position\":2,\"name\":\"Tienda\",\"item\":\"https:\/\/fetalaconca.cat\/es\/tienda\/\"},{\"@type\":\"ListItem\",\"position\":3,\"name\":\"&#8216;Coca&#8217; de embutido curado | Ca la Cova\"}]},{\"@type\":\"WebSite\",\"@id\":\"https:\/\/fetalaconca.cat\/es\/#website\",\"url\":\"https:\/\/fetalaconca.cat\/es\/\",\"name\":\"Fet a la Conca\",\"description\":\"Qualitat alimen\u00e0ria\",\"publisher\":{\"@id\":\"https:\/\/fetalaconca.cat\/es\/#organization\"},\"potentialAction\":[{\"@type\":\"SearchAction\",\"target\":{\"@type\":\"EntryPoint\",\"urlTemplate\":\"https:\/\/fetalaconca.cat\/es\/?s={search_term_string}\"},\"query-input\":{\"@type\":\"PropertyValueSpecification\",\"valueRequired\":true,\"valueName\":\"search_term_string\"}}],\"inLanguage\":\"es\"},{\"@type\":\"Organization\",\"@id\":\"https:\/\/fetalaconca.cat\/es\/#organization\",\"name\":\"Fet a la Conca\",\"url\":\"https:\/\/fetalaconca.cat\/es\/\",\"logo\":{\"@type\":\"ImageObject\",\"inLanguage\":\"es\",\"@id\":\"https:\/\/fetalaconca.cat\/es\/#\/schema\/logo\/image\/\",\"url\":\"https:\/\/fetalaconca.cat\/wp-content\/uploads\/2020\/02\/logo_pegatina_400.png\",\"contentUrl\":\"https:\/\/fetalaconca.cat\/wp-content\/uploads\/2020\/02\/logo_pegatina_400.png\",\"width\":400,\"height\":400,\"caption\":\"Fet a la Conca\"},\"image\":{\"@id\":\"https:\/\/fetalaconca.cat\/es\/#\/schema\/logo\/image\/\"},\"sameAs\":[\"https:\/\/www.facebook.com\/fetalaconca\/\",\"https:\/\/x.com\/fetalaconca\",\"https:\/\/www.instagram.com\/fetalaconca\/\"]}]}<\/script>\n<!-- \/ Yoast SEO plugin. -->","yoast_head_json":{"title":"'Coca' de embutido curado de elaboraci\u00f3n artesanal | Ca la Cueva","description":"NOVEDAD! Descubre la 'Coca' de embutido curado de elaboraci\u00f3n artesanal, productores de embutidos artesanos de Fet a la Conca.","robots":{"index":"index","follow":"follow","max-snippet":"max-snippet:-1","max-image-preview":"max-image-preview:large","max-video-preview":"max-video-preview:-1"},"canonical":"https:\/\/fetalaconca.cat\/es\/producte\/coca-de-ca-la-cova\/","og_locale":"es_ES","og_type":"article","og_title":"'Coca' de embutido curado de elaboraci\u00f3n artesanal | Ca la Cueva","og_description":"NOVEDAD! Descubre la 'Coca' de embutido curado de elaboraci\u00f3n artesanal, productores de embutidos artesanos de Fet a la Conca.","og_url":"https:\/\/fetalaconca.cat\/es\/producte\/coca-de-ca-la-cova\/","og_site_name":"Fet a la Conca","article_publisher":"https:\/\/www.facebook.com\/fetalaconca\/","article_modified_time":"2020-12-22T16:26:52+00:00","og_image":[{"width":2560,"height":1920,"url":"https:\/\/fetalaconca.cat\/wp-content\/uploads\/2020\/03\/Coca-de-Ca-la-Cova-1-scaled.jpg","type":"image\/jpeg"}],"twitter_card":"summary_large_image","twitter_site":"@fetalaconca","twitter_misc":{"Tiempo de lectura":"1 minuto"},"schema":{"@context":"https:\/\/schema.org","@graph":[{"@type":"WebPage","@id":"https:\/\/fetalaconca.cat\/es\/producte\/coca-de-ca-la-cova\/","url":"https:\/\/fetalaconca.cat\/es\/producte\/coca-de-ca-la-cova\/","name":"'Coca' de embutido curado de elaboraci\u00f3n artesanal | Ca la Cueva","isPartOf":{"@id":"https:\/\/fetalaconca.cat\/es\/#website"},"primaryImageOfPage":{"@id":"https:\/\/fetalaconca.cat\/es\/producte\/coca-de-ca-la-cova\/#primaryimage"},"image":{"@id":"https:\/\/fetalaconca.cat\/es\/producte\/coca-de-ca-la-cova\/#primaryimage"},"thumbnailUrl":"https:\/\/fetalaconca.cat\/wp-content\/uploads\/2020\/03\/Coca-de-Ca-la-Cova-1-scaled.jpg","datePublished":"2020-12-22T12:31:11+00:00","dateModified":"2020-12-22T16:26:52+00:00","description":"NOVEDAD! Descubre la 'Coca' de embutido curado de elaboraci\u00f3n artesanal, productores de embutidos artesanos de Fet a la Conca.","breadcrumb":{"@id":"https:\/\/fetalaconca.cat\/es\/producte\/coca-de-ca-la-cova\/#breadcrumb"},"inLanguage":"es","potentialAction":[{"@type":"ReadAction","target":["https:\/\/fetalaconca.cat\/es\/producte\/coca-de-ca-la-cova\/"]}]},{"@type":"ImageObject","inLanguage":"es","@id":"https:\/\/fetalaconca.cat\/es\/producte\/coca-de-ca-la-cova\/#primaryimage","url":"https:\/\/fetalaconca.cat\/wp-content\/uploads\/2020\/03\/Coca-de-Ca-la-Cova-1-scaled.jpg","contentUrl":"https:\/\/fetalaconca.cat\/wp-content\/uploads\/2020\/03\/Coca-de-Ca-la-Cova-1-scaled.jpg","width":2560,"height":1920},{"@type":"BreadcrumbList","@id":"https:\/\/fetalaconca.cat\/es\/producte\/coca-de-ca-la-cova\/#breadcrumb","itemListElement":[{"@type":"ListItem","position":1,"name":"Inici","item":"https:\/\/fetalaconca.cat\/es\/"},{"@type":"ListItem","position":2,"name":"Tienda","item":"https:\/\/fetalaconca.cat\/es\/tienda\/"},{"@type":"ListItem","position":3,"name":"&#8216;Coca&#8217; de embutido curado | Ca la Cova"}]},{"@type":"WebSite","@id":"https:\/\/fetalaconca.cat\/es\/#website","url":"https:\/\/fetalaconca.cat\/es\/","name":"Fet a la Conca","description":"Qualitat alimen\u00e0ria","publisher":{"@id":"https:\/\/fetalaconca.cat\/es\/#organization"},"potentialAction":[{"@type":"SearchAction","target":{"@type":"EntryPoint","urlTemplate":"https:\/\/fetalaconca.cat\/es\/?s={search_term_string}"},"query-input":{"@type":"PropertyValueSpecification","valueRequired":true,"valueName":"search_term_string"}}],"inLanguage":"es"},{"@type":"Organization","@id":"https:\/\/fetalaconca.cat\/es\/#organization","name":"Fet a la Conca","url":"https:\/\/fetalaconca.cat\/es\/","logo":{"@type":"ImageObject","inLanguage":"es","@id":"https:\/\/fetalaconca.cat\/es\/#\/schema\/logo\/image\/","url":"https:\/\/fetalaconca.cat\/wp-content\/uploads\/2020\/02\/logo_pegatina_400.png","contentUrl":"https:\/\/fetalaconca.cat\/wp-content\/uploads\/2020\/02\/logo_pegatina_400.png","width":400,"height":400,"caption":"Fet a la Conca"},"image":{"@id":"https:\/\/fetalaconca.cat\/es\/#\/schema\/logo\/image\/"},"sameAs":["https:\/\/www.facebook.com\/fetalaconca\/","https:\/\/x.com\/fetalaconca","https:\/\/www.instagram.com\/fetalaconca\/"]}]}},"_links":{"self":[{"href":"https:\/\/fetalaconca.cat\/es\/wp-json\/wp\/v2\/product\/4314","targetHints":{"allow":["GET"]}}],"collection":[{"href":"https:\/\/fetalaconca.cat\/es\/wp-json\/wp\/v2\/product"}],"about":[{"href":"https:\/\/fetalaconca.cat\/es\/wp-json\/wp\/v2\/types\/product"}],"wp:featuredmedia":[{"embeddable":true,"href":"https:\/\/fetalaconca.cat\/es\/wp-json\/wp\/v2\/media\/6084"}],"wp:attachment":[{"href":"https:\/\/fetalaconca.cat\/es\/wp-json\/wp\/v2\/media?parent=4314"}],"wp:term":[{"taxonomy":"product_brand","embeddable":true,"href":"https:\/\/fetalaconca.cat\/es\/wp-json\/wp\/v2\/product_brand?post=4314"},{"taxonomy":"product_cat","embeddable":true,"href":"https:\/\/fetalaconca.cat\/es\/wp-json\/wp\/v2\/product_cat?post=4314"},{"taxonomy":"product_tag","embeddable":true,"href":"https:\/\/fetalaconca.cat\/es\/wp-json\/wp\/v2\/product_tag?post=4314"}],"curies":[{"name":"wp","href":"https:\/\/api.w.org\/{rel}","templated":true}]}}