{"id":4319,"date":"2020-03-01T18:02:48","date_gmt":"2020-12-22T16:57:51","guid":{"rendered":"https:\/\/fetalaconca.cat\/producte\/azafran-en-hebras-clase-y-1-gr-para-unas-80-dosis\/"},"modified":"2020-12-22T17:01:26","modified_gmt":"2020-12-22T17:01:26","slug":"azafran-en-hebras-clase-y-1-gr-para-unas-80-dosis","status":"publish","type":"product","link":"https:\/\/fetalaconca.cat\/es\/producte\/azafran-en-hebras-clase-y-1-gr-para-unas-80-dosis\/","title":{"rendered":"Azafr\u00e1n en hebras clase I (1g) | Aromis de la Conca"},"content":{"rendered":"<h1><strong>Hacemos territorio, consumimos productos de km0. \ud83d\udc9a Productos de proximidad<em> made in<\/em> La Conca de Barber\u00e0.<\/strong><\/h1>\n<h2>AROMIS DE LA CONCA<\/h2>\n<p>Su proyecto surge de la ilusi\u00f3n de volver a producir azafr\u00e1n en la Conca de Barber\u00e0, como se hab\u00eda hecho desde la \u00e9poca medieval. La Conca de Barber\u00e0 y la Baja Segarra hab\u00edan sido importantes centros productores y comercializadores de azafr\u00e1n hasta comienzos del siglo XX. [&#8230;] <a href=\"https:\/\/fetalaconca.cat\/es\/cooperativa\/aromis\/\">Lee m\u00e1s.<\/a><\/p>\n<p><strong>CONTACTO:<\/strong><\/p>\n<p>C \/ Maestro Cabr\u00e9, 9<br \/>\n43400 Montblanc<br \/>\n<a href=\"tel:+34977860910\">977 860 910<\/a><br \/>\n<a href=\"tel:+34696718135\">696 718 135<\/a><br \/>\n<a href=\"mailto:info@aromis.cat\">info@aromis.cat<\/a><br \/>\n<a href=\"http:\/\/www.aromis.cat\/\" target=\"_blank\" rel=\"noopener noreferrer\">www.aromis.cat<\/a><\/p>\n","protected":false},"excerpt":{"rendered":"<h4><strong>Hebras de azafr\u00e1n<\/strong> obtenidos mediante procedimientos tradicionales con un control estricto tanto de cultivo como de secado que le confieren un aroma y un sabor excepcional.<\/h4>\n<h2>ORIGEN:<\/h2>\n<p>La Conca de Barber\u00e0.<\/p>\n<h2>RECOMENDACIONES<\/h2>\n<p>Dosificaci\u00f3n recomendada en la cocina (Bote de vidrio de 1 g de azafr\u00e1n aroma son unos 400 hebras \/ 80 dosis):<\/p>\n<ul>\n<li>Platos salados en general (4\/5 hebras \/ plato)<\/li>\n<li>Platos de pasta o arroz (15 hebras \/ 250 g)<\/li>\n<li>Salsas (3\/6 hebras \/ plato)<\/li>\n<li>Platos dulces o tiene (3 hebras \/ plato)<\/li>\n<li>Postres (15\/20 hebras \/ litro de leche)<\/li>\n<li>Panes y pasteles (3 hebras \/ pers.)<\/li>\n<li>Confituras, mermeladas &#8230; (45 hebras \/ kg fruta)<\/li>\n<\/ul>\n<h2>INGREDIENTES<\/h2>\n<p>Hebras de azafr\u00e1n procedentes de cultivo ecol\u00f3gico certificado CCPAE y UE.<\/p>\n<h2>ALERGENOS<\/h2>\n<p>No contiene.<\/p>\n<h2>IDEAL &#8230;<\/h2>\n<ul>\n<li>Para condimentar arroces, pastas y pescados<\/li>\n<li>Para los cocinitas m\u00e1s atrevidos; Atr\u00e9vete con un pollo o un bistec de ternera marinado con azafr\u00e1n &#8230;<\/li>\n<\/ul>\n<blockquote><p>\ud83d\udcaa\ud83c\udffc Fomentamos el consumo local, amamos nuestra tierra a trav\u00e9s de nuestros productos! \ud83d\udc9b<\/p><\/blockquote>\n","protected":false},"featured_media":3633,"template":"","meta":[],"product_brand":[],"product_cat":[122],"product_tag":[198],"class_list":{"0":"post-4319","1":"product","2":"type-product","3":"status-publish","4":"has-post-thumbnail","6":"pwb-brand-aromis-es-2","7":"product_cat-especias","8":"product_tag-certificat-eco-es","10":"first","11":"outofstock","12":"taxable","13":"shipping-taxable","14":"purchasable","15":"product-type-simple"},"brands":[{"id":160,"name":"Aromis de la Conca","slug":"aromis-es-2"}],"yoast_head":"<!-- This site is optimized with the Yoast SEO plugin v25.2 - https:\/\/yoast.com\/wordpress\/plugins\/seo\/ -->\n<title>Azafr\u00e1n en hebras clase I (1g) | Aromis de la Conca - Fet a la Conca<\/title>\n<meta name=\"description\" content=\"Azafr\u00e1n en hebras clase I en formato de frasco de vidrio de 1 g. para unas 80 dosis. Producido por Aromis de la Conca, productores de Fet a la Conca\" \/>\n<meta name=\"robots\" content=\"index, follow, max-snippet:-1, max-image-preview:large, max-video-preview:-1\" \/>\n<link rel=\"canonical\" href=\"https:\/\/fetalaconca.cat\/es\/producte\/azafran-en-hebras-clase-y-1-gr-para-unas-80-dosis\/\" \/>\n<meta property=\"og:locale\" content=\"es_ES\" \/>\n<meta property=\"og:type\" content=\"article\" \/>\n<meta property=\"og:title\" content=\"Azafr\u00e1n en hebras clase I (1g) | Aromis de la Conca - Fet a la Conca\" \/>\n<meta property=\"og:description\" content=\"Azafr\u00e1n en hebras clase I en formato de frasco de vidrio de 1 g. para unas 80 dosis. Producido por Aromis de la Conca, productores de Fet a la Conca\" \/>\n<meta property=\"og:url\" content=\"https:\/\/fetalaconca.cat\/es\/producte\/azafran-en-hebras-clase-y-1-gr-para-unas-80-dosis\/\" \/>\n<meta property=\"og:site_name\" content=\"Fet a la Conca\" \/>\n<meta property=\"article:publisher\" content=\"https:\/\/www.facebook.com\/fetalaconca\/\" \/>\n<meta property=\"article:modified_time\" content=\"2020-12-22T17:01:26+00:00\" \/>\n<meta property=\"og:image\" content=\"https:\/\/fetalaconca.cat\/wp-content\/uploads\/2020\/03\/aromis_safra_brins_1.jpg\" \/>\n\t<meta property=\"og:image:width\" content=\"600\" \/>\n\t<meta property=\"og:image:height\" content=\"600\" \/>\n\t<meta property=\"og:image:type\" content=\"image\/jpeg\" \/>\n<meta name=\"twitter:card\" content=\"summary_large_image\" \/>\n<meta name=\"twitter:site\" content=\"@fetalaconca\" \/>\n<script type=\"application\/ld+json\" class=\"yoast-schema-graph\">{\"@context\":\"https:\/\/schema.org\",\"@graph\":[{\"@type\":\"WebPage\",\"@id\":\"https:\/\/fetalaconca.cat\/es\/producte\/azafran-en-hebras-clase-y-1-gr-para-unas-80-dosis\/\",\"url\":\"https:\/\/fetalaconca.cat\/es\/producte\/azafran-en-hebras-clase-y-1-gr-para-unas-80-dosis\/\",\"name\":\"Azafr\u00e1n en hebras clase I (1g) | Aromis de la Conca - Fet a la Conca\",\"isPartOf\":{\"@id\":\"https:\/\/fetalaconca.cat\/es\/#website\"},\"primaryImageOfPage\":{\"@id\":\"https:\/\/fetalaconca.cat\/es\/producte\/azafran-en-hebras-clase-y-1-gr-para-unas-80-dosis\/#primaryimage\"},\"image\":{\"@id\":\"https:\/\/fetalaconca.cat\/es\/producte\/azafran-en-hebras-clase-y-1-gr-para-unas-80-dosis\/#primaryimage\"},\"thumbnailUrl\":\"https:\/\/fetalaconca.cat\/wp-content\/uploads\/2020\/03\/aromis_safra_brins_1.jpg\",\"datePublished\":\"2020-12-22T16:57:51+00:00\",\"dateModified\":\"2020-12-22T17:01:26+00:00\",\"description\":\"Azafr\u00e1n en hebras clase I en formato de frasco de vidrio de 1 g. para unas 80 dosis. Producido por Aromis de la Conca, productores de Fet a la Conca\",\"breadcrumb\":{\"@id\":\"https:\/\/fetalaconca.cat\/es\/producte\/azafran-en-hebras-clase-y-1-gr-para-unas-80-dosis\/#breadcrumb\"},\"inLanguage\":\"es\",\"potentialAction\":[{\"@type\":\"ReadAction\",\"target\":[\"https:\/\/fetalaconca.cat\/es\/producte\/azafran-en-hebras-clase-y-1-gr-para-unas-80-dosis\/\"]}]},{\"@type\":\"ImageObject\",\"inLanguage\":\"es\",\"@id\":\"https:\/\/fetalaconca.cat\/es\/producte\/azafran-en-hebras-clase-y-1-gr-para-unas-80-dosis\/#primaryimage\",\"url\":\"https:\/\/fetalaconca.cat\/wp-content\/uploads\/2020\/03\/aromis_safra_brins_1.jpg\",\"contentUrl\":\"https:\/\/fetalaconca.cat\/wp-content\/uploads\/2020\/03\/aromis_safra_brins_1.jpg\",\"width\":600,\"height\":600},{\"@type\":\"BreadcrumbList\",\"@id\":\"https:\/\/fetalaconca.cat\/es\/producte\/azafran-en-hebras-clase-y-1-gr-para-unas-80-dosis\/#breadcrumb\",\"itemListElement\":[{\"@type\":\"ListItem\",\"position\":1,\"name\":\"Inici\",\"item\":\"https:\/\/fetalaconca.cat\/es\/\"},{\"@type\":\"ListItem\",\"position\":2,\"name\":\"Tienda\",\"item\":\"https:\/\/fetalaconca.cat\/es\/tienda\/\"},{\"@type\":\"ListItem\",\"position\":3,\"name\":\"Azafr\u00e1n en hebras clase I (1g) | Aromis de la Conca\"}]},{\"@type\":\"WebSite\",\"@id\":\"https:\/\/fetalaconca.cat\/es\/#website\",\"url\":\"https:\/\/fetalaconca.cat\/es\/\",\"name\":\"Fet a la Conca\",\"description\":\"Qualitat alimen\u00e0ria\",\"publisher\":{\"@id\":\"https:\/\/fetalaconca.cat\/es\/#organization\"},\"potentialAction\":[{\"@type\":\"SearchAction\",\"target\":{\"@type\":\"EntryPoint\",\"urlTemplate\":\"https:\/\/fetalaconca.cat\/es\/?s={search_term_string}\"},\"query-input\":{\"@type\":\"PropertyValueSpecification\",\"valueRequired\":true,\"valueName\":\"search_term_string\"}}],\"inLanguage\":\"es\"},{\"@type\":\"Organization\",\"@id\":\"https:\/\/fetalaconca.cat\/es\/#organization\",\"name\":\"Fet a la Conca\",\"url\":\"https:\/\/fetalaconca.cat\/es\/\",\"logo\":{\"@type\":\"ImageObject\",\"inLanguage\":\"es\",\"@id\":\"https:\/\/fetalaconca.cat\/es\/#\/schema\/logo\/image\/\",\"url\":\"https:\/\/fetalaconca.cat\/wp-content\/uploads\/2020\/02\/logo_pegatina_400.png\",\"contentUrl\":\"https:\/\/fetalaconca.cat\/wp-content\/uploads\/2020\/02\/logo_pegatina_400.png\",\"width\":400,\"height\":400,\"caption\":\"Fet a la Conca\"},\"image\":{\"@id\":\"https:\/\/fetalaconca.cat\/es\/#\/schema\/logo\/image\/\"},\"sameAs\":[\"https:\/\/www.facebook.com\/fetalaconca\/\",\"https:\/\/x.com\/fetalaconca\",\"https:\/\/www.instagram.com\/fetalaconca\/\"]}]}<\/script>\n<!-- \/ Yoast SEO plugin. -->","yoast_head_json":{"title":"Azafr\u00e1n en hebras clase I (1g) | Aromis de la Conca - Fet a la Conca","description":"Azafr\u00e1n en hebras clase I en formato de frasco de vidrio de 1 g. para unas 80 dosis. Producido por Aromis de la Conca, productores de Fet a la Conca","robots":{"index":"index","follow":"follow","max-snippet":"max-snippet:-1","max-image-preview":"max-image-preview:large","max-video-preview":"max-video-preview:-1"},"canonical":"https:\/\/fetalaconca.cat\/es\/producte\/azafran-en-hebras-clase-y-1-gr-para-unas-80-dosis\/","og_locale":"es_ES","og_type":"article","og_title":"Azafr\u00e1n en hebras clase I (1g) | Aromis de la Conca - Fet a la Conca","og_description":"Azafr\u00e1n en hebras clase I en formato de frasco de vidrio de 1 g. para unas 80 dosis. Producido por Aromis de la Conca, productores de Fet a la Conca","og_url":"https:\/\/fetalaconca.cat\/es\/producte\/azafran-en-hebras-clase-y-1-gr-para-unas-80-dosis\/","og_site_name":"Fet a la Conca","article_publisher":"https:\/\/www.facebook.com\/fetalaconca\/","article_modified_time":"2020-12-22T17:01:26+00:00","og_image":[{"width":600,"height":600,"url":"https:\/\/fetalaconca.cat\/wp-content\/uploads\/2020\/03\/aromis_safra_brins_1.jpg","type":"image\/jpeg"}],"twitter_card":"summary_large_image","twitter_site":"@fetalaconca","schema":{"@context":"https:\/\/schema.org","@graph":[{"@type":"WebPage","@id":"https:\/\/fetalaconca.cat\/es\/producte\/azafran-en-hebras-clase-y-1-gr-para-unas-80-dosis\/","url":"https:\/\/fetalaconca.cat\/es\/producte\/azafran-en-hebras-clase-y-1-gr-para-unas-80-dosis\/","name":"Azafr\u00e1n en hebras clase I (1g) | Aromis de la Conca - Fet a la Conca","isPartOf":{"@id":"https:\/\/fetalaconca.cat\/es\/#website"},"primaryImageOfPage":{"@id":"https:\/\/fetalaconca.cat\/es\/producte\/azafran-en-hebras-clase-y-1-gr-para-unas-80-dosis\/#primaryimage"},"image":{"@id":"https:\/\/fetalaconca.cat\/es\/producte\/azafran-en-hebras-clase-y-1-gr-para-unas-80-dosis\/#primaryimage"},"thumbnailUrl":"https:\/\/fetalaconca.cat\/wp-content\/uploads\/2020\/03\/aromis_safra_brins_1.jpg","datePublished":"2020-12-22T16:57:51+00:00","dateModified":"2020-12-22T17:01:26+00:00","description":"Azafr\u00e1n en hebras clase I en formato de frasco de vidrio de 1 g. para unas 80 dosis. Producido por Aromis de la Conca, productores de Fet a la Conca","breadcrumb":{"@id":"https:\/\/fetalaconca.cat\/es\/producte\/azafran-en-hebras-clase-y-1-gr-para-unas-80-dosis\/#breadcrumb"},"inLanguage":"es","potentialAction":[{"@type":"ReadAction","target":["https:\/\/fetalaconca.cat\/es\/producte\/azafran-en-hebras-clase-y-1-gr-para-unas-80-dosis\/"]}]},{"@type":"ImageObject","inLanguage":"es","@id":"https:\/\/fetalaconca.cat\/es\/producte\/azafran-en-hebras-clase-y-1-gr-para-unas-80-dosis\/#primaryimage","url":"https:\/\/fetalaconca.cat\/wp-content\/uploads\/2020\/03\/aromis_safra_brins_1.jpg","contentUrl":"https:\/\/fetalaconca.cat\/wp-content\/uploads\/2020\/03\/aromis_safra_brins_1.jpg","width":600,"height":600},{"@type":"BreadcrumbList","@id":"https:\/\/fetalaconca.cat\/es\/producte\/azafran-en-hebras-clase-y-1-gr-para-unas-80-dosis\/#breadcrumb","itemListElement":[{"@type":"ListItem","position":1,"name":"Inici","item":"https:\/\/fetalaconca.cat\/es\/"},{"@type":"ListItem","position":2,"name":"Tienda","item":"https:\/\/fetalaconca.cat\/es\/tienda\/"},{"@type":"ListItem","position":3,"name":"Azafr\u00e1n en hebras clase I (1g) | Aromis de la Conca"}]},{"@type":"WebSite","@id":"https:\/\/fetalaconca.cat\/es\/#website","url":"https:\/\/fetalaconca.cat\/es\/","name":"Fet a la Conca","description":"Qualitat alimen\u00e0ria","publisher":{"@id":"https:\/\/fetalaconca.cat\/es\/#organization"},"potentialAction":[{"@type":"SearchAction","target":{"@type":"EntryPoint","urlTemplate":"https:\/\/fetalaconca.cat\/es\/?s={search_term_string}"},"query-input":{"@type":"PropertyValueSpecification","valueRequired":true,"valueName":"search_term_string"}}],"inLanguage":"es"},{"@type":"Organization","@id":"https:\/\/fetalaconca.cat\/es\/#organization","name":"Fet a la Conca","url":"https:\/\/fetalaconca.cat\/es\/","logo":{"@type":"ImageObject","inLanguage":"es","@id":"https:\/\/fetalaconca.cat\/es\/#\/schema\/logo\/image\/","url":"https:\/\/fetalaconca.cat\/wp-content\/uploads\/2020\/02\/logo_pegatina_400.png","contentUrl":"https:\/\/fetalaconca.cat\/wp-content\/uploads\/2020\/02\/logo_pegatina_400.png","width":400,"height":400,"caption":"Fet a la Conca"},"image":{"@id":"https:\/\/fetalaconca.cat\/es\/#\/schema\/logo\/image\/"},"sameAs":["https:\/\/www.facebook.com\/fetalaconca\/","https:\/\/x.com\/fetalaconca","https:\/\/www.instagram.com\/fetalaconca\/"]}]}},"_links":{"self":[{"href":"https:\/\/fetalaconca.cat\/es\/wp-json\/wp\/v2\/product\/4319","targetHints":{"allow":["GET"]}}],"collection":[{"href":"https:\/\/fetalaconca.cat\/es\/wp-json\/wp\/v2\/product"}],"about":[{"href":"https:\/\/fetalaconca.cat\/es\/wp-json\/wp\/v2\/types\/product"}],"wp:featuredmedia":[{"embeddable":true,"href":"https:\/\/fetalaconca.cat\/es\/wp-json\/wp\/v2\/media\/3633"}],"wp:attachment":[{"href":"https:\/\/fetalaconca.cat\/es\/wp-json\/wp\/v2\/media?parent=4319"}],"wp:term":[{"taxonomy":"product_brand","embeddable":true,"href":"https:\/\/fetalaconca.cat\/es\/wp-json\/wp\/v2\/product_brand?post=4319"},{"taxonomy":"product_cat","embeddable":true,"href":"https:\/\/fetalaconca.cat\/es\/wp-json\/wp\/v2\/product_cat?post=4319"},{"taxonomy":"product_tag","embeddable":true,"href":"https:\/\/fetalaconca.cat\/es\/wp-json\/wp\/v2\/product_tag?post=4319"}],"curies":[{"name":"wp","href":"https:\/\/api.w.org\/{rel}","templated":true}]}}