{"id":4330,"date":"2020-03-01T18:02:46","date_gmt":"2020-12-23T14:58:46","guid":{"rendered":"https:\/\/fetalaconca.cat\/producte\/san-gil-dalbio\/"},"modified":"2020-12-23T14:58:46","modified_gmt":"2020-12-23T14:58:46","slug":"san-gil-dalbio","status":"publish","type":"product","link":"https:\/\/fetalaconca.cat\/es\/producte\/san-gil-dalbio\/","title":{"rendered":"Queso semicurado de cabra | Sant Gil d&#8217;Albi\u00f3"},"content":{"rendered":"<h1><strong>Hacemos territorio, consumimos productos de km0. \ud83d\udc9a Productos de proximidad<em> made in<\/em> La Conca de Barber\u00e0.<\/strong><\/h1>\n<h2><strong>QUESOS SANT GIL D\u2019ALBI\u00d3<\/strong><\/h2>\n<p>Empresa familiar que elabora quesos artesanos desde hace m\u00e1s de treinta a\u00f1os. Situados en el pueblo de Albi\u00f3, en la cabecera del r\u00edo Corb a 710 metros de altura.<br \/>\nPara la elaboraci\u00f3n de sus productos utilizan leche de cabras de raza murciana, que es una leche densa, grasa, arom\u00e1tica y de matices ricos y variados. [&#8230;] <a href=\"https:\/\/fetalaconca.cat\/es\/cooperativa\/sant-gil-dalbio\/\">Lee m\u00e1s.<\/a><\/p>\n<p><strong>CONTACTO<\/strong> :<\/p>\n<p>Quesos Sant Gil d\u2019Albi\u00f3<br \/>\nC \/ Castillo s \/ n<br \/>\n43427 Albi\u00f3<br \/>\n<a href=\"tel:+34977881421\">977 881 421<\/a><br \/>\n<a href=\"mailto:info@santgilalbio.com\">info@santgilalbio.com<\/a><br \/>\n<a href=\"http:\/\/www.santgilalbio.com\/\" target=\"_blank\" rel=\"noopener noreferrer\">www.santgilalbio.com<\/a><\/p>\n","protected":false},"excerpt":{"rendered":"<h4><strong>Sant Gil d&#8217;Albi\u00f3<\/strong> | Queso &#8216;tipo Garrotxa&#8217;<em> semimadurado<\/em> y de textura cremosa. Ligeramente salado y con un punto de acidez, su sabor es suave y equilibrado y nos recuerda al aroma de las nueces.<\/h4>\n<h2>ORIGEN:<\/h2>\n<p>La Conca de Barber\u00e0.<\/p>\n<h2>INGREDIENTES:<\/h2>\n<p>Leche pasteurizada de cabra + cloruro c\u00e1lcico + cuajo + sal + fermentos l\u00e1cticos + Lisozima (proviene de huevo).<\/p>\n<h2>ALERGENOS<\/h2>\n<ul>\n<li>Lactosa.<\/li>\n<li>Huevo.<\/li>\n<\/ul>\n<h2>PREMIOS &amp; DISTINCIONES<\/h2>\n<p>World Cheese Awards:<\/p>\n<ul>\n<li>2016 Gold.<\/li>\n<li>2019 Silver.<\/li>\n<\/ul>\n<p>LACTIUM de Oro 2019.<\/p>\n<h2>IDEAL &#8230;<\/h2>\n<ul>\n<li>Para los amantes del queso de cabra<em> semimadurado<\/em> y textura cremosa.<\/li>\n<li>Por los que apuestan por los sabores intensos y de proximidad.<\/li>\n<\/ul>\n<blockquote>\n<h3><strong><span class=\"_5mfr\"><span class=\"_6qdm\">\ud83d\udcaa\ud83c\udffc<\/span><\/span> Fomentamos el consumo local, amamos nuestra tierra a trav\u00e9s de nuestros productos! \ud83d\udc9b<\/strong><\/h3>\n<\/blockquote>\n","protected":false},"featured_media":4167,"template":"","meta":[],"product_brand":[],"product_cat":[123],"product_tag":[200],"class_list":{"0":"post-4330","1":"product","2":"type-product","3":"status-publish","4":"has-post-thumbnail","6":"pwb-brand-sant-gil-albio-es","7":"product_cat-quesos","8":"product_tag-formatges-es","10":"first","11":"instock","12":"purchasable","13":"product-type-simple"},"brands":[{"id":167,"name":"Sant Gil d&#039;Albi\u00f3","slug":"sant-gil-albio-es"}],"yoast_head":"<!-- This site is optimized with the Yoast SEO plugin v25.2 - https:\/\/yoast.com\/wordpress\/plugins\/seo\/ -->\n<title>Queso de cabra semicurado de Sant Gil d&#039;Albi\u00f3<\/title>\n<meta name=\"description\" content=\"El Queso de cabra semicurado &#039;tipo Garrotxa&#039; de Sant Gil d&#039;Albi\u00f3, una queser\u00eda que forma parte de los productores de Fet a la Conca.\" \/>\n<meta name=\"robots\" content=\"index, follow, max-snippet:-1, max-image-preview:large, max-video-preview:-1\" \/>\n<link rel=\"canonical\" href=\"https:\/\/fetalaconca.cat\/es\/producte\/san-gil-dalbio\/\" \/>\n<meta property=\"og:locale\" content=\"es_ES\" \/>\n<meta property=\"og:type\" content=\"article\" \/>\n<meta property=\"og:title\" content=\"Queso de cabra semicurado de Sant Gil d&#039;Albi\u00f3\" \/>\n<meta property=\"og:description\" content=\"El Queso de cabra semicurado &#039;tipo Garrotxa&#039; de Sant Gil d&#039;Albi\u00f3, una queser\u00eda que forma parte de los productores de Fet a la Conca.\" \/>\n<meta property=\"og:url\" content=\"https:\/\/fetalaconca.cat\/es\/producte\/san-gil-dalbio\/\" \/>\n<meta property=\"og:site_name\" content=\"Fet a la Conca\" \/>\n<meta property=\"article:publisher\" content=\"https:\/\/www.facebook.com\/fetalaconca\/\" \/>\n<meta property=\"og:image\" content=\"https:\/\/fetalaconca.cat\/wp-content\/uploads\/2020\/03\/Productes-FALC-S_FONDO-1.png\" \/>\n\t<meta property=\"og:image:width\" content=\"500\" \/>\n\t<meta property=\"og:image:height\" content=\"500\" \/>\n\t<meta property=\"og:image:type\" content=\"image\/png\" \/>\n<meta name=\"twitter:card\" content=\"summary_large_image\" \/>\n<meta name=\"twitter:site\" content=\"@fetalaconca\" \/>\n<script type=\"application\/ld+json\" class=\"yoast-schema-graph\">{\"@context\":\"https:\/\/schema.org\",\"@graph\":[{\"@type\":\"WebPage\",\"@id\":\"https:\/\/fetalaconca.cat\/es\/producte\/san-gil-dalbio\/\",\"url\":\"https:\/\/fetalaconca.cat\/es\/producte\/san-gil-dalbio\/\",\"name\":\"Queso de cabra semicurado de Sant Gil d'Albi\u00f3\",\"isPartOf\":{\"@id\":\"https:\/\/fetalaconca.cat\/es\/#website\"},\"primaryImageOfPage\":{\"@id\":\"https:\/\/fetalaconca.cat\/es\/producte\/san-gil-dalbio\/#primaryimage\"},\"image\":{\"@id\":\"https:\/\/fetalaconca.cat\/es\/producte\/san-gil-dalbio\/#primaryimage\"},\"thumbnailUrl\":\"https:\/\/fetalaconca.cat\/wp-content\/uploads\/2020\/03\/Productes-FALC-S_FONDO-1.png\",\"datePublished\":\"2020-12-23T14:58:46+00:00\",\"description\":\"El Queso de cabra semicurado 'tipo Garrotxa' de Sant Gil d'Albi\u00f3, una queser\u00eda que forma parte de los productores de Fet a la Conca.\",\"breadcrumb\":{\"@id\":\"https:\/\/fetalaconca.cat\/es\/producte\/san-gil-dalbio\/#breadcrumb\"},\"inLanguage\":\"es\",\"potentialAction\":[{\"@type\":\"ReadAction\",\"target\":[\"https:\/\/fetalaconca.cat\/es\/producte\/san-gil-dalbio\/\"]}]},{\"@type\":\"ImageObject\",\"inLanguage\":\"es\",\"@id\":\"https:\/\/fetalaconca.cat\/es\/producte\/san-gil-dalbio\/#primaryimage\",\"url\":\"https:\/\/fetalaconca.cat\/wp-content\/uploads\/2020\/03\/Productes-FALC-S_FONDO-1.png\",\"contentUrl\":\"https:\/\/fetalaconca.cat\/wp-content\/uploads\/2020\/03\/Productes-FALC-S_FONDO-1.png\",\"width\":500,\"height\":500,\"caption\":\"Queso St. Gil d'Albi\u00f3\"},{\"@type\":\"BreadcrumbList\",\"@id\":\"https:\/\/fetalaconca.cat\/es\/producte\/san-gil-dalbio\/#breadcrumb\",\"itemListElement\":[{\"@type\":\"ListItem\",\"position\":1,\"name\":\"Inici\",\"item\":\"https:\/\/fetalaconca.cat\/es\/\"},{\"@type\":\"ListItem\",\"position\":2,\"name\":\"Tienda\",\"item\":\"https:\/\/fetalaconca.cat\/es\/tienda\/\"},{\"@type\":\"ListItem\",\"position\":3,\"name\":\"Queso semicurado de cabra | Sant Gil d&#8217;Albi\u00f3\"}]},{\"@type\":\"WebSite\",\"@id\":\"https:\/\/fetalaconca.cat\/es\/#website\",\"url\":\"https:\/\/fetalaconca.cat\/es\/\",\"name\":\"Fet a la Conca\",\"description\":\"Qualitat alimen\u00e0ria\",\"publisher\":{\"@id\":\"https:\/\/fetalaconca.cat\/es\/#organization\"},\"potentialAction\":[{\"@type\":\"SearchAction\",\"target\":{\"@type\":\"EntryPoint\",\"urlTemplate\":\"https:\/\/fetalaconca.cat\/es\/?s={search_term_string}\"},\"query-input\":{\"@type\":\"PropertyValueSpecification\",\"valueRequired\":true,\"valueName\":\"search_term_string\"}}],\"inLanguage\":\"es\"},{\"@type\":\"Organization\",\"@id\":\"https:\/\/fetalaconca.cat\/es\/#organization\",\"name\":\"Fet a la Conca\",\"url\":\"https:\/\/fetalaconca.cat\/es\/\",\"logo\":{\"@type\":\"ImageObject\",\"inLanguage\":\"es\",\"@id\":\"https:\/\/fetalaconca.cat\/es\/#\/schema\/logo\/image\/\",\"url\":\"https:\/\/fetalaconca.cat\/wp-content\/uploads\/2020\/02\/logo_pegatina_400.png\",\"contentUrl\":\"https:\/\/fetalaconca.cat\/wp-content\/uploads\/2020\/02\/logo_pegatina_400.png\",\"width\":400,\"height\":400,\"caption\":\"Fet a la Conca\"},\"image\":{\"@id\":\"https:\/\/fetalaconca.cat\/es\/#\/schema\/logo\/image\/\"},\"sameAs\":[\"https:\/\/www.facebook.com\/fetalaconca\/\",\"https:\/\/x.com\/fetalaconca\",\"https:\/\/www.instagram.com\/fetalaconca\/\"]}]}<\/script>\n<!-- \/ Yoast SEO plugin. -->","yoast_head_json":{"title":"Queso de cabra semicurado de Sant Gil d'Albi\u00f3","description":"El Queso de cabra semicurado 'tipo Garrotxa' de Sant Gil d'Albi\u00f3, una queser\u00eda que forma parte de los productores de Fet a la Conca.","robots":{"index":"index","follow":"follow","max-snippet":"max-snippet:-1","max-image-preview":"max-image-preview:large","max-video-preview":"max-video-preview:-1"},"canonical":"https:\/\/fetalaconca.cat\/es\/producte\/san-gil-dalbio\/","og_locale":"es_ES","og_type":"article","og_title":"Queso de cabra semicurado de Sant Gil d'Albi\u00f3","og_description":"El Queso de cabra semicurado 'tipo Garrotxa' de Sant Gil d'Albi\u00f3, una queser\u00eda que forma parte de los productores de Fet a la Conca.","og_url":"https:\/\/fetalaconca.cat\/es\/producte\/san-gil-dalbio\/","og_site_name":"Fet a la Conca","article_publisher":"https:\/\/www.facebook.com\/fetalaconca\/","og_image":[{"width":500,"height":500,"url":"https:\/\/fetalaconca.cat\/wp-content\/uploads\/2020\/03\/Productes-FALC-S_FONDO-1.png","type":"image\/png"}],"twitter_card":"summary_large_image","twitter_site":"@fetalaconca","schema":{"@context":"https:\/\/schema.org","@graph":[{"@type":"WebPage","@id":"https:\/\/fetalaconca.cat\/es\/producte\/san-gil-dalbio\/","url":"https:\/\/fetalaconca.cat\/es\/producte\/san-gil-dalbio\/","name":"Queso de cabra semicurado de Sant Gil d'Albi\u00f3","isPartOf":{"@id":"https:\/\/fetalaconca.cat\/es\/#website"},"primaryImageOfPage":{"@id":"https:\/\/fetalaconca.cat\/es\/producte\/san-gil-dalbio\/#primaryimage"},"image":{"@id":"https:\/\/fetalaconca.cat\/es\/producte\/san-gil-dalbio\/#primaryimage"},"thumbnailUrl":"https:\/\/fetalaconca.cat\/wp-content\/uploads\/2020\/03\/Productes-FALC-S_FONDO-1.png","datePublished":"2020-12-23T14:58:46+00:00","description":"El Queso de cabra semicurado 'tipo Garrotxa' de Sant Gil d'Albi\u00f3, una queser\u00eda que forma parte de los productores de Fet a la Conca.","breadcrumb":{"@id":"https:\/\/fetalaconca.cat\/es\/producte\/san-gil-dalbio\/#breadcrumb"},"inLanguage":"es","potentialAction":[{"@type":"ReadAction","target":["https:\/\/fetalaconca.cat\/es\/producte\/san-gil-dalbio\/"]}]},{"@type":"ImageObject","inLanguage":"es","@id":"https:\/\/fetalaconca.cat\/es\/producte\/san-gil-dalbio\/#primaryimage","url":"https:\/\/fetalaconca.cat\/wp-content\/uploads\/2020\/03\/Productes-FALC-S_FONDO-1.png","contentUrl":"https:\/\/fetalaconca.cat\/wp-content\/uploads\/2020\/03\/Productes-FALC-S_FONDO-1.png","width":500,"height":500,"caption":"Queso St. Gil d'Albi\u00f3"},{"@type":"BreadcrumbList","@id":"https:\/\/fetalaconca.cat\/es\/producte\/san-gil-dalbio\/#breadcrumb","itemListElement":[{"@type":"ListItem","position":1,"name":"Inici","item":"https:\/\/fetalaconca.cat\/es\/"},{"@type":"ListItem","position":2,"name":"Tienda","item":"https:\/\/fetalaconca.cat\/es\/tienda\/"},{"@type":"ListItem","position":3,"name":"Queso semicurado de cabra | Sant Gil d&#8217;Albi\u00f3"}]},{"@type":"WebSite","@id":"https:\/\/fetalaconca.cat\/es\/#website","url":"https:\/\/fetalaconca.cat\/es\/","name":"Fet a la Conca","description":"Qualitat alimen\u00e0ria","publisher":{"@id":"https:\/\/fetalaconca.cat\/es\/#organization"},"potentialAction":[{"@type":"SearchAction","target":{"@type":"EntryPoint","urlTemplate":"https:\/\/fetalaconca.cat\/es\/?s={search_term_string}"},"query-input":{"@type":"PropertyValueSpecification","valueRequired":true,"valueName":"search_term_string"}}],"inLanguage":"es"},{"@type":"Organization","@id":"https:\/\/fetalaconca.cat\/es\/#organization","name":"Fet a la Conca","url":"https:\/\/fetalaconca.cat\/es\/","logo":{"@type":"ImageObject","inLanguage":"es","@id":"https:\/\/fetalaconca.cat\/es\/#\/schema\/logo\/image\/","url":"https:\/\/fetalaconca.cat\/wp-content\/uploads\/2020\/02\/logo_pegatina_400.png","contentUrl":"https:\/\/fetalaconca.cat\/wp-content\/uploads\/2020\/02\/logo_pegatina_400.png","width":400,"height":400,"caption":"Fet a la Conca"},"image":{"@id":"https:\/\/fetalaconca.cat\/es\/#\/schema\/logo\/image\/"},"sameAs":["https:\/\/www.facebook.com\/fetalaconca\/","https:\/\/x.com\/fetalaconca","https:\/\/www.instagram.com\/fetalaconca\/"]}]}},"_links":{"self":[{"href":"https:\/\/fetalaconca.cat\/es\/wp-json\/wp\/v2\/product\/4330","targetHints":{"allow":["GET"]}}],"collection":[{"href":"https:\/\/fetalaconca.cat\/es\/wp-json\/wp\/v2\/product"}],"about":[{"href":"https:\/\/fetalaconca.cat\/es\/wp-json\/wp\/v2\/types\/product"}],"wp:featuredmedia":[{"embeddable":true,"href":"https:\/\/fetalaconca.cat\/es\/wp-json\/wp\/v2\/media\/4167"}],"wp:attachment":[{"href":"https:\/\/fetalaconca.cat\/es\/wp-json\/wp\/v2\/media?parent=4330"}],"wp:term":[{"taxonomy":"product_brand","embeddable":true,"href":"https:\/\/fetalaconca.cat\/es\/wp-json\/wp\/v2\/product_brand?post=4330"},{"taxonomy":"product_cat","embeddable":true,"href":"https:\/\/fetalaconca.cat\/es\/wp-json\/wp\/v2\/product_cat?post=4330"},{"taxonomy":"product_tag","embeddable":true,"href":"https:\/\/fetalaconca.cat\/es\/wp-json\/wp\/v2\/product_tag?post=4330"}],"curies":[{"name":"wp","href":"https:\/\/api.w.org\/{rel}","templated":true}]}}