{"id":4331,"date":"2020-03-18T15:49:00","date_gmt":"2020-12-23T15:02:59","guid":{"rendered":"https:\/\/fetalaconca.cat\/producte\/queso-flor-de-nieve-con-trufa\/"},"modified":"2020-12-23T15:02:59","modified_gmt":"2020-12-23T15:02:59","slug":"queso-flor-de-nieve-con-trufa","status":"publish","type":"product","link":"https:\/\/fetalaconca.cat\/es\/producte\/queso-flor-de-nieve-con-trufa\/","title":{"rendered":"Queso &#8216;Flor de neu&#8217; con trufa | T\u00f2fona de la Conca"},"content":{"rendered":"<blockquote>\n<h1><strong>Hacemos territorio, consumimos productos de km0. \ud83d\udc9a Productos de proximidad<em> made in<\/em> La Conca de Barber\u00e0.<\/strong><\/h1>\n<\/blockquote>\n<h2><strong>T\u00d2FONA DE LA CONCA<\/strong><\/h2>\n<p>T\u00f2fona de la Conca son la tercera generaci\u00f3n de truferos a la familia Espada, y siguiendo la tradici\u00f3n familiar, con mucha pasi\u00f3n, se dedican a la b\u00fasqueda de trufas. Desde 1965 est\u00e1n adentrados en el mundo de la trufa, contando siempre con un producto fresco de m\u00e1xima calidad, del campo a la cocina. [&#8230;] Lee m\u00e1s.<\/p>\n<p><strong>CONTACTO :<\/strong><\/p>\n<p>Didac Espada Sanahuja<br \/>\nAv. amics de Vimbod\u00ed, 9<br \/>\n43430 Vimbod\u00ed y Poblet<br \/>\n<a href=\"tel:+34676698575\">676 698 575<\/a><br \/>\n<a href=\"mailto:tofonadelaconca.info@gmail.com\">tofonadelaconca.info@gmail.com<\/a><br \/>\n<a href=\"http:\/\/www.tofonadelaconca.com\/\" target=\"_blank\" rel=\"noopener noreferrer\">www.tofonadelaconca.com<\/a><\/p>\n","protected":false},"excerpt":{"rendered":"<h4><strong>Queso &#8216;Flor de neu&#8217; con trufa negra<\/strong> | Queso artesano de pasta blanda de vaca con l\u00e1minas de trufa negra de la Conca. 100% natural!<\/h4>\n<h2>ORIGEN:<\/h2>\n<p>La Conca de Barber\u00e0.<\/p>\n<h2>INGREDIENTES:<\/h2>\n<p>Queso de pasta blanda de vaca + mantequilla + trufa negra<em> tuber melanosporum.<\/em><\/p>\n<h2>ALERGENOS:<\/h2>\n<p>No contiene.<\/p>\n<h2>PREMIOS &amp; DISTINCIONES:<\/h2>\n<ul>\n<li><span lang=\"ca\">Medalla de plata en los World Cheese Awards 2019 (WCA19)<\/span><\/li>\n<\/ul>\n","protected":false},"featured_media":3727,"template":"","meta":[],"product_brand":[],"product_cat":[123],"product_tag":[],"class_list":{"0":"post-4331","1":"product","2":"type-product","3":"status-publish","4":"has-post-thumbnail","6":"pwb-brand-tofona-es","7":"product_cat-quesos","9":"first","10":"outofstock","11":"taxable","12":"shipping-taxable","13":"purchasable","14":"product-type-simple"},"brands":[{"id":168,"name":"T\u00f2fona de la Conca","slug":"tofona-es"}],"yoast_head":"<!-- This site is optimized with the Yoast SEO plugin v25.2 - https:\/\/yoast.com\/wordpress\/plugins\/seo\/ -->\n<title>Queso Flor de Neu con trufa | T\u00f2fona de la Conca<\/title>\n<meta name=\"description\" content=\"Queso de vaca &#039;Flor de Neu&#039; con l\u00e1minas de trufa negra del productor de Fet a la Conca, T\u00f2fona de la Conca.\" \/>\n<meta name=\"robots\" content=\"index, follow, max-snippet:-1, max-image-preview:large, max-video-preview:-1\" \/>\n<link rel=\"canonical\" href=\"https:\/\/fetalaconca.cat\/es\/producte\/queso-flor-de-nieve-con-trufa\/\" \/>\n<meta property=\"og:locale\" content=\"es_ES\" \/>\n<meta property=\"og:type\" content=\"article\" \/>\n<meta property=\"og:title\" content=\"Queso Flor de Neu con trufa | T\u00f2fona de la Conca\" \/>\n<meta property=\"og:description\" content=\"Queso de vaca &#039;Flor de Neu&#039; con l\u00e1minas de trufa negra del productor de Fet a la Conca, T\u00f2fona de la Conca.\" \/>\n<meta property=\"og:url\" content=\"https:\/\/fetalaconca.cat\/es\/producte\/queso-flor-de-nieve-con-trufa\/\" \/>\n<meta property=\"og:site_name\" content=\"Fet a la Conca\" \/>\n<meta property=\"article:publisher\" content=\"https:\/\/www.facebook.com\/fetalaconca\/\" \/>\n<meta property=\"og:image\" content=\"https:\/\/fetalaconca.cat\/wp-content\/uploads\/2020\/03\/53672003_422906188281197_5686830093414957056_n.jpg\" \/>\n\t<meta property=\"og:image:width\" content=\"960\" \/>\n\t<meta property=\"og:image:height\" content=\"816\" \/>\n\t<meta property=\"og:image:type\" content=\"image\/jpeg\" \/>\n<meta name=\"twitter:card\" content=\"summary_large_image\" \/>\n<meta name=\"twitter:site\" content=\"@fetalaconca\" \/>\n<meta name=\"twitter:label1\" content=\"Tiempo de lectura\" \/>\n\t<meta name=\"twitter:data1\" content=\"1 minuto\" \/>\n<script type=\"application\/ld+json\" class=\"yoast-schema-graph\">{\"@context\":\"https:\/\/schema.org\",\"@graph\":[{\"@type\":\"WebPage\",\"@id\":\"https:\/\/fetalaconca.cat\/es\/producte\/queso-flor-de-nieve-con-trufa\/\",\"url\":\"https:\/\/fetalaconca.cat\/es\/producte\/queso-flor-de-nieve-con-trufa\/\",\"name\":\"Queso Flor de Neu con trufa | T\u00f2fona de la Conca\",\"isPartOf\":{\"@id\":\"https:\/\/fetalaconca.cat\/es\/#website\"},\"primaryImageOfPage\":{\"@id\":\"https:\/\/fetalaconca.cat\/es\/producte\/queso-flor-de-nieve-con-trufa\/#primaryimage\"},\"image\":{\"@id\":\"https:\/\/fetalaconca.cat\/es\/producte\/queso-flor-de-nieve-con-trufa\/#primaryimage\"},\"thumbnailUrl\":\"https:\/\/fetalaconca.cat\/wp-content\/uploads\/2020\/03\/53672003_422906188281197_5686830093414957056_n.jpg\",\"datePublished\":\"2020-12-23T15:02:59+00:00\",\"description\":\"Queso de vaca 'Flor de Neu' con l\u00e1minas de trufa negra del productor de Fet a la Conca, T\u00f2fona de la Conca.\",\"breadcrumb\":{\"@id\":\"https:\/\/fetalaconca.cat\/es\/producte\/queso-flor-de-nieve-con-trufa\/#breadcrumb\"},\"inLanguage\":\"es\",\"potentialAction\":[{\"@type\":\"ReadAction\",\"target\":[\"https:\/\/fetalaconca.cat\/es\/producte\/queso-flor-de-nieve-con-trufa\/\"]}]},{\"@type\":\"ImageObject\",\"inLanguage\":\"es\",\"@id\":\"https:\/\/fetalaconca.cat\/es\/producte\/queso-flor-de-nieve-con-trufa\/#primaryimage\",\"url\":\"https:\/\/fetalaconca.cat\/wp-content\/uploads\/2020\/03\/53672003_422906188281197_5686830093414957056_n.jpg\",\"contentUrl\":\"https:\/\/fetalaconca.cat\/wp-content\/uploads\/2020\/03\/53672003_422906188281197_5686830093414957056_n.jpg\",\"width\":960,\"height\":816},{\"@type\":\"BreadcrumbList\",\"@id\":\"https:\/\/fetalaconca.cat\/es\/producte\/queso-flor-de-nieve-con-trufa\/#breadcrumb\",\"itemListElement\":[{\"@type\":\"ListItem\",\"position\":1,\"name\":\"Inici\",\"item\":\"https:\/\/fetalaconca.cat\/es\/\"},{\"@type\":\"ListItem\",\"position\":2,\"name\":\"Tienda\",\"item\":\"https:\/\/fetalaconca.cat\/es\/tienda\/\"},{\"@type\":\"ListItem\",\"position\":3,\"name\":\"Queso &#8216;Flor de neu&#8217; con trufa | T\u00f2fona de la Conca\"}]},{\"@type\":\"WebSite\",\"@id\":\"https:\/\/fetalaconca.cat\/es\/#website\",\"url\":\"https:\/\/fetalaconca.cat\/es\/\",\"name\":\"Fet a la Conca\",\"description\":\"Qualitat alimen\u00e0ria\",\"publisher\":{\"@id\":\"https:\/\/fetalaconca.cat\/es\/#organization\"},\"potentialAction\":[{\"@type\":\"SearchAction\",\"target\":{\"@type\":\"EntryPoint\",\"urlTemplate\":\"https:\/\/fetalaconca.cat\/es\/?s={search_term_string}\"},\"query-input\":{\"@type\":\"PropertyValueSpecification\",\"valueRequired\":true,\"valueName\":\"search_term_string\"}}],\"inLanguage\":\"es\"},{\"@type\":\"Organization\",\"@id\":\"https:\/\/fetalaconca.cat\/es\/#organization\",\"name\":\"Fet a la Conca\",\"url\":\"https:\/\/fetalaconca.cat\/es\/\",\"logo\":{\"@type\":\"ImageObject\",\"inLanguage\":\"es\",\"@id\":\"https:\/\/fetalaconca.cat\/es\/#\/schema\/logo\/image\/\",\"url\":\"https:\/\/fetalaconca.cat\/wp-content\/uploads\/2020\/02\/logo_pegatina_400.png\",\"contentUrl\":\"https:\/\/fetalaconca.cat\/wp-content\/uploads\/2020\/02\/logo_pegatina_400.png\",\"width\":400,\"height\":400,\"caption\":\"Fet a la Conca\"},\"image\":{\"@id\":\"https:\/\/fetalaconca.cat\/es\/#\/schema\/logo\/image\/\"},\"sameAs\":[\"https:\/\/www.facebook.com\/fetalaconca\/\",\"https:\/\/x.com\/fetalaconca\",\"https:\/\/www.instagram.com\/fetalaconca\/\"]}]}<\/script>\n<!-- \/ Yoast SEO plugin. -->","yoast_head_json":{"title":"Queso Flor de Neu con trufa | T\u00f2fona de la Conca","description":"Queso de vaca 'Flor de Neu' con l\u00e1minas de trufa negra del productor de Fet a la Conca, T\u00f2fona de la Conca.","robots":{"index":"index","follow":"follow","max-snippet":"max-snippet:-1","max-image-preview":"max-image-preview:large","max-video-preview":"max-video-preview:-1"},"canonical":"https:\/\/fetalaconca.cat\/es\/producte\/queso-flor-de-nieve-con-trufa\/","og_locale":"es_ES","og_type":"article","og_title":"Queso Flor de Neu con trufa | T\u00f2fona de la Conca","og_description":"Queso de vaca 'Flor de Neu' con l\u00e1minas de trufa negra del productor de Fet a la Conca, T\u00f2fona de la Conca.","og_url":"https:\/\/fetalaconca.cat\/es\/producte\/queso-flor-de-nieve-con-trufa\/","og_site_name":"Fet a la Conca","article_publisher":"https:\/\/www.facebook.com\/fetalaconca\/","og_image":[{"width":960,"height":816,"url":"https:\/\/fetalaconca.cat\/wp-content\/uploads\/2020\/03\/53672003_422906188281197_5686830093414957056_n.jpg","type":"image\/jpeg"}],"twitter_card":"summary_large_image","twitter_site":"@fetalaconca","twitter_misc":{"Tiempo de lectura":"1 minuto"},"schema":{"@context":"https:\/\/schema.org","@graph":[{"@type":"WebPage","@id":"https:\/\/fetalaconca.cat\/es\/producte\/queso-flor-de-nieve-con-trufa\/","url":"https:\/\/fetalaconca.cat\/es\/producte\/queso-flor-de-nieve-con-trufa\/","name":"Queso Flor de Neu con trufa | T\u00f2fona de la Conca","isPartOf":{"@id":"https:\/\/fetalaconca.cat\/es\/#website"},"primaryImageOfPage":{"@id":"https:\/\/fetalaconca.cat\/es\/producte\/queso-flor-de-nieve-con-trufa\/#primaryimage"},"image":{"@id":"https:\/\/fetalaconca.cat\/es\/producte\/queso-flor-de-nieve-con-trufa\/#primaryimage"},"thumbnailUrl":"https:\/\/fetalaconca.cat\/wp-content\/uploads\/2020\/03\/53672003_422906188281197_5686830093414957056_n.jpg","datePublished":"2020-12-23T15:02:59+00:00","description":"Queso de vaca 'Flor de Neu' con l\u00e1minas de trufa negra del productor de Fet a la Conca, T\u00f2fona de la Conca.","breadcrumb":{"@id":"https:\/\/fetalaconca.cat\/es\/producte\/queso-flor-de-nieve-con-trufa\/#breadcrumb"},"inLanguage":"es","potentialAction":[{"@type":"ReadAction","target":["https:\/\/fetalaconca.cat\/es\/producte\/queso-flor-de-nieve-con-trufa\/"]}]},{"@type":"ImageObject","inLanguage":"es","@id":"https:\/\/fetalaconca.cat\/es\/producte\/queso-flor-de-nieve-con-trufa\/#primaryimage","url":"https:\/\/fetalaconca.cat\/wp-content\/uploads\/2020\/03\/53672003_422906188281197_5686830093414957056_n.jpg","contentUrl":"https:\/\/fetalaconca.cat\/wp-content\/uploads\/2020\/03\/53672003_422906188281197_5686830093414957056_n.jpg","width":960,"height":816},{"@type":"BreadcrumbList","@id":"https:\/\/fetalaconca.cat\/es\/producte\/queso-flor-de-nieve-con-trufa\/#breadcrumb","itemListElement":[{"@type":"ListItem","position":1,"name":"Inici","item":"https:\/\/fetalaconca.cat\/es\/"},{"@type":"ListItem","position":2,"name":"Tienda","item":"https:\/\/fetalaconca.cat\/es\/tienda\/"},{"@type":"ListItem","position":3,"name":"Queso &#8216;Flor de neu&#8217; con trufa | T\u00f2fona de la Conca"}]},{"@type":"WebSite","@id":"https:\/\/fetalaconca.cat\/es\/#website","url":"https:\/\/fetalaconca.cat\/es\/","name":"Fet a la Conca","description":"Qualitat alimen\u00e0ria","publisher":{"@id":"https:\/\/fetalaconca.cat\/es\/#organization"},"potentialAction":[{"@type":"SearchAction","target":{"@type":"EntryPoint","urlTemplate":"https:\/\/fetalaconca.cat\/es\/?s={search_term_string}"},"query-input":{"@type":"PropertyValueSpecification","valueRequired":true,"valueName":"search_term_string"}}],"inLanguage":"es"},{"@type":"Organization","@id":"https:\/\/fetalaconca.cat\/es\/#organization","name":"Fet a la Conca","url":"https:\/\/fetalaconca.cat\/es\/","logo":{"@type":"ImageObject","inLanguage":"es","@id":"https:\/\/fetalaconca.cat\/es\/#\/schema\/logo\/image\/","url":"https:\/\/fetalaconca.cat\/wp-content\/uploads\/2020\/02\/logo_pegatina_400.png","contentUrl":"https:\/\/fetalaconca.cat\/wp-content\/uploads\/2020\/02\/logo_pegatina_400.png","width":400,"height":400,"caption":"Fet a la Conca"},"image":{"@id":"https:\/\/fetalaconca.cat\/es\/#\/schema\/logo\/image\/"},"sameAs":["https:\/\/www.facebook.com\/fetalaconca\/","https:\/\/x.com\/fetalaconca","https:\/\/www.instagram.com\/fetalaconca\/"]}]}},"_links":{"self":[{"href":"https:\/\/fetalaconca.cat\/es\/wp-json\/wp\/v2\/product\/4331","targetHints":{"allow":["GET"]}}],"collection":[{"href":"https:\/\/fetalaconca.cat\/es\/wp-json\/wp\/v2\/product"}],"about":[{"href":"https:\/\/fetalaconca.cat\/es\/wp-json\/wp\/v2\/types\/product"}],"wp:featuredmedia":[{"embeddable":true,"href":"https:\/\/fetalaconca.cat\/es\/wp-json\/wp\/v2\/media\/3727"}],"wp:attachment":[{"href":"https:\/\/fetalaconca.cat\/es\/wp-json\/wp\/v2\/media?parent=4331"}],"wp:term":[{"taxonomy":"product_brand","embeddable":true,"href":"https:\/\/fetalaconca.cat\/es\/wp-json\/wp\/v2\/product_brand?post=4331"},{"taxonomy":"product_cat","embeddable":true,"href":"https:\/\/fetalaconca.cat\/es\/wp-json\/wp\/v2\/product_cat?post=4331"},{"taxonomy":"product_tag","embeddable":true,"href":"https:\/\/fetalaconca.cat\/es\/wp-json\/wp\/v2\/product_tag?post=4331"}],"curies":[{"name":"wp","href":"https:\/\/api.w.org\/{rel}","templated":true}]}}