{"id":4376,"date":"2020-03-01T18:02:48","date_gmt":"2020-12-23T16:39:17","guid":{"rendered":"https:\/\/fetalaconca.cat\/producte\/vinagre-cabernet-a-la-miel-con-azafran-250-ml\/"},"modified":"2020-12-23T16:39:17","modified_gmt":"2020-12-23T16:39:17","slug":"vinagre-cabernet-a-la-miel-con-azafran-250-ml","status":"publish","type":"product","link":"https:\/\/fetalaconca.cat\/es\/producte\/vinagre-cabernet-a-la-miel-con-azafran-250-ml\/","title":{"rendered":"Vinagre Cabernet 15 a\u00f1os con miel y azafr\u00e1n | Aroma de la Cuenca"},"content":{"rendered":"<h1><strong>Hacemos territorio, consumimos productos de km0. \ud83d\udc9a Productos de proximidad<em> made in<\/em> La Conca de Barber\u00e0.<\/strong><\/h1>\n<h2>Aromis de de la Conca<\/h2>\n<p>Su proyecto surge de la ilusi\u00f3n de volver a producir azafr\u00e1n en la Conca de Barber\u00e0, como se hab\u00eda hecho desde la \u00e9poca medieval. La Conca de Barber\u00e0 y la Baja Segarra hab\u00edan sido importantes centros productores y comercializadores de azafr\u00e1n hasta comienzos del siglo XX. [&#8230;] <a href=\"https:\/\/fetalaconca.cat\/es\/cooperativa\/aromis\/\">Lee m\u00e1s.<\/a><\/p>\n<p><strong>CONTACTO :<\/strong><\/p>\n<p>C\/Mestre Cabr\u00e9, 9<br \/>\n43400 Montblanc<br \/>\n<a href=\"tel:+34977860910\">977 860 910<\/a><br \/>\n<a href=\"tel:+34696718135\">696 718 135<\/a><br \/>\n<a href=\"mailto:info@aromis.cat\">info@aromis.cat<\/a><br \/>\n<a href=\"http:\/\/www.aromis.cat\/\" target=\"_blank\" rel=\"noopener noreferrer\">www.aromis.cat<\/a><\/p>\n","protected":false},"excerpt":{"rendered":"<h4>Resultado de una interesante combinaci\u00f3n de ingredientes de proximidad:<strong> vinagre Cabernet<\/strong> de vi\u00f1edos de proximidad,<strong> miel<\/strong> de las abejas que pastan por las flores de nuestras hierbas arom\u00e1ticas y<strong> azafr\u00e1n<\/strong> propio. La consecuencia: una buena cremosidad y dulzura.<\/h4>\n<h2>ORIGEN:<\/h2>\n<p>La Conca de Barber\u00e0.<\/p>\n<h2>INGREDIENTES<\/h2>\n<p>Vinagre Cabernet + miel y azafr\u00e1n.<br \/>\n<em>* Todos procedentes de cultivo ecol\u00f3gico certificado CCPAE y UE.<\/em><\/p>\n<h2>ALERGENOS<\/h2>\n<p>No contiene.<\/p>\n<h2>IDEAL &#8230;<\/h2>\n<ul>\n<li>Para dar un sabor especial a verduras, ensaladas y salsas.<\/li>\n<li>Para los cocinitas m\u00e1s curiosos.<\/li>\n<\/ul>\n<blockquote><p>\ud83d\udcaa\ud83c\udffc Fomentamos el consumo local, amamos nuestra tierra a trav\u00e9s de nuestros productos! \ud83d\udc9b<\/p><\/blockquote>\n","protected":false},"featured_media":3636,"template":"","meta":[],"product_brand":[],"product_cat":[133,135],"product_tag":[203],"class_list":{"0":"post-4376","1":"product","2":"type-product","3":"status-publish","4":"has-post-thumbnail","6":"pwb-brand-aromis-es-2","7":"product_cat-aceites-y-vinagres","8":"product_cat-vinagres-es","9":"product_tag-250-ml-es","11":"first","12":"instock","13":"taxable","14":"shipping-taxable","15":"purchasable","16":"product-type-simple"},"brands":[{"id":160,"name":"Aromis de la Conca","slug":"aromis-es-2"}],"yoast_head":"<!-- This site is optimized with the Yoast SEO plugin v25.2 - https:\/\/yoast.com\/wordpress\/plugins\/seo\/ -->\n<title>Vinagre Cabernet 15 a\u00f1os con miel y azafr\u00e1n | Aromis de la Conca<\/title>\n<meta name=\"description\" content=\"Descubre el Vinagre Cabernet 15 a\u00f1os con miel y azafr\u00e1n deAromis de la Conca. Productor de Fet a la Conca. \u00a1Delicioso!\" \/>\n<meta name=\"robots\" content=\"index, follow, max-snippet:-1, max-image-preview:large, max-video-preview:-1\" \/>\n<link rel=\"canonical\" href=\"https:\/\/fetalaconca.cat\/es\/producte\/vinagre-cabernet-a-la-miel-con-azafran-250-ml\/\" \/>\n<meta property=\"og:locale\" content=\"es_ES\" \/>\n<meta property=\"og:type\" content=\"article\" \/>\n<meta property=\"og:title\" content=\"Vinagre Cabernet 15 a\u00f1os con miel y azafr\u00e1n | Aromis de la Conca\" \/>\n<meta property=\"og:description\" content=\"Descubre el Vinagre Cabernet 15 a\u00f1os con miel y azafr\u00e1n deAromis de la Conca. Productor de Fet a la Conca. \u00a1Delicioso!\" \/>\n<meta property=\"og:url\" content=\"https:\/\/fetalaconca.cat\/es\/producte\/vinagre-cabernet-a-la-miel-con-azafran-250-ml\/\" \/>\n<meta property=\"og:site_name\" content=\"Fet a la Conca\" \/>\n<meta property=\"article:publisher\" content=\"https:\/\/www.facebook.com\/fetalaconca\/\" \/>\n<meta property=\"og:image\" content=\"https:\/\/fetalaconca.cat\/wp-content\/uploads\/2020\/03\/aromis_vinagre_cabernet.jpg\" \/>\n\t<meta property=\"og:image:width\" content=\"600\" \/>\n\t<meta property=\"og:image:height\" content=\"600\" \/>\n\t<meta property=\"og:image:type\" content=\"image\/jpeg\" \/>\n<meta name=\"twitter:card\" content=\"summary_large_image\" \/>\n<meta name=\"twitter:site\" content=\"@fetalaconca\" \/>\n<script type=\"application\/ld+json\" class=\"yoast-schema-graph\">{\"@context\":\"https:\/\/schema.org\",\"@graph\":[{\"@type\":\"WebPage\",\"@id\":\"https:\/\/fetalaconca.cat\/es\/producte\/vinagre-cabernet-a-la-miel-con-azafran-250-ml\/\",\"url\":\"https:\/\/fetalaconca.cat\/es\/producte\/vinagre-cabernet-a-la-miel-con-azafran-250-ml\/\",\"name\":\"Vinagre Cabernet 15 a\u00f1os con miel y azafr\u00e1n | Aromis de la Conca\",\"isPartOf\":{\"@id\":\"https:\/\/fetalaconca.cat\/es\/#website\"},\"primaryImageOfPage\":{\"@id\":\"https:\/\/fetalaconca.cat\/es\/producte\/vinagre-cabernet-a-la-miel-con-azafran-250-ml\/#primaryimage\"},\"image\":{\"@id\":\"https:\/\/fetalaconca.cat\/es\/producte\/vinagre-cabernet-a-la-miel-con-azafran-250-ml\/#primaryimage\"},\"thumbnailUrl\":\"https:\/\/fetalaconca.cat\/wp-content\/uploads\/2020\/03\/aromis_vinagre_cabernet.jpg\",\"datePublished\":\"2020-12-23T16:39:17+00:00\",\"description\":\"Descubre el Vinagre Cabernet 15 a\u00f1os con miel y azafr\u00e1n deAromis de la Conca. Productor de Fet a la Conca. \u00a1Delicioso!\",\"breadcrumb\":{\"@id\":\"https:\/\/fetalaconca.cat\/es\/producte\/vinagre-cabernet-a-la-miel-con-azafran-250-ml\/#breadcrumb\"},\"inLanguage\":\"es\",\"potentialAction\":[{\"@type\":\"ReadAction\",\"target\":[\"https:\/\/fetalaconca.cat\/es\/producte\/vinagre-cabernet-a-la-miel-con-azafran-250-ml\/\"]}]},{\"@type\":\"ImageObject\",\"inLanguage\":\"es\",\"@id\":\"https:\/\/fetalaconca.cat\/es\/producte\/vinagre-cabernet-a-la-miel-con-azafran-250-ml\/#primaryimage\",\"url\":\"https:\/\/fetalaconca.cat\/wp-content\/uploads\/2020\/03\/aromis_vinagre_cabernet.jpg\",\"contentUrl\":\"https:\/\/fetalaconca.cat\/wp-content\/uploads\/2020\/03\/aromis_vinagre_cabernet.jpg\",\"width\":600,\"height\":600,\"caption\":\"Packs Fet a la Conca\"},{\"@type\":\"BreadcrumbList\",\"@id\":\"https:\/\/fetalaconca.cat\/es\/producte\/vinagre-cabernet-a-la-miel-con-azafran-250-ml\/#breadcrumb\",\"itemListElement\":[{\"@type\":\"ListItem\",\"position\":1,\"name\":\"Inici\",\"item\":\"https:\/\/fetalaconca.cat\/es\/\"},{\"@type\":\"ListItem\",\"position\":2,\"name\":\"Tienda\",\"item\":\"https:\/\/fetalaconca.cat\/es\/tienda\/\"},{\"@type\":\"ListItem\",\"position\":3,\"name\":\"Vinagre Cabernet 15 a\u00f1os con miel y azafr\u00e1n | Aroma de la Cuenca\"}]},{\"@type\":\"WebSite\",\"@id\":\"https:\/\/fetalaconca.cat\/es\/#website\",\"url\":\"https:\/\/fetalaconca.cat\/es\/\",\"name\":\"Fet a la Conca\",\"description\":\"Qualitat alimen\u00e0ria\",\"publisher\":{\"@id\":\"https:\/\/fetalaconca.cat\/es\/#organization\"},\"potentialAction\":[{\"@type\":\"SearchAction\",\"target\":{\"@type\":\"EntryPoint\",\"urlTemplate\":\"https:\/\/fetalaconca.cat\/es\/?s={search_term_string}\"},\"query-input\":{\"@type\":\"PropertyValueSpecification\",\"valueRequired\":true,\"valueName\":\"search_term_string\"}}],\"inLanguage\":\"es\"},{\"@type\":\"Organization\",\"@id\":\"https:\/\/fetalaconca.cat\/es\/#organization\",\"name\":\"Fet a la Conca\",\"url\":\"https:\/\/fetalaconca.cat\/es\/\",\"logo\":{\"@type\":\"ImageObject\",\"inLanguage\":\"es\",\"@id\":\"https:\/\/fetalaconca.cat\/es\/#\/schema\/logo\/image\/\",\"url\":\"https:\/\/fetalaconca.cat\/wp-content\/uploads\/2020\/02\/logo_pegatina_400.png\",\"contentUrl\":\"https:\/\/fetalaconca.cat\/wp-content\/uploads\/2020\/02\/logo_pegatina_400.png\",\"width\":400,\"height\":400,\"caption\":\"Fet a la Conca\"},\"image\":{\"@id\":\"https:\/\/fetalaconca.cat\/es\/#\/schema\/logo\/image\/\"},\"sameAs\":[\"https:\/\/www.facebook.com\/fetalaconca\/\",\"https:\/\/x.com\/fetalaconca\",\"https:\/\/www.instagram.com\/fetalaconca\/\"]}]}<\/script>\n<!-- \/ Yoast SEO plugin. -->","yoast_head_json":{"title":"Vinagre Cabernet 15 a\u00f1os con miel y azafr\u00e1n | Aromis de la Conca","description":"Descubre el Vinagre Cabernet 15 a\u00f1os con miel y azafr\u00e1n deAromis de la Conca. Productor de Fet a la Conca. \u00a1Delicioso!","robots":{"index":"index","follow":"follow","max-snippet":"max-snippet:-1","max-image-preview":"max-image-preview:large","max-video-preview":"max-video-preview:-1"},"canonical":"https:\/\/fetalaconca.cat\/es\/producte\/vinagre-cabernet-a-la-miel-con-azafran-250-ml\/","og_locale":"es_ES","og_type":"article","og_title":"Vinagre Cabernet 15 a\u00f1os con miel y azafr\u00e1n | Aromis de la Conca","og_description":"Descubre el Vinagre Cabernet 15 a\u00f1os con miel y azafr\u00e1n deAromis de la Conca. Productor de Fet a la Conca. \u00a1Delicioso!","og_url":"https:\/\/fetalaconca.cat\/es\/producte\/vinagre-cabernet-a-la-miel-con-azafran-250-ml\/","og_site_name":"Fet a la Conca","article_publisher":"https:\/\/www.facebook.com\/fetalaconca\/","og_image":[{"width":600,"height":600,"url":"https:\/\/fetalaconca.cat\/wp-content\/uploads\/2020\/03\/aromis_vinagre_cabernet.jpg","type":"image\/jpeg"}],"twitter_card":"summary_large_image","twitter_site":"@fetalaconca","schema":{"@context":"https:\/\/schema.org","@graph":[{"@type":"WebPage","@id":"https:\/\/fetalaconca.cat\/es\/producte\/vinagre-cabernet-a-la-miel-con-azafran-250-ml\/","url":"https:\/\/fetalaconca.cat\/es\/producte\/vinagre-cabernet-a-la-miel-con-azafran-250-ml\/","name":"Vinagre Cabernet 15 a\u00f1os con miel y azafr\u00e1n | Aromis de la Conca","isPartOf":{"@id":"https:\/\/fetalaconca.cat\/es\/#website"},"primaryImageOfPage":{"@id":"https:\/\/fetalaconca.cat\/es\/producte\/vinagre-cabernet-a-la-miel-con-azafran-250-ml\/#primaryimage"},"image":{"@id":"https:\/\/fetalaconca.cat\/es\/producte\/vinagre-cabernet-a-la-miel-con-azafran-250-ml\/#primaryimage"},"thumbnailUrl":"https:\/\/fetalaconca.cat\/wp-content\/uploads\/2020\/03\/aromis_vinagre_cabernet.jpg","datePublished":"2020-12-23T16:39:17+00:00","description":"Descubre el Vinagre Cabernet 15 a\u00f1os con miel y azafr\u00e1n deAromis de la Conca. Productor de Fet a la Conca. \u00a1Delicioso!","breadcrumb":{"@id":"https:\/\/fetalaconca.cat\/es\/producte\/vinagre-cabernet-a-la-miel-con-azafran-250-ml\/#breadcrumb"},"inLanguage":"es","potentialAction":[{"@type":"ReadAction","target":["https:\/\/fetalaconca.cat\/es\/producte\/vinagre-cabernet-a-la-miel-con-azafran-250-ml\/"]}]},{"@type":"ImageObject","inLanguage":"es","@id":"https:\/\/fetalaconca.cat\/es\/producte\/vinagre-cabernet-a-la-miel-con-azafran-250-ml\/#primaryimage","url":"https:\/\/fetalaconca.cat\/wp-content\/uploads\/2020\/03\/aromis_vinagre_cabernet.jpg","contentUrl":"https:\/\/fetalaconca.cat\/wp-content\/uploads\/2020\/03\/aromis_vinagre_cabernet.jpg","width":600,"height":600,"caption":"Packs Fet a la Conca"},{"@type":"BreadcrumbList","@id":"https:\/\/fetalaconca.cat\/es\/producte\/vinagre-cabernet-a-la-miel-con-azafran-250-ml\/#breadcrumb","itemListElement":[{"@type":"ListItem","position":1,"name":"Inici","item":"https:\/\/fetalaconca.cat\/es\/"},{"@type":"ListItem","position":2,"name":"Tienda","item":"https:\/\/fetalaconca.cat\/es\/tienda\/"},{"@type":"ListItem","position":3,"name":"Vinagre Cabernet 15 a\u00f1os con miel y azafr\u00e1n | Aroma de la Cuenca"}]},{"@type":"WebSite","@id":"https:\/\/fetalaconca.cat\/es\/#website","url":"https:\/\/fetalaconca.cat\/es\/","name":"Fet a la Conca","description":"Qualitat alimen\u00e0ria","publisher":{"@id":"https:\/\/fetalaconca.cat\/es\/#organization"},"potentialAction":[{"@type":"SearchAction","target":{"@type":"EntryPoint","urlTemplate":"https:\/\/fetalaconca.cat\/es\/?s={search_term_string}"},"query-input":{"@type":"PropertyValueSpecification","valueRequired":true,"valueName":"search_term_string"}}],"inLanguage":"es"},{"@type":"Organization","@id":"https:\/\/fetalaconca.cat\/es\/#organization","name":"Fet a la Conca","url":"https:\/\/fetalaconca.cat\/es\/","logo":{"@type":"ImageObject","inLanguage":"es","@id":"https:\/\/fetalaconca.cat\/es\/#\/schema\/logo\/image\/","url":"https:\/\/fetalaconca.cat\/wp-content\/uploads\/2020\/02\/logo_pegatina_400.png","contentUrl":"https:\/\/fetalaconca.cat\/wp-content\/uploads\/2020\/02\/logo_pegatina_400.png","width":400,"height":400,"caption":"Fet a la Conca"},"image":{"@id":"https:\/\/fetalaconca.cat\/es\/#\/schema\/logo\/image\/"},"sameAs":["https:\/\/www.facebook.com\/fetalaconca\/","https:\/\/x.com\/fetalaconca","https:\/\/www.instagram.com\/fetalaconca\/"]}]}},"_links":{"self":[{"href":"https:\/\/fetalaconca.cat\/es\/wp-json\/wp\/v2\/product\/4376","targetHints":{"allow":["GET"]}}],"collection":[{"href":"https:\/\/fetalaconca.cat\/es\/wp-json\/wp\/v2\/product"}],"about":[{"href":"https:\/\/fetalaconca.cat\/es\/wp-json\/wp\/v2\/types\/product"}],"wp:featuredmedia":[{"embeddable":true,"href":"https:\/\/fetalaconca.cat\/es\/wp-json\/wp\/v2\/media\/3636"}],"wp:attachment":[{"href":"https:\/\/fetalaconca.cat\/es\/wp-json\/wp\/v2\/media?parent=4376"}],"wp:term":[{"taxonomy":"product_brand","embeddable":true,"href":"https:\/\/fetalaconca.cat\/es\/wp-json\/wp\/v2\/product_brand?post=4376"},{"taxonomy":"product_cat","embeddable":true,"href":"https:\/\/fetalaconca.cat\/es\/wp-json\/wp\/v2\/product_cat?post=4376"},{"taxonomy":"product_tag","embeddable":true,"href":"https:\/\/fetalaconca.cat\/es\/wp-json\/wp\/v2\/product_tag?post=4376"}],"curies":[{"name":"wp","href":"https:\/\/api.w.org\/{rel}","templated":true}]}}