{"id":4428,"date":"2020-03-18T11:55:29","date_gmt":"2020-12-23T21:40:42","guid":{"rendered":"https:\/\/fetalaconca.cat\/producte\/estuche-seleccion-chafados-choco-mix\/"},"modified":"2020-12-23T21:51:31","modified_gmt":"2020-12-23T21:51:31","slug":"estuche-seleccion-aplastados-choco-mix","status":"publish","type":"product","link":"https:\/\/fetalaconca.cat\/es\/producte\/estuche-seleccion-aplastados-choco-mix\/","title":{"rendered":"Selecci\u00f3n chafados de chocolate | Especialitats Cobo"},"content":{"rendered":"<blockquote>\n<h1><strong>Hacemos territorio, consumimos productos de km0. \ud83d\udc9a Productos de proximidad<em> made in<\/em> La Conca de Barber\u00e0.<\/strong><\/h1>\n<\/blockquote>\n<h2><\/h2>\n<h2><strong>ESPECIALITATS COBO<\/strong><\/h2>\n<p>Especialitats Cobo es una empresa dedicada a la artesan\u00eda ya la alimentaci\u00f3n, concretamente centrada en la elaboraci\u00f3n de galletas y dulces artesanos como los Carquinyolis, los Marilyn &#8216;s y los barquillos de Navidad. [&#8230;] <em><a href=\"https:\/\/fetalaconca.cat\/es\/cooperativa\/especialitats-cobo\/\">Lee m\u00e1s.<\/a><\/em><\/p>\n<p>&nbsp;<\/p>\n<p><strong>CONTACTO :<\/strong><br \/>\nC \/ Ermita, 20<br \/>\n43440 Espluga de Francol\u00ed<br \/>\n<a href=\"tel:+34977870977\">977870977 |<\/a><a href=\"tel:+34977870159\"> 977870159<\/a><br \/>\n<a href=\"mailto:fabrica@especialitatscobo.es\">fabrica@especialitatscobo.es<\/a><br \/>\n<a href=\"http:\/\/www.especialitatscobo.es\/\" target=\"_blank\" rel=\"noopener noreferrer\">www.especialitatscobo.es<\/a><\/p>\n","protected":false},"excerpt":{"rendered":"<h4><strong>Chafados<\/strong> | Para la elaboraci\u00f3n de las galletas &#8216;chafados&#8217; emplea la misma pasta que los vanos Marilyn &#8216;s. Posteriormente se aplasta y se ba\u00f1a con un delicioso chocolate al 60% de cacao.<\/h4>\n<h2>ORIGEN:<\/h2>\n<p>La Conca de Barber\u00e0.<\/p>\n<h2>INGREDIENTES:<\/h2>\n<p>Harina de trigo + Chocolate 25%: (pasta de cacao 60%, az\u00facar, manteca de cacao, aroma vainilla) + az\u00facar + margarina vegetal + emulgente: lecitina de soja + sal + vainilla + colorantes: extracto de c\u00farcuma y caroteno.<\/p>\n<h2>ALERGENOS:<\/h2>\n<ul>\n<li>Harina de trigo<\/li>\n<li>Lecitina de soja<\/li>\n<li>Almendra.<\/li>\n<\/ul>\n<p><em>* Puede contener trazas de huevo, de almendra y leche.<\/em><\/p>\n<h2>IDEAL &#8230;<\/h2>\n<ul>\n<li>Para los amantes de las galletas con chocolate.<\/li>\n<li>Por los que apuestan por la artesan\u00eda alimentaria.<\/li>\n<\/ul>\n<blockquote>\n<h3><strong><span class=\"_5mfr\"><span class=\"_6qdm\">\ud83d\udcaa\ud83c\udffc<\/span><\/span> \u00a1Fomentamos el consumo local, amamos nuestra tierra a trav\u00e9s de nuestros productos! \ud83d\udc9b<\/strong><\/h3>\n<\/blockquote>\n","protected":false},"featured_media":3680,"template":"","meta":[],"product_brand":[],"product_cat":[141],"product_tag":[],"class_list":{"0":"post-4428","1":"product","2":"type-product","3":"status-publish","4":"has-post-thumbnail","6":"pwb-brand-especialitats-cobo-es","7":"product_cat-barquillos","9":"first","10":"outofstock","11":"taxable","12":"shipping-taxable","13":"purchasable","14":"product-type-simple"},"brands":[{"id":173,"name":"Especialitats Cobo","slug":"especialitats-cobo-es"}],"yoast_head":"<!-- This site is optimized with the Yoast SEO plugin v25.2 - https:\/\/yoast.com\/wordpress\/plugins\/seo\/ -->\n<title>Selecci\u00f3n galletas chafados con chocolate 25% | Especialitats Cobo<\/title>\n<meta name=\"description\" content=\"Selecci\u00f3n de chafados artesanos ba\u00f1ados con un 29% de chocolate al 60% de cacao de Especialitats Cobo. Galletas artesanas.\" \/>\n<meta name=\"robots\" content=\"index, follow, max-snippet:-1, max-image-preview:large, max-video-preview:-1\" \/>\n<link rel=\"canonical\" href=\"https:\/\/fetalaconca.cat\/es\/producte\/estuche-seleccion-aplastados-choco-mix\/\" \/>\n<meta property=\"og:locale\" content=\"es_ES\" \/>\n<meta property=\"og:type\" content=\"article\" \/>\n<meta property=\"og:title\" content=\"Selecci\u00f3n galletas chafados con chocolate 25% | Especialitats Cobo\" \/>\n<meta property=\"og:description\" content=\"Selecci\u00f3n de chafados artesanos ba\u00f1ados con un 29% de chocolate al 60% de cacao de Especialitats Cobo. Galletas artesanas.\" \/>\n<meta property=\"og:url\" content=\"https:\/\/fetalaconca.cat\/es\/producte\/estuche-seleccion-aplastados-choco-mix\/\" \/>\n<meta property=\"og:site_name\" content=\"Fet a la Conca\" \/>\n<meta property=\"article:publisher\" content=\"https:\/\/www.facebook.com\/fetalaconca\/\" \/>\n<meta property=\"article:modified_time\" content=\"2020-12-23T21:51:31+00:00\" \/>\n<meta property=\"og:image\" content=\"https:\/\/fetalaconca.cat\/wp-content\/uploads\/2020\/03\/Xafats-Xoco-Mix_MG_8249.jpg\" \/>\n\t<meta property=\"og:image:width\" content=\"2500\" \/>\n\t<meta property=\"og:image:height\" content=\"1667\" \/>\n\t<meta property=\"og:image:type\" content=\"image\/jpeg\" \/>\n<meta name=\"twitter:card\" content=\"summary_large_image\" \/>\n<meta name=\"twitter:site\" content=\"@fetalaconca\" \/>\n<script type=\"application\/ld+json\" class=\"yoast-schema-graph\">{\"@context\":\"https:\/\/schema.org\",\"@graph\":[{\"@type\":\"WebPage\",\"@id\":\"https:\/\/fetalaconca.cat\/es\/producte\/estuche-seleccion-aplastados-choco-mix\/\",\"url\":\"https:\/\/fetalaconca.cat\/es\/producte\/estuche-seleccion-aplastados-choco-mix\/\",\"name\":\"Selecci\u00f3n galletas chafados con chocolate 25% | Especialitats Cobo\",\"isPartOf\":{\"@id\":\"https:\/\/fetalaconca.cat\/es\/#website\"},\"primaryImageOfPage\":{\"@id\":\"https:\/\/fetalaconca.cat\/es\/producte\/estuche-seleccion-aplastados-choco-mix\/#primaryimage\"},\"image\":{\"@id\":\"https:\/\/fetalaconca.cat\/es\/producte\/estuche-seleccion-aplastados-choco-mix\/#primaryimage\"},\"thumbnailUrl\":\"https:\/\/fetalaconca.cat\/wp-content\/uploads\/2020\/03\/Xafats-Xoco-Mix_MG_8249.jpg\",\"datePublished\":\"2020-12-23T21:40:42+00:00\",\"dateModified\":\"2020-12-23T21:51:31+00:00\",\"description\":\"Selecci\u00f3n de chafados artesanos ba\u00f1ados con un 29% de chocolate al 60% de cacao de Especialitats Cobo. Galletas artesanas.\",\"breadcrumb\":{\"@id\":\"https:\/\/fetalaconca.cat\/es\/producte\/estuche-seleccion-aplastados-choco-mix\/#breadcrumb\"},\"inLanguage\":\"es\",\"potentialAction\":[{\"@type\":\"ReadAction\",\"target\":[\"https:\/\/fetalaconca.cat\/es\/producte\/estuche-seleccion-aplastados-choco-mix\/\"]}]},{\"@type\":\"ImageObject\",\"inLanguage\":\"es\",\"@id\":\"https:\/\/fetalaconca.cat\/es\/producte\/estuche-seleccion-aplastados-choco-mix\/#primaryimage\",\"url\":\"https:\/\/fetalaconca.cat\/wp-content\/uploads\/2020\/03\/Xafats-Xoco-Mix_MG_8249.jpg\",\"contentUrl\":\"https:\/\/fetalaconca.cat\/wp-content\/uploads\/2020\/03\/Xafats-Xoco-Mix_MG_8249.jpg\",\"width\":2500,\"height\":1667},{\"@type\":\"BreadcrumbList\",\"@id\":\"https:\/\/fetalaconca.cat\/es\/producte\/estuche-seleccion-aplastados-choco-mix\/#breadcrumb\",\"itemListElement\":[{\"@type\":\"ListItem\",\"position\":1,\"name\":\"Inici\",\"item\":\"https:\/\/fetalaconca.cat\/es\/\"},{\"@type\":\"ListItem\",\"position\":2,\"name\":\"Tienda\",\"item\":\"https:\/\/fetalaconca.cat\/es\/tienda\/\"},{\"@type\":\"ListItem\",\"position\":3,\"name\":\"Selecci\u00f3n chafados de chocolate | Especialitats Cobo\"}]},{\"@type\":\"WebSite\",\"@id\":\"https:\/\/fetalaconca.cat\/es\/#website\",\"url\":\"https:\/\/fetalaconca.cat\/es\/\",\"name\":\"Fet a la Conca\",\"description\":\"Qualitat alimen\u00e0ria\",\"publisher\":{\"@id\":\"https:\/\/fetalaconca.cat\/es\/#organization\"},\"potentialAction\":[{\"@type\":\"SearchAction\",\"target\":{\"@type\":\"EntryPoint\",\"urlTemplate\":\"https:\/\/fetalaconca.cat\/es\/?s={search_term_string}\"},\"query-input\":{\"@type\":\"PropertyValueSpecification\",\"valueRequired\":true,\"valueName\":\"search_term_string\"}}],\"inLanguage\":\"es\"},{\"@type\":\"Organization\",\"@id\":\"https:\/\/fetalaconca.cat\/es\/#organization\",\"name\":\"Fet a la Conca\",\"url\":\"https:\/\/fetalaconca.cat\/es\/\",\"logo\":{\"@type\":\"ImageObject\",\"inLanguage\":\"es\",\"@id\":\"https:\/\/fetalaconca.cat\/es\/#\/schema\/logo\/image\/\",\"url\":\"https:\/\/fetalaconca.cat\/wp-content\/uploads\/2020\/02\/logo_pegatina_400.png\",\"contentUrl\":\"https:\/\/fetalaconca.cat\/wp-content\/uploads\/2020\/02\/logo_pegatina_400.png\",\"width\":400,\"height\":400,\"caption\":\"Fet a la Conca\"},\"image\":{\"@id\":\"https:\/\/fetalaconca.cat\/es\/#\/schema\/logo\/image\/\"},\"sameAs\":[\"https:\/\/www.facebook.com\/fetalaconca\/\",\"https:\/\/x.com\/fetalaconca\",\"https:\/\/www.instagram.com\/fetalaconca\/\"]}]}<\/script>\n<!-- \/ Yoast SEO plugin. -->","yoast_head_json":{"title":"Selecci\u00f3n galletas chafados con chocolate 25% | Especialitats Cobo","description":"Selecci\u00f3n de chafados artesanos ba\u00f1ados con un 29% de chocolate al 60% de cacao de Especialitats Cobo. Galletas artesanas.","robots":{"index":"index","follow":"follow","max-snippet":"max-snippet:-1","max-image-preview":"max-image-preview:large","max-video-preview":"max-video-preview:-1"},"canonical":"https:\/\/fetalaconca.cat\/es\/producte\/estuche-seleccion-aplastados-choco-mix\/","og_locale":"es_ES","og_type":"article","og_title":"Selecci\u00f3n galletas chafados con chocolate 25% | Especialitats Cobo","og_description":"Selecci\u00f3n de chafados artesanos ba\u00f1ados con un 29% de chocolate al 60% de cacao de Especialitats Cobo. Galletas artesanas.","og_url":"https:\/\/fetalaconca.cat\/es\/producte\/estuche-seleccion-aplastados-choco-mix\/","og_site_name":"Fet a la Conca","article_publisher":"https:\/\/www.facebook.com\/fetalaconca\/","article_modified_time":"2020-12-23T21:51:31+00:00","og_image":[{"width":2500,"height":1667,"url":"https:\/\/fetalaconca.cat\/wp-content\/uploads\/2020\/03\/Xafats-Xoco-Mix_MG_8249.jpg","type":"image\/jpeg"}],"twitter_card":"summary_large_image","twitter_site":"@fetalaconca","schema":{"@context":"https:\/\/schema.org","@graph":[{"@type":"WebPage","@id":"https:\/\/fetalaconca.cat\/es\/producte\/estuche-seleccion-aplastados-choco-mix\/","url":"https:\/\/fetalaconca.cat\/es\/producte\/estuche-seleccion-aplastados-choco-mix\/","name":"Selecci\u00f3n galletas chafados con chocolate 25% | Especialitats Cobo","isPartOf":{"@id":"https:\/\/fetalaconca.cat\/es\/#website"},"primaryImageOfPage":{"@id":"https:\/\/fetalaconca.cat\/es\/producte\/estuche-seleccion-aplastados-choco-mix\/#primaryimage"},"image":{"@id":"https:\/\/fetalaconca.cat\/es\/producte\/estuche-seleccion-aplastados-choco-mix\/#primaryimage"},"thumbnailUrl":"https:\/\/fetalaconca.cat\/wp-content\/uploads\/2020\/03\/Xafats-Xoco-Mix_MG_8249.jpg","datePublished":"2020-12-23T21:40:42+00:00","dateModified":"2020-12-23T21:51:31+00:00","description":"Selecci\u00f3n de chafados artesanos ba\u00f1ados con un 29% de chocolate al 60% de cacao de Especialitats Cobo. Galletas artesanas.","breadcrumb":{"@id":"https:\/\/fetalaconca.cat\/es\/producte\/estuche-seleccion-aplastados-choco-mix\/#breadcrumb"},"inLanguage":"es","potentialAction":[{"@type":"ReadAction","target":["https:\/\/fetalaconca.cat\/es\/producte\/estuche-seleccion-aplastados-choco-mix\/"]}]},{"@type":"ImageObject","inLanguage":"es","@id":"https:\/\/fetalaconca.cat\/es\/producte\/estuche-seleccion-aplastados-choco-mix\/#primaryimage","url":"https:\/\/fetalaconca.cat\/wp-content\/uploads\/2020\/03\/Xafats-Xoco-Mix_MG_8249.jpg","contentUrl":"https:\/\/fetalaconca.cat\/wp-content\/uploads\/2020\/03\/Xafats-Xoco-Mix_MG_8249.jpg","width":2500,"height":1667},{"@type":"BreadcrumbList","@id":"https:\/\/fetalaconca.cat\/es\/producte\/estuche-seleccion-aplastados-choco-mix\/#breadcrumb","itemListElement":[{"@type":"ListItem","position":1,"name":"Inici","item":"https:\/\/fetalaconca.cat\/es\/"},{"@type":"ListItem","position":2,"name":"Tienda","item":"https:\/\/fetalaconca.cat\/es\/tienda\/"},{"@type":"ListItem","position":3,"name":"Selecci\u00f3n chafados de chocolate | Especialitats Cobo"}]},{"@type":"WebSite","@id":"https:\/\/fetalaconca.cat\/es\/#website","url":"https:\/\/fetalaconca.cat\/es\/","name":"Fet a la Conca","description":"Qualitat alimen\u00e0ria","publisher":{"@id":"https:\/\/fetalaconca.cat\/es\/#organization"},"potentialAction":[{"@type":"SearchAction","target":{"@type":"EntryPoint","urlTemplate":"https:\/\/fetalaconca.cat\/es\/?s={search_term_string}"},"query-input":{"@type":"PropertyValueSpecification","valueRequired":true,"valueName":"search_term_string"}}],"inLanguage":"es"},{"@type":"Organization","@id":"https:\/\/fetalaconca.cat\/es\/#organization","name":"Fet a la Conca","url":"https:\/\/fetalaconca.cat\/es\/","logo":{"@type":"ImageObject","inLanguage":"es","@id":"https:\/\/fetalaconca.cat\/es\/#\/schema\/logo\/image\/","url":"https:\/\/fetalaconca.cat\/wp-content\/uploads\/2020\/02\/logo_pegatina_400.png","contentUrl":"https:\/\/fetalaconca.cat\/wp-content\/uploads\/2020\/02\/logo_pegatina_400.png","width":400,"height":400,"caption":"Fet a la Conca"},"image":{"@id":"https:\/\/fetalaconca.cat\/es\/#\/schema\/logo\/image\/"},"sameAs":["https:\/\/www.facebook.com\/fetalaconca\/","https:\/\/x.com\/fetalaconca","https:\/\/www.instagram.com\/fetalaconca\/"]}]}},"_links":{"self":[{"href":"https:\/\/fetalaconca.cat\/es\/wp-json\/wp\/v2\/product\/4428","targetHints":{"allow":["GET"]}}],"collection":[{"href":"https:\/\/fetalaconca.cat\/es\/wp-json\/wp\/v2\/product"}],"about":[{"href":"https:\/\/fetalaconca.cat\/es\/wp-json\/wp\/v2\/types\/product"}],"wp:featuredmedia":[{"embeddable":true,"href":"https:\/\/fetalaconca.cat\/es\/wp-json\/wp\/v2\/media\/3680"}],"wp:attachment":[{"href":"https:\/\/fetalaconca.cat\/es\/wp-json\/wp\/v2\/media?parent=4428"}],"wp:term":[{"taxonomy":"product_brand","embeddable":true,"href":"https:\/\/fetalaconca.cat\/es\/wp-json\/wp\/v2\/product_brand?post=4428"},{"taxonomy":"product_cat","embeddable":true,"href":"https:\/\/fetalaconca.cat\/es\/wp-json\/wp\/v2\/product_cat?post=4428"},{"taxonomy":"product_tag","embeddable":true,"href":"https:\/\/fetalaconca.cat\/es\/wp-json\/wp\/v2\/product_tag?post=4428"}],"curies":[{"name":"wp","href":"https:\/\/api.w.org\/{rel}","templated":true}]}}