{"id":4456,"date":"2020-03-18T23:16:46","date_gmt":"2020-12-24T08:32:40","guid":{"rendered":"https:\/\/fetalaconca.cat\/producte\/la-font-de-aubacs-2017\/"},"modified":"2020-12-24T08:32:40","modified_gmt":"2020-12-24T08:32:40","slug":"la-fuente-de-aubacs-2017","status":"publish","type":"product","link":"https:\/\/fetalaconca.cat\/es\/producte\/la-fuente-de-aubacs-2017\/","title":{"rendered":"Vino tinto La font dels Aubacs 2017 | Vega Aixal\u00e0"},"content":{"rendered":"<h1><strong>Hacemos territorio, consumimos productos de km0. \ud83d\udc9a Productos de proximidad<em> made in<\/em> La Conca de Barber\u00e0.<\/strong><\/h1>\n<p>En 2003 empezaron a construir nuestro sue\u00f1o, recuperando y reconstruyendo una vi\u00f1a vieja de nuestro abuelo, en el que ya hab\u00edan cultivado vi\u00f1a a\u00f1os atr\u00e1s y, durante su infancia, hab\u00edan elaborado vino de forma tradicional. Ampliaron el cultivo hasta el a\u00f1o 2006, en el que ya contaban con 10 hect\u00e1reas de vi\u00f1edo plantadas. [&#8230;]<a href=\"https:\/\/fetalaconca.cat\/es\/cooperativa\/vega-aixala\/\"> Leer m\u00e1s.<\/a><\/p>\n<p><strong>CONTACTO<\/strong> :<\/p>\n<p>Calle de la Fuente, 11<br \/>\n43439 Vilanova de Prades<br \/>\n<a href=\"tel:+34636519821\">636 519 821<\/a><br \/>\n<a href=\"mailto:info@vegaaixala.com\">info@vegaaixala.com<\/a><br \/>\n<a href=\"http:\/\/www.vegaaixala.com\/\" target=\"_blank\" rel=\"noopener noreferrer\">www.vegaaixala.com<\/a><\/p>\n","protected":false},"excerpt":{"rendered":"<h4>Vino monovarietal de la variedad<strong> Pinot noir con crianza de 4 meses<\/strong> en barrica de roble franc\u00e9s.<\/h4>\n<h2>\nORIGEN:<\/h2>\n<p>La Conca de Barber\u00e0.<\/p>\n<h2>\nNOTA DE CATA<\/h2>\n<p><strong>EN VISTA<\/strong> | Capa mitjana.EN NAS | Notas florales.<br \/>\n<strong>EN BOCA<\/strong> | Ligero con taninos suaves.<\/p>\n<h2>\nALERGENOS<\/h2>\n<p>No contiene.<\/p>\n<h2>\nPREMIOS &amp; DISTINCIONES<\/h2>\n<p>Denominaci\u00f3n de origen DO Conca de Barber\u00e0.<\/p>\n<h2>IDEAL &#8230;<\/h2>\n<ul>\n<li>Para degustar solo (y con pareja;)<\/li>\n<li>Para casarse con una tabla de quesos, embutido ib\u00e9rico, o unos canelones caseros.<\/li>\n<\/ul>\n<blockquote><p>\ud83d\udcaa\ud83c\udffc Fomentamos el consumo local, amamos nuestra tierra a trav\u00e9s de nuestros productos! \ud83d\udc9b<\/p><\/blockquote>\n","protected":false},"featured_media":3697,"template":"","meta":[],"product_brand":[],"product_cat":[147,145],"product_tag":[],"class_list":{"0":"post-4456","1":"product","2":"type-product","3":"status-publish","4":"has-post-thumbnail","6":"pwb-brand-vega-aixala-es","7":"product_cat-vinos","8":"product_cat-vinos-y-cavas","10":"first","11":"instock","12":"taxable","13":"shipping-taxable","14":"purchasable","15":"product-type-simple"},"brands":[{"id":169,"name":"Vega Aixal\u00e0","slug":"vega-aixala-es"}],"yoast_head":"<!-- This site is optimized with the Yoast SEO plugin v25.2 - https:\/\/yoast.com\/wordpress\/plugins\/seo\/ -->\n<title>Vino tinto La font dels Aubacs 2017 | Vega Aixal\u00e0 - Fet a la Conca<\/title>\n<meta name=\"description\" content=\"Descubre el vino tinto &#039;La font dels Aubacs 2017&#039; una de las referencias elaboradas por la bodega Vega Aixal\u00e0, productor de Fet a la Conca.\" \/>\n<meta name=\"robots\" content=\"index, follow, max-snippet:-1, max-image-preview:large, max-video-preview:-1\" \/>\n<link rel=\"canonical\" href=\"https:\/\/fetalaconca.cat\/es\/producte\/la-fuente-de-aubacs-2017\/\" \/>\n<meta property=\"og:locale\" content=\"es_ES\" \/>\n<meta property=\"og:type\" content=\"article\" \/>\n<meta property=\"og:title\" content=\"Vino tinto La font dels Aubacs 2017 | Vega Aixal\u00e0 - Fet a la Conca\" \/>\n<meta property=\"og:description\" content=\"Descubre el vino tinto &#039;La font dels Aubacs 2017&#039; una de las referencias elaboradas por la bodega Vega Aixal\u00e0, productor de Fet a la Conca.\" \/>\n<meta property=\"og:url\" content=\"https:\/\/fetalaconca.cat\/es\/producte\/la-fuente-de-aubacs-2017\/\" \/>\n<meta property=\"og:site_name\" content=\"Fet a la Conca\" \/>\n<meta property=\"article:publisher\" content=\"https:\/\/www.facebook.com\/fetalaconca\/\" \/>\n<meta property=\"og:image\" content=\"https:\/\/fetalaconca.cat\/wp-content\/uploads\/2020\/03\/F_AUBACS-scaled.jpg\" \/>\n\t<meta property=\"og:image:width\" content=\"1920\" \/>\n\t<meta property=\"og:image:height\" content=\"2560\" \/>\n\t<meta property=\"og:image:type\" content=\"image\/jpeg\" \/>\n<meta name=\"twitter:card\" content=\"summary_large_image\" \/>\n<meta name=\"twitter:site\" content=\"@fetalaconca\" \/>\n<script type=\"application\/ld+json\" class=\"yoast-schema-graph\">{\"@context\":\"https:\/\/schema.org\",\"@graph\":[{\"@type\":\"WebPage\",\"@id\":\"https:\/\/fetalaconca.cat\/es\/producte\/la-fuente-de-aubacs-2017\/\",\"url\":\"https:\/\/fetalaconca.cat\/es\/producte\/la-fuente-de-aubacs-2017\/\",\"name\":\"Vino tinto La font dels Aubacs 2017 | Vega Aixal\u00e0 - Fet a la Conca\",\"isPartOf\":{\"@id\":\"https:\/\/fetalaconca.cat\/es\/#website\"},\"primaryImageOfPage\":{\"@id\":\"https:\/\/fetalaconca.cat\/es\/producte\/la-fuente-de-aubacs-2017\/#primaryimage\"},\"image\":{\"@id\":\"https:\/\/fetalaconca.cat\/es\/producte\/la-fuente-de-aubacs-2017\/#primaryimage\"},\"thumbnailUrl\":\"https:\/\/fetalaconca.cat\/wp-content\/uploads\/2020\/03\/F_AUBACS-scaled.jpg\",\"datePublished\":\"2020-12-24T08:32:40+00:00\",\"description\":\"Descubre el vino tinto 'La font dels Aubacs 2017' una de las referencias elaboradas por la bodega Vega Aixal\u00e0, productor de Fet a la Conca.\",\"breadcrumb\":{\"@id\":\"https:\/\/fetalaconca.cat\/es\/producte\/la-fuente-de-aubacs-2017\/#breadcrumb\"},\"inLanguage\":\"es\",\"potentialAction\":[{\"@type\":\"ReadAction\",\"target\":[\"https:\/\/fetalaconca.cat\/es\/producte\/la-fuente-de-aubacs-2017\/\"]}]},{\"@type\":\"ImageObject\",\"inLanguage\":\"es\",\"@id\":\"https:\/\/fetalaconca.cat\/es\/producte\/la-fuente-de-aubacs-2017\/#primaryimage\",\"url\":\"https:\/\/fetalaconca.cat\/wp-content\/uploads\/2020\/03\/F_AUBACS-scaled.jpg\",\"contentUrl\":\"https:\/\/fetalaconca.cat\/wp-content\/uploads\/2020\/03\/F_AUBACS-scaled.jpg\",\"width\":1920,\"height\":2560,\"caption\":\"OLYMPUS DIGITAL CAMERA\"},{\"@type\":\"BreadcrumbList\",\"@id\":\"https:\/\/fetalaconca.cat\/es\/producte\/la-fuente-de-aubacs-2017\/#breadcrumb\",\"itemListElement\":[{\"@type\":\"ListItem\",\"position\":1,\"name\":\"Inici\",\"item\":\"https:\/\/fetalaconca.cat\/es\/\"},{\"@type\":\"ListItem\",\"position\":2,\"name\":\"Tienda\",\"item\":\"https:\/\/fetalaconca.cat\/es\/tienda\/\"},{\"@type\":\"ListItem\",\"position\":3,\"name\":\"Vino tinto La font dels Aubacs 2017 | Vega Aixal\u00e0\"}]},{\"@type\":\"WebSite\",\"@id\":\"https:\/\/fetalaconca.cat\/es\/#website\",\"url\":\"https:\/\/fetalaconca.cat\/es\/\",\"name\":\"Fet a la Conca\",\"description\":\"Qualitat alimen\u00e0ria\",\"publisher\":{\"@id\":\"https:\/\/fetalaconca.cat\/es\/#organization\"},\"potentialAction\":[{\"@type\":\"SearchAction\",\"target\":{\"@type\":\"EntryPoint\",\"urlTemplate\":\"https:\/\/fetalaconca.cat\/es\/?s={search_term_string}\"},\"query-input\":{\"@type\":\"PropertyValueSpecification\",\"valueRequired\":true,\"valueName\":\"search_term_string\"}}],\"inLanguage\":\"es\"},{\"@type\":\"Organization\",\"@id\":\"https:\/\/fetalaconca.cat\/es\/#organization\",\"name\":\"Fet a la Conca\",\"url\":\"https:\/\/fetalaconca.cat\/es\/\",\"logo\":{\"@type\":\"ImageObject\",\"inLanguage\":\"es\",\"@id\":\"https:\/\/fetalaconca.cat\/es\/#\/schema\/logo\/image\/\",\"url\":\"https:\/\/fetalaconca.cat\/wp-content\/uploads\/2020\/02\/logo_pegatina_400.png\",\"contentUrl\":\"https:\/\/fetalaconca.cat\/wp-content\/uploads\/2020\/02\/logo_pegatina_400.png\",\"width\":400,\"height\":400,\"caption\":\"Fet a la Conca\"},\"image\":{\"@id\":\"https:\/\/fetalaconca.cat\/es\/#\/schema\/logo\/image\/\"},\"sameAs\":[\"https:\/\/www.facebook.com\/fetalaconca\/\",\"https:\/\/x.com\/fetalaconca\",\"https:\/\/www.instagram.com\/fetalaconca\/\"]}]}<\/script>\n<!-- \/ Yoast SEO plugin. -->","yoast_head_json":{"title":"Vino tinto La font dels Aubacs 2017 | Vega Aixal\u00e0 - Fet a la Conca","description":"Descubre el vino tinto 'La font dels Aubacs 2017' una de las referencias elaboradas por la bodega Vega Aixal\u00e0, productor de Fet a la Conca.","robots":{"index":"index","follow":"follow","max-snippet":"max-snippet:-1","max-image-preview":"max-image-preview:large","max-video-preview":"max-video-preview:-1"},"canonical":"https:\/\/fetalaconca.cat\/es\/producte\/la-fuente-de-aubacs-2017\/","og_locale":"es_ES","og_type":"article","og_title":"Vino tinto La font dels Aubacs 2017 | Vega Aixal\u00e0 - Fet a la Conca","og_description":"Descubre el vino tinto 'La font dels Aubacs 2017' una de las referencias elaboradas por la bodega Vega Aixal\u00e0, productor de Fet a la Conca.","og_url":"https:\/\/fetalaconca.cat\/es\/producte\/la-fuente-de-aubacs-2017\/","og_site_name":"Fet a la Conca","article_publisher":"https:\/\/www.facebook.com\/fetalaconca\/","og_image":[{"width":1920,"height":2560,"url":"https:\/\/fetalaconca.cat\/wp-content\/uploads\/2020\/03\/F_AUBACS-scaled.jpg","type":"image\/jpeg"}],"twitter_card":"summary_large_image","twitter_site":"@fetalaconca","schema":{"@context":"https:\/\/schema.org","@graph":[{"@type":"WebPage","@id":"https:\/\/fetalaconca.cat\/es\/producte\/la-fuente-de-aubacs-2017\/","url":"https:\/\/fetalaconca.cat\/es\/producte\/la-fuente-de-aubacs-2017\/","name":"Vino tinto La font dels Aubacs 2017 | Vega Aixal\u00e0 - Fet a la Conca","isPartOf":{"@id":"https:\/\/fetalaconca.cat\/es\/#website"},"primaryImageOfPage":{"@id":"https:\/\/fetalaconca.cat\/es\/producte\/la-fuente-de-aubacs-2017\/#primaryimage"},"image":{"@id":"https:\/\/fetalaconca.cat\/es\/producte\/la-fuente-de-aubacs-2017\/#primaryimage"},"thumbnailUrl":"https:\/\/fetalaconca.cat\/wp-content\/uploads\/2020\/03\/F_AUBACS-scaled.jpg","datePublished":"2020-12-24T08:32:40+00:00","description":"Descubre el vino tinto 'La font dels Aubacs 2017' una de las referencias elaboradas por la bodega Vega Aixal\u00e0, productor de Fet a la Conca.","breadcrumb":{"@id":"https:\/\/fetalaconca.cat\/es\/producte\/la-fuente-de-aubacs-2017\/#breadcrumb"},"inLanguage":"es","potentialAction":[{"@type":"ReadAction","target":["https:\/\/fetalaconca.cat\/es\/producte\/la-fuente-de-aubacs-2017\/"]}]},{"@type":"ImageObject","inLanguage":"es","@id":"https:\/\/fetalaconca.cat\/es\/producte\/la-fuente-de-aubacs-2017\/#primaryimage","url":"https:\/\/fetalaconca.cat\/wp-content\/uploads\/2020\/03\/F_AUBACS-scaled.jpg","contentUrl":"https:\/\/fetalaconca.cat\/wp-content\/uploads\/2020\/03\/F_AUBACS-scaled.jpg","width":1920,"height":2560,"caption":"OLYMPUS DIGITAL CAMERA"},{"@type":"BreadcrumbList","@id":"https:\/\/fetalaconca.cat\/es\/producte\/la-fuente-de-aubacs-2017\/#breadcrumb","itemListElement":[{"@type":"ListItem","position":1,"name":"Inici","item":"https:\/\/fetalaconca.cat\/es\/"},{"@type":"ListItem","position":2,"name":"Tienda","item":"https:\/\/fetalaconca.cat\/es\/tienda\/"},{"@type":"ListItem","position":3,"name":"Vino tinto La font dels Aubacs 2017 | Vega Aixal\u00e0"}]},{"@type":"WebSite","@id":"https:\/\/fetalaconca.cat\/es\/#website","url":"https:\/\/fetalaconca.cat\/es\/","name":"Fet a la Conca","description":"Qualitat alimen\u00e0ria","publisher":{"@id":"https:\/\/fetalaconca.cat\/es\/#organization"},"potentialAction":[{"@type":"SearchAction","target":{"@type":"EntryPoint","urlTemplate":"https:\/\/fetalaconca.cat\/es\/?s={search_term_string}"},"query-input":{"@type":"PropertyValueSpecification","valueRequired":true,"valueName":"search_term_string"}}],"inLanguage":"es"},{"@type":"Organization","@id":"https:\/\/fetalaconca.cat\/es\/#organization","name":"Fet a la Conca","url":"https:\/\/fetalaconca.cat\/es\/","logo":{"@type":"ImageObject","inLanguage":"es","@id":"https:\/\/fetalaconca.cat\/es\/#\/schema\/logo\/image\/","url":"https:\/\/fetalaconca.cat\/wp-content\/uploads\/2020\/02\/logo_pegatina_400.png","contentUrl":"https:\/\/fetalaconca.cat\/wp-content\/uploads\/2020\/02\/logo_pegatina_400.png","width":400,"height":400,"caption":"Fet a la Conca"},"image":{"@id":"https:\/\/fetalaconca.cat\/es\/#\/schema\/logo\/image\/"},"sameAs":["https:\/\/www.facebook.com\/fetalaconca\/","https:\/\/x.com\/fetalaconca","https:\/\/www.instagram.com\/fetalaconca\/"]}]}},"_links":{"self":[{"href":"https:\/\/fetalaconca.cat\/es\/wp-json\/wp\/v2\/product\/4456","targetHints":{"allow":["GET"]}}],"collection":[{"href":"https:\/\/fetalaconca.cat\/es\/wp-json\/wp\/v2\/product"}],"about":[{"href":"https:\/\/fetalaconca.cat\/es\/wp-json\/wp\/v2\/types\/product"}],"wp:featuredmedia":[{"embeddable":true,"href":"https:\/\/fetalaconca.cat\/es\/wp-json\/wp\/v2\/media\/3697"}],"wp:attachment":[{"href":"https:\/\/fetalaconca.cat\/es\/wp-json\/wp\/v2\/media?parent=4456"}],"wp:term":[{"taxonomy":"product_brand","embeddable":true,"href":"https:\/\/fetalaconca.cat\/es\/wp-json\/wp\/v2\/product_brand?post=4456"},{"taxonomy":"product_cat","embeddable":true,"href":"https:\/\/fetalaconca.cat\/es\/wp-json\/wp\/v2\/product_cat?post=4456"},{"taxonomy":"product_tag","embeddable":true,"href":"https:\/\/fetalaconca.cat\/es\/wp-json\/wp\/v2\/product_tag?post=4456"}],"curies":[{"name":"wp","href":"https:\/\/api.w.org\/{rel}","templated":true}]}}