{"id":4459,"date":"2020-03-01T18:02:43","date_gmt":"2020-12-24T08:46:53","guid":{"rendered":"https:\/\/fetalaconca.cat\/producte\/les-gallinetes\/"},"modified":"2020-12-24T08:46:53","modified_gmt":"2020-12-24T08:46:53","slug":"las-pollas","status":"publish","type":"product","link":"https:\/\/fetalaconca.cat\/es\/producte\/las-pollas\/","title":{"rendered":"Vino tinto Les Gallinetes | Josep Foraster."},"content":{"rendered":"<h1><strong>Hacemos territorio, consumimos productos de km0. \ud83d\udc9a Productos de proximidad<em> made in<\/em> La Conca de Barber\u00e0.<\/strong><\/h1>\n<h2>JOSEP FORASTER<\/h2>\n<p>En la comarca de la Conca de Barber\u00e0, marco incomparable por su belleza natural y arquitect\u00f3nica, y tambi\u00e9n excepcional por su riqueza vin\u00edcola, encontramos en la villa de Montblanc la Bodega Mas Foraster (DOConca de Barber\u00e0), que elabora vinos desde 1998 . [&#8230;]<a href=\"https:\/\/fetalaconca.cat\/es\/cooperativa\/josep-foraster\/\"> Lee m\u00e1s.<\/a><\/p>\n<p><strong>CONTACTO<\/strong> :<\/p>\n<p>Mas Foraster<br \/>\nCamino Ermita de San Jos\u00e9,<br \/>\n43400 Montblanc<br \/>\n<a href=\"tel:+34977860229\">977 860 229<\/a><br \/>\n<a href=\"mailto:info@josepforaster.com\">info@josepforaster.com<\/a><br \/>\n<a href=\"http:\/\/www.josepforaster.com\/\" target=\"_blank\" rel=\"noopener noreferrer\">www.josepforaster.com<\/a><\/p>\n","protected":false},"excerpt":{"rendered":"<h4><strong>Vino social<\/strong> . Elaborado en colaboraci\u00f3n con Aprodisca (Asociaci\u00f3n pro personas discapacitadas de la Conca de Barber\u00e0.). Por cada botella comercializada se hace una aportaci\u00f3n econ\u00f3mica a la entidad.<\/h4>\n<h2>\nORIGEN:<\/h2>\n<p>La Conca de Barber\u00e0.<\/p>\n<h2>\nNOTA DE CATA<\/h2>\n<p><strong>EN VISTA<\/strong> | Es un vino de capa media con color cereza y ribete con tonos viol\u00e1ceos.<br \/>\n<strong>EN NARIZ<\/strong> | Elegante aroma a fruta roja y especias.<br \/>\n<strong>EN BOCA<\/strong> | En boca es un vino delicado, redondo, goloso, fresco y persistente.<\/p>\n<h2>\nALERGENOS<\/h2>\n<p>Contiene sulfitos.<\/p>\n<h2>\nPREMIOS &amp; DISTINCIONES<\/h2>\n<ul>\n<li>Denominaci\u00f3n de origen DO Conca de Barber\u00e0.<\/li>\n<li>Ecol\u00f3gico, certificado CCPAE.<\/li>\n<\/ul>\n<h2>IDEAL &#8230;<\/h2>\n<ul>\n<li>Vino muy atractivo. Para los que buscan un vino goloso, delicado, fresco y persistente.<\/li>\n<li>Con arroces, pasta, verduras, embutidos, quesos, carnes blancas y rojas.<\/li>\n<\/ul>\n<blockquote><p>\ud83d\udcaa\ud83c\udffc Fomentamos el consumo local, amamos nuestra tierra a trav\u00e9s de nuestros productos! \ud83d\udc9b<\/p><\/blockquote>\n","protected":false},"featured_media":3623,"template":"","meta":[],"product_brand":[],"product_cat":[147,145],"product_tag":[198],"class_list":{"0":"post-4459","1":"product","2":"type-product","3":"status-publish","4":"has-post-thumbnail","6":"pwb-brand-josep-foraster-es","7":"product_cat-vinos","8":"product_cat-vinos-y-cavas","9":"product_tag-certificat-eco-es","11":"first","12":"instock","13":"taxable","14":"shipping-taxable","15":"purchasable","16":"product-type-simple"},"brands":[{"id":172,"name":"Josep Foraster","slug":"josep-foraster-es"}],"yoast_head":"<!-- This site is optimized with the Yoast SEO plugin v25.2 - https:\/\/yoast.com\/wordpress\/plugins\/seo\/ -->\n<title>Vino tinto Les Gallinetes | Josep Foraster. - Fet a la Conca<\/title>\n<meta name=\"description\" content=\"Descubre el vino tinto &#039;Les Gallinetes&#039; elaborado por Josep Foraster, bodega que pertenece a Fet a la Conca.\" \/>\n<meta name=\"robots\" content=\"index, follow, max-snippet:-1, max-image-preview:large, max-video-preview:-1\" \/>\n<link rel=\"canonical\" href=\"https:\/\/fetalaconca.cat\/es\/producte\/las-pollas\/\" \/>\n<meta property=\"og:locale\" content=\"es_ES\" \/>\n<meta property=\"og:type\" content=\"article\" \/>\n<meta property=\"og:title\" content=\"Vino tinto Les Gallinetes | Josep Foraster. - Fet a la Conca\" \/>\n<meta property=\"og:description\" content=\"Descubre el vino tinto &#039;Les Gallinetes&#039; elaborado por Josep Foraster, bodega que pertenece a Fet a la Conca.\" \/>\n<meta property=\"og:url\" content=\"https:\/\/fetalaconca.cat\/es\/producte\/las-pollas\/\" \/>\n<meta property=\"og:site_name\" content=\"Fet a la Conca\" \/>\n<meta property=\"article:publisher\" content=\"https:\/\/www.facebook.com\/fetalaconca\/\" \/>\n<meta property=\"og:image\" content=\"https:\/\/fetalaconca.cat\/wp-content\/uploads\/2020\/03\/foraster_social.jpg\" \/>\n\t<meta property=\"og:image:width\" content=\"1500\" \/>\n\t<meta property=\"og:image:height\" content=\"1000\" \/>\n\t<meta property=\"og:image:type\" content=\"image\/jpeg\" \/>\n<meta name=\"twitter:card\" content=\"summary_large_image\" \/>\n<meta name=\"twitter:site\" content=\"@fetalaconca\" \/>\n<script type=\"application\/ld+json\" class=\"yoast-schema-graph\">{\"@context\":\"https:\/\/schema.org\",\"@graph\":[{\"@type\":\"WebPage\",\"@id\":\"https:\/\/fetalaconca.cat\/es\/producte\/las-pollas\/\",\"url\":\"https:\/\/fetalaconca.cat\/es\/producte\/las-pollas\/\",\"name\":\"Vino tinto Les Gallinetes | Josep Foraster. - Fet a la Conca\",\"isPartOf\":{\"@id\":\"https:\/\/fetalaconca.cat\/es\/#website\"},\"primaryImageOfPage\":{\"@id\":\"https:\/\/fetalaconca.cat\/es\/producte\/las-pollas\/#primaryimage\"},\"image\":{\"@id\":\"https:\/\/fetalaconca.cat\/es\/producte\/las-pollas\/#primaryimage\"},\"thumbnailUrl\":\"https:\/\/fetalaconca.cat\/wp-content\/uploads\/2020\/03\/foraster_social.jpg\",\"datePublished\":\"2020-12-24T08:46:53+00:00\",\"description\":\"Descubre el vino tinto 'Les Gallinetes' elaborado por Josep Foraster, bodega que pertenece a Fet a la Conca.\",\"breadcrumb\":{\"@id\":\"https:\/\/fetalaconca.cat\/es\/producte\/las-pollas\/#breadcrumb\"},\"inLanguage\":\"es\",\"potentialAction\":[{\"@type\":\"ReadAction\",\"target\":[\"https:\/\/fetalaconca.cat\/es\/producte\/las-pollas\/\"]}]},{\"@type\":\"ImageObject\",\"inLanguage\":\"es\",\"@id\":\"https:\/\/fetalaconca.cat\/es\/producte\/las-pollas\/#primaryimage\",\"url\":\"https:\/\/fetalaconca.cat\/wp-content\/uploads\/2020\/03\/foraster_social.jpg\",\"contentUrl\":\"https:\/\/fetalaconca.cat\/wp-content\/uploads\/2020\/03\/foraster_social.jpg\",\"width\":1500,\"height\":1000,\"caption\":\"Packs Fet a la Conca\"},{\"@type\":\"BreadcrumbList\",\"@id\":\"https:\/\/fetalaconca.cat\/es\/producte\/las-pollas\/#breadcrumb\",\"itemListElement\":[{\"@type\":\"ListItem\",\"position\":1,\"name\":\"Inici\",\"item\":\"https:\/\/fetalaconca.cat\/es\/\"},{\"@type\":\"ListItem\",\"position\":2,\"name\":\"Tienda\",\"item\":\"https:\/\/fetalaconca.cat\/es\/tienda\/\"},{\"@type\":\"ListItem\",\"position\":3,\"name\":\"Vino tinto Les Gallinetes | Josep Foraster.\"}]},{\"@type\":\"WebSite\",\"@id\":\"https:\/\/fetalaconca.cat\/es\/#website\",\"url\":\"https:\/\/fetalaconca.cat\/es\/\",\"name\":\"Fet a la Conca\",\"description\":\"Qualitat alimen\u00e0ria\",\"publisher\":{\"@id\":\"https:\/\/fetalaconca.cat\/es\/#organization\"},\"potentialAction\":[{\"@type\":\"SearchAction\",\"target\":{\"@type\":\"EntryPoint\",\"urlTemplate\":\"https:\/\/fetalaconca.cat\/es\/?s={search_term_string}\"},\"query-input\":{\"@type\":\"PropertyValueSpecification\",\"valueRequired\":true,\"valueName\":\"search_term_string\"}}],\"inLanguage\":\"es\"},{\"@type\":\"Organization\",\"@id\":\"https:\/\/fetalaconca.cat\/es\/#organization\",\"name\":\"Fet a la Conca\",\"url\":\"https:\/\/fetalaconca.cat\/es\/\",\"logo\":{\"@type\":\"ImageObject\",\"inLanguage\":\"es\",\"@id\":\"https:\/\/fetalaconca.cat\/es\/#\/schema\/logo\/image\/\",\"url\":\"https:\/\/fetalaconca.cat\/wp-content\/uploads\/2020\/02\/logo_pegatina_400.png\",\"contentUrl\":\"https:\/\/fetalaconca.cat\/wp-content\/uploads\/2020\/02\/logo_pegatina_400.png\",\"width\":400,\"height\":400,\"caption\":\"Fet a la Conca\"},\"image\":{\"@id\":\"https:\/\/fetalaconca.cat\/es\/#\/schema\/logo\/image\/\"},\"sameAs\":[\"https:\/\/www.facebook.com\/fetalaconca\/\",\"https:\/\/x.com\/fetalaconca\",\"https:\/\/www.instagram.com\/fetalaconca\/\"]}]}<\/script>\n<!-- \/ Yoast SEO plugin. -->","yoast_head_json":{"title":"Vino tinto Les Gallinetes | Josep Foraster. - Fet a la Conca","description":"Descubre el vino tinto 'Les Gallinetes' elaborado por Josep Foraster, bodega que pertenece a Fet a la Conca.","robots":{"index":"index","follow":"follow","max-snippet":"max-snippet:-1","max-image-preview":"max-image-preview:large","max-video-preview":"max-video-preview:-1"},"canonical":"https:\/\/fetalaconca.cat\/es\/producte\/las-pollas\/","og_locale":"es_ES","og_type":"article","og_title":"Vino tinto Les Gallinetes | Josep Foraster. - Fet a la Conca","og_description":"Descubre el vino tinto 'Les Gallinetes' elaborado por Josep Foraster, bodega que pertenece a Fet a la Conca.","og_url":"https:\/\/fetalaconca.cat\/es\/producte\/las-pollas\/","og_site_name":"Fet a la Conca","article_publisher":"https:\/\/www.facebook.com\/fetalaconca\/","og_image":[{"width":1500,"height":1000,"url":"https:\/\/fetalaconca.cat\/wp-content\/uploads\/2020\/03\/foraster_social.jpg","type":"image\/jpeg"}],"twitter_card":"summary_large_image","twitter_site":"@fetalaconca","schema":{"@context":"https:\/\/schema.org","@graph":[{"@type":"WebPage","@id":"https:\/\/fetalaconca.cat\/es\/producte\/las-pollas\/","url":"https:\/\/fetalaconca.cat\/es\/producte\/las-pollas\/","name":"Vino tinto Les Gallinetes | Josep Foraster. - Fet a la Conca","isPartOf":{"@id":"https:\/\/fetalaconca.cat\/es\/#website"},"primaryImageOfPage":{"@id":"https:\/\/fetalaconca.cat\/es\/producte\/las-pollas\/#primaryimage"},"image":{"@id":"https:\/\/fetalaconca.cat\/es\/producte\/las-pollas\/#primaryimage"},"thumbnailUrl":"https:\/\/fetalaconca.cat\/wp-content\/uploads\/2020\/03\/foraster_social.jpg","datePublished":"2020-12-24T08:46:53+00:00","description":"Descubre el vino tinto 'Les Gallinetes' elaborado por Josep Foraster, bodega que pertenece a Fet a la Conca.","breadcrumb":{"@id":"https:\/\/fetalaconca.cat\/es\/producte\/las-pollas\/#breadcrumb"},"inLanguage":"es","potentialAction":[{"@type":"ReadAction","target":["https:\/\/fetalaconca.cat\/es\/producte\/las-pollas\/"]}]},{"@type":"ImageObject","inLanguage":"es","@id":"https:\/\/fetalaconca.cat\/es\/producte\/las-pollas\/#primaryimage","url":"https:\/\/fetalaconca.cat\/wp-content\/uploads\/2020\/03\/foraster_social.jpg","contentUrl":"https:\/\/fetalaconca.cat\/wp-content\/uploads\/2020\/03\/foraster_social.jpg","width":1500,"height":1000,"caption":"Packs Fet a la Conca"},{"@type":"BreadcrumbList","@id":"https:\/\/fetalaconca.cat\/es\/producte\/las-pollas\/#breadcrumb","itemListElement":[{"@type":"ListItem","position":1,"name":"Inici","item":"https:\/\/fetalaconca.cat\/es\/"},{"@type":"ListItem","position":2,"name":"Tienda","item":"https:\/\/fetalaconca.cat\/es\/tienda\/"},{"@type":"ListItem","position":3,"name":"Vino tinto Les Gallinetes | Josep Foraster."}]},{"@type":"WebSite","@id":"https:\/\/fetalaconca.cat\/es\/#website","url":"https:\/\/fetalaconca.cat\/es\/","name":"Fet a la Conca","description":"Qualitat alimen\u00e0ria","publisher":{"@id":"https:\/\/fetalaconca.cat\/es\/#organization"},"potentialAction":[{"@type":"SearchAction","target":{"@type":"EntryPoint","urlTemplate":"https:\/\/fetalaconca.cat\/es\/?s={search_term_string}"},"query-input":{"@type":"PropertyValueSpecification","valueRequired":true,"valueName":"search_term_string"}}],"inLanguage":"es"},{"@type":"Organization","@id":"https:\/\/fetalaconca.cat\/es\/#organization","name":"Fet a la Conca","url":"https:\/\/fetalaconca.cat\/es\/","logo":{"@type":"ImageObject","inLanguage":"es","@id":"https:\/\/fetalaconca.cat\/es\/#\/schema\/logo\/image\/","url":"https:\/\/fetalaconca.cat\/wp-content\/uploads\/2020\/02\/logo_pegatina_400.png","contentUrl":"https:\/\/fetalaconca.cat\/wp-content\/uploads\/2020\/02\/logo_pegatina_400.png","width":400,"height":400,"caption":"Fet a la Conca"},"image":{"@id":"https:\/\/fetalaconca.cat\/es\/#\/schema\/logo\/image\/"},"sameAs":["https:\/\/www.facebook.com\/fetalaconca\/","https:\/\/x.com\/fetalaconca","https:\/\/www.instagram.com\/fetalaconca\/"]}]}},"_links":{"self":[{"href":"https:\/\/fetalaconca.cat\/es\/wp-json\/wp\/v2\/product\/4459","targetHints":{"allow":["GET"]}}],"collection":[{"href":"https:\/\/fetalaconca.cat\/es\/wp-json\/wp\/v2\/product"}],"about":[{"href":"https:\/\/fetalaconca.cat\/es\/wp-json\/wp\/v2\/types\/product"}],"wp:featuredmedia":[{"embeddable":true,"href":"https:\/\/fetalaconca.cat\/es\/wp-json\/wp\/v2\/media\/3623"}],"wp:attachment":[{"href":"https:\/\/fetalaconca.cat\/es\/wp-json\/wp\/v2\/media?parent=4459"}],"wp:term":[{"taxonomy":"product_brand","embeddable":true,"href":"https:\/\/fetalaconca.cat\/es\/wp-json\/wp\/v2\/product_brand?post=4459"},{"taxonomy":"product_cat","embeddable":true,"href":"https:\/\/fetalaconca.cat\/es\/wp-json\/wp\/v2\/product_cat?post=4459"},{"taxonomy":"product_tag","embeddable":true,"href":"https:\/\/fetalaconca.cat\/es\/wp-json\/wp\/v2\/product_tag?post=4459"}],"curies":[{"name":"wp","href":"https:\/\/api.w.org\/{rel}","templated":true}]}}