{"id":5000,"date":"2022-12-22T09:35:15","date_gmt":"2022-12-22T09:36:44","guid":{"rendered":"https:\/\/fetalaconca.cat\/producte\/els-corrals-2019\/"},"modified":"2022-12-22T10:33:12","modified_gmt":"2022-12-22T10:33:12","slug":"els-corrals-2019","status":"publish","type":"product","link":"https:\/\/fetalaconca.cat\/es\/producte\/els-corrals-2019\/","title":{"rendered":"Els Corrals 2019"},"content":{"rendered":"<h1><strong>Hacemos territorio, consumimos productos de km0. \ud83d\udc9a Productos de proximidad<em> made in<\/em> La Conca de Barber\u00e0.<\/strong><\/h1>\n<p><strong>CARLANIA CELLER<\/strong><\/p>\n<p>Somos una familia de Barber\u00e0 de la Conca, que trabajamos y vivimos en el pueblo. La agricultura y la elaboraci\u00f3n de vino nos ha ayudado a dar continuidad al cultivo de tierras familiares. [&#8230;]<a href=\"https:\/\/fetalaconca.cat\/cooperativa\/carlania-celler\/\"> Lee m\u00e1s.<\/a><\/p>\n<p><strong>CONTACTO:<br \/>\n<\/strong>Hort d\u2019en Cirera, 23<br \/>\n43422 Barber\u00e0 de la Conca<br \/>\n977 887 375<br \/>\n651 179 308<br \/>\ninfo@carlania.com<br \/>\nwww.carlania.com<\/p>\n","protected":false},"excerpt":{"rendered":"<p>Vino tinto elaborado con <strong>trepat<\/strong> de vi\u00f1edos centenarios y envejecido en bota de casta\u00f1o.<\/p>\n<h2>NOTA DE CATA<\/h2>\n<p>De color rojo cereza.<\/p>\n<p>De aromas a frutas rojas con una buena maduraci\u00f3n, con delicados toques especiados y regaliz.<\/p>\n<p>De entrada en boca dulce y final completo y consistente.<\/p>\n<h2>ORIGEN:<\/h2>\n<p>La Conca de Barber\u00e0.<\/p>\n","protected":false},"featured_media":5891,"template":"","meta":[],"product_brand":[],"product_cat":[147,145],"product_tag":[],"class_list":{"0":"post-5000","1":"product","2":"type-product","3":"status-publish","4":"has-post-thumbnail","6":"product_cat-vinos","7":"product_cat-vinos-y-cavas","9":"first","10":"instock","11":"taxable","12":"shipping-taxable","13":"purchasable","14":"product-type-simple"},"brands":[],"yoast_head":"<!-- This site is optimized with the Yoast SEO plugin v25.2 - https:\/\/yoast.com\/wordpress\/plugins\/seo\/ -->\n<title>Els Corrals 2019 - Fet a la Conca<\/title>\n<meta name=\"robots\" content=\"index, follow, max-snippet:-1, max-image-preview:large, max-video-preview:-1\" \/>\n<link rel=\"canonical\" href=\"https:\/\/fetalaconca.cat\/es\/producte\/els-corrals-2019\/\" \/>\n<meta property=\"og:locale\" content=\"es_ES\" \/>\n<meta property=\"og:type\" content=\"article\" \/>\n<meta property=\"og:title\" content=\"Els Corrals 2019 - Fet a la Conca\" \/>\n<meta property=\"og:description\" content=\"Vino tinto elaborado con trepat de vi\u00f1edos centenarios y envejecido en bota de casta\u00f1o. NOTA DE CATA De color rojo cereza. De aromas a frutas rojas con una buena maduraci\u00f3n, con delicados toques especiados y regaliz. De entrada en boca dulce y final completo y consistente. ORIGEN: La Conca de Barber\u00e0.\" \/>\n<meta property=\"og:url\" content=\"https:\/\/fetalaconca.cat\/es\/producte\/els-corrals-2019\/\" \/>\n<meta property=\"og:site_name\" content=\"Fet a la Conca\" \/>\n<meta property=\"article:publisher\" content=\"https:\/\/www.facebook.com\/fetalaconca\/\" \/>\n<meta property=\"article:modified_time\" content=\"2022-12-22T10:33:12+00:00\" \/>\n<meta property=\"og:image\" content=\"https:\/\/fetalaconca.cat\/wp-content\/uploads\/2022\/12\/Els-Corrals.png\" \/>\n\t<meta property=\"og:image:width\" content=\"656\" \/>\n\t<meta property=\"og:image:height\" content=\"1357\" \/>\n\t<meta property=\"og:image:type\" content=\"image\/png\" \/>\n<meta name=\"twitter:card\" content=\"summary_large_image\" \/>\n<meta name=\"twitter:site\" content=\"@fetalaconca\" \/>\n<script type=\"application\/ld+json\" class=\"yoast-schema-graph\">{\"@context\":\"https:\/\/schema.org\",\"@graph\":[{\"@type\":\"WebPage\",\"@id\":\"https:\/\/fetalaconca.cat\/es\/producte\/els-corrals-2019\/\",\"url\":\"https:\/\/fetalaconca.cat\/es\/producte\/els-corrals-2019\/\",\"name\":\"Els Corrals 2019 - Fet a la Conca\",\"isPartOf\":{\"@id\":\"https:\/\/fetalaconca.cat\/es\/#website\"},\"primaryImageOfPage\":{\"@id\":\"https:\/\/fetalaconca.cat\/es\/producte\/els-corrals-2019\/#primaryimage\"},\"image\":{\"@id\":\"https:\/\/fetalaconca.cat\/es\/producte\/els-corrals-2019\/#primaryimage\"},\"thumbnailUrl\":\"https:\/\/fetalaconca.cat\/wp-content\/uploads\/2022\/12\/04-Corrals.png\",\"datePublished\":\"2022-12-22T09:36:44+00:00\",\"dateModified\":\"2022-12-22T10:33:12+00:00\",\"breadcrumb\":{\"@id\":\"https:\/\/fetalaconca.cat\/es\/producte\/els-corrals-2019\/#breadcrumb\"},\"inLanguage\":\"es\",\"potentialAction\":[{\"@type\":\"ReadAction\",\"target\":[\"https:\/\/fetalaconca.cat\/es\/producte\/els-corrals-2019\/\"]}]},{\"@type\":\"ImageObject\",\"inLanguage\":\"es\",\"@id\":\"https:\/\/fetalaconca.cat\/es\/producte\/els-corrals-2019\/#primaryimage\",\"url\":\"https:\/\/fetalaconca.cat\/wp-content\/uploads\/2022\/12\/04-Corrals.png\",\"contentUrl\":\"https:\/\/fetalaconca.cat\/wp-content\/uploads\/2022\/12\/04-Corrals.png\",\"width\":1167,\"height\":2062},{\"@type\":\"BreadcrumbList\",\"@id\":\"https:\/\/fetalaconca.cat\/es\/producte\/els-corrals-2019\/#breadcrumb\",\"itemListElement\":[{\"@type\":\"ListItem\",\"position\":1,\"name\":\"Inici\",\"item\":\"https:\/\/fetalaconca.cat\/es\/\"},{\"@type\":\"ListItem\",\"position\":2,\"name\":\"Tienda\",\"item\":\"https:\/\/fetalaconca.cat\/es\/tienda\/\"},{\"@type\":\"ListItem\",\"position\":3,\"name\":\"Els Corrals 2019\"}]},{\"@type\":\"WebSite\",\"@id\":\"https:\/\/fetalaconca.cat\/es\/#website\",\"url\":\"https:\/\/fetalaconca.cat\/es\/\",\"name\":\"Fet a la Conca\",\"description\":\"Qualitat alimen\u00e0ria\",\"publisher\":{\"@id\":\"https:\/\/fetalaconca.cat\/es\/#organization\"},\"potentialAction\":[{\"@type\":\"SearchAction\",\"target\":{\"@type\":\"EntryPoint\",\"urlTemplate\":\"https:\/\/fetalaconca.cat\/es\/?s={search_term_string}\"},\"query-input\":{\"@type\":\"PropertyValueSpecification\",\"valueRequired\":true,\"valueName\":\"search_term_string\"}}],\"inLanguage\":\"es\"},{\"@type\":\"Organization\",\"@id\":\"https:\/\/fetalaconca.cat\/es\/#organization\",\"name\":\"Fet a la Conca\",\"url\":\"https:\/\/fetalaconca.cat\/es\/\",\"logo\":{\"@type\":\"ImageObject\",\"inLanguage\":\"es\",\"@id\":\"https:\/\/fetalaconca.cat\/es\/#\/schema\/logo\/image\/\",\"url\":\"https:\/\/fetalaconca.cat\/wp-content\/uploads\/2020\/02\/logo_pegatina_400.png\",\"contentUrl\":\"https:\/\/fetalaconca.cat\/wp-content\/uploads\/2020\/02\/logo_pegatina_400.png\",\"width\":400,\"height\":400,\"caption\":\"Fet a la Conca\"},\"image\":{\"@id\":\"https:\/\/fetalaconca.cat\/es\/#\/schema\/logo\/image\/\"},\"sameAs\":[\"https:\/\/www.facebook.com\/fetalaconca\/\",\"https:\/\/x.com\/fetalaconca\",\"https:\/\/www.instagram.com\/fetalaconca\/\"]}]}<\/script>\n<!-- \/ Yoast SEO plugin. -->","yoast_head_json":{"title":"Els Corrals 2019 - Fet a la Conca","robots":{"index":"index","follow":"follow","max-snippet":"max-snippet:-1","max-image-preview":"max-image-preview:large","max-video-preview":"max-video-preview:-1"},"canonical":"https:\/\/fetalaconca.cat\/es\/producte\/els-corrals-2019\/","og_locale":"es_ES","og_type":"article","og_title":"Els Corrals 2019 - Fet a la Conca","og_description":"Vino tinto elaborado con trepat de vi\u00f1edos centenarios y envejecido en bota de casta\u00f1o. NOTA DE CATA De color rojo cereza. De aromas a frutas rojas con una buena maduraci\u00f3n, con delicados toques especiados y regaliz. De entrada en boca dulce y final completo y consistente. ORIGEN: La Conca de Barber\u00e0.","og_url":"https:\/\/fetalaconca.cat\/es\/producte\/els-corrals-2019\/","og_site_name":"Fet a la Conca","article_publisher":"https:\/\/www.facebook.com\/fetalaconca\/","article_modified_time":"2022-12-22T10:33:12+00:00","og_image":[{"width":656,"height":1357,"url":"https:\/\/fetalaconca.cat\/wp-content\/uploads\/2022\/12\/Els-Corrals.png","type":"image\/png"}],"twitter_card":"summary_large_image","twitter_site":"@fetalaconca","schema":{"@context":"https:\/\/schema.org","@graph":[{"@type":"WebPage","@id":"https:\/\/fetalaconca.cat\/es\/producte\/els-corrals-2019\/","url":"https:\/\/fetalaconca.cat\/es\/producte\/els-corrals-2019\/","name":"Els Corrals 2019 - Fet a la Conca","isPartOf":{"@id":"https:\/\/fetalaconca.cat\/es\/#website"},"primaryImageOfPage":{"@id":"https:\/\/fetalaconca.cat\/es\/producte\/els-corrals-2019\/#primaryimage"},"image":{"@id":"https:\/\/fetalaconca.cat\/es\/producte\/els-corrals-2019\/#primaryimage"},"thumbnailUrl":"https:\/\/fetalaconca.cat\/wp-content\/uploads\/2022\/12\/04-Corrals.png","datePublished":"2022-12-22T09:36:44+00:00","dateModified":"2022-12-22T10:33:12+00:00","breadcrumb":{"@id":"https:\/\/fetalaconca.cat\/es\/producte\/els-corrals-2019\/#breadcrumb"},"inLanguage":"es","potentialAction":[{"@type":"ReadAction","target":["https:\/\/fetalaconca.cat\/es\/producte\/els-corrals-2019\/"]}]},{"@type":"ImageObject","inLanguage":"es","@id":"https:\/\/fetalaconca.cat\/es\/producte\/els-corrals-2019\/#primaryimage","url":"https:\/\/fetalaconca.cat\/wp-content\/uploads\/2022\/12\/04-Corrals.png","contentUrl":"https:\/\/fetalaconca.cat\/wp-content\/uploads\/2022\/12\/04-Corrals.png","width":1167,"height":2062},{"@type":"BreadcrumbList","@id":"https:\/\/fetalaconca.cat\/es\/producte\/els-corrals-2019\/#breadcrumb","itemListElement":[{"@type":"ListItem","position":1,"name":"Inici","item":"https:\/\/fetalaconca.cat\/es\/"},{"@type":"ListItem","position":2,"name":"Tienda","item":"https:\/\/fetalaconca.cat\/es\/tienda\/"},{"@type":"ListItem","position":3,"name":"Els Corrals 2019"}]},{"@type":"WebSite","@id":"https:\/\/fetalaconca.cat\/es\/#website","url":"https:\/\/fetalaconca.cat\/es\/","name":"Fet a la Conca","description":"Qualitat alimen\u00e0ria","publisher":{"@id":"https:\/\/fetalaconca.cat\/es\/#organization"},"potentialAction":[{"@type":"SearchAction","target":{"@type":"EntryPoint","urlTemplate":"https:\/\/fetalaconca.cat\/es\/?s={search_term_string}"},"query-input":{"@type":"PropertyValueSpecification","valueRequired":true,"valueName":"search_term_string"}}],"inLanguage":"es"},{"@type":"Organization","@id":"https:\/\/fetalaconca.cat\/es\/#organization","name":"Fet a la Conca","url":"https:\/\/fetalaconca.cat\/es\/","logo":{"@type":"ImageObject","inLanguage":"es","@id":"https:\/\/fetalaconca.cat\/es\/#\/schema\/logo\/image\/","url":"https:\/\/fetalaconca.cat\/wp-content\/uploads\/2020\/02\/logo_pegatina_400.png","contentUrl":"https:\/\/fetalaconca.cat\/wp-content\/uploads\/2020\/02\/logo_pegatina_400.png","width":400,"height":400,"caption":"Fet a la Conca"},"image":{"@id":"https:\/\/fetalaconca.cat\/es\/#\/schema\/logo\/image\/"},"sameAs":["https:\/\/www.facebook.com\/fetalaconca\/","https:\/\/x.com\/fetalaconca","https:\/\/www.instagram.com\/fetalaconca\/"]}]}},"_links":{"self":[{"href":"https:\/\/fetalaconca.cat\/es\/wp-json\/wp\/v2\/product\/5000","targetHints":{"allow":["GET"]}}],"collection":[{"href":"https:\/\/fetalaconca.cat\/es\/wp-json\/wp\/v2\/product"}],"about":[{"href":"https:\/\/fetalaconca.cat\/es\/wp-json\/wp\/v2\/types\/product"}],"wp:featuredmedia":[{"embeddable":true,"href":"https:\/\/fetalaconca.cat\/es\/wp-json\/wp\/v2\/media\/5891"}],"wp:attachment":[{"href":"https:\/\/fetalaconca.cat\/es\/wp-json\/wp\/v2\/media?parent=5000"}],"wp:term":[{"taxonomy":"product_brand","embeddable":true,"href":"https:\/\/fetalaconca.cat\/es\/wp-json\/wp\/v2\/product_brand?post=5000"},{"taxonomy":"product_cat","embeddable":true,"href":"https:\/\/fetalaconca.cat\/es\/wp-json\/wp\/v2\/product_cat?post=5000"},{"taxonomy":"product_tag","embeddable":true,"href":"https:\/\/fetalaconca.cat\/es\/wp-json\/wp\/v2\/product_tag?post=5000"}],"curies":[{"name":"wp","href":"https:\/\/api.w.org\/{rel}","templated":true}]}}