{"id":5203,"date":"2023-09-28T12:28:23","date_gmt":"2023-09-28T12:29:51","guid":{"rendered":"https:\/\/fetalaconca.cat\/producte\/el-folleto-rosado-syrah-2022\/"},"modified":"2023-09-28T12:29:51","modified_gmt":"2023-09-28T12:29:51","slug":"el-folleto-rosado-syrah-2022","status":"publish","type":"product","link":"https:\/\/fetalaconca.cat\/es\/producte\/el-folleto-rosado-syrah-2022\/","title":{"rendered":"El Follet Rosat Syrah 2022"},"content":{"rendered":"","protected":false},"excerpt":{"rendered":"<p><strong>D.O. CONCA DE BARBER\u00c0<\/strong><br \/>\n<strong>Agricultura ecol\u00f3gica<\/strong><\/p>\n<p><strong>Variedades:<\/strong><br \/>\nSyrah 100%<\/p>\n<p><strong>Suelos:<\/strong><br \/>\nLicorella.<\/p>\n<p><strong>Elaboraci\u00f3n:<\/strong><br \/>\nVendimiado en fase de fruta fresca y derrapado en el vi\u00f1edo.<br \/>\nDoble maceraci\u00f3n prefermentativa en fr\u00edo y fermentaci\u00f3n a temperatura controlada.<br \/>\nCrianza sobre madres y posterior embotellado.<\/p>\n<p><strong>Datos anal\u00edticos en el embotellado:<\/strong><br \/>\nAlc. 12,5% vol.<br \/>\nAcidez total 5,7 g\/l ac. tarte. Acidez vol\u00e1til 0,3 g\/l<\/p>\n<p><strong>Cata:<\/strong><br \/>\nColor rosado de media capa con reflejos malva, brillante y luminoso.<br \/>\nAromas complejos recordando el boj, la esparraguera y La hoja de tomatera, y al abrirse entran en la dimensi\u00f3n de los frutos tropicales como el mangle, el maracuy\u00e1 y el melocot\u00f3n blanco.<br \/>\nEn boca es fresco, amable y de largo recorrido, cuya explosi\u00f3n arom\u00e1tica reproduce fielmente su secuencia arom\u00e1tica con un largo e intenso final.<\/p>\n<p>&nbsp;<\/p>\n","protected":false},"featured_media":5198,"template":"","meta":[],"product_brand":[],"product_cat":[147,145],"product_tag":[],"class_list":{"0":"post-5203","1":"product","2":"type-product","3":"status-publish","4":"has-post-thumbnail","6":"pwb-brand-rende-masdeu-es","7":"product_cat-vinos","8":"product_cat-vinos-y-cavas","10":"first","11":"instock","12":"taxable","13":"shipping-taxable","14":"purchasable","15":"product-type-simple"},"brands":[{"id":230,"name":"Rend\u00e9 Masd\u00e9u","slug":"rende-masdeu-es"}],"yoast_head":"<!-- This site is optimized with the Yoast SEO plugin v25.2 - https:\/\/yoast.com\/wordpress\/plugins\/seo\/ -->\n<title>El Follet Rosat Syrah 2022 - Fet a la Conca<\/title>\n<meta name=\"robots\" content=\"index, follow, max-snippet:-1, max-image-preview:large, max-video-preview:-1\" \/>\n<link rel=\"canonical\" href=\"https:\/\/fetalaconca.cat\/es\/producte\/el-folleto-rosado-syrah-2022\/\" \/>\n<meta property=\"og:locale\" content=\"es_ES\" \/>\n<meta property=\"og:type\" content=\"article\" \/>\n<meta property=\"og:title\" content=\"El Follet Rosat Syrah 2022 - Fet a la Conca\" \/>\n<meta property=\"og:description\" content=\"D.O. CONCA DE BARBER\u00c0 Agricultura ecol\u00f3gica Variedades: Syrah 100% Suelos: Licorella. Elaboraci\u00f3n: Vendimiado en fase de fruta fresca y derrapado en el vi\u00f1edo. Doble maceraci\u00f3n prefermentativa en fr\u00edo y fermentaci\u00f3n a temperatura controlada. Crianza sobre madres y posterior embotellado. Datos anal\u00edticos en el embotellado: Alc. 12,5% vol. Acidez total 5,7 g\/l ac. tarte. Acidez vol\u00e1til 0,3 g\/l Cata: Color rosado de media capa con reflejos malva, brillante y luminoso. Aromas complejos recordando el boj, la esparraguera y La hoja de tomatera, y al abrirse entran en la dimensi\u00f3n de los frutos tropicales como el mangle, el maracuy\u00e1 y el melocot\u00f3n blanco. En boca es fresco, amable y de largo recorrido, cuya explosi\u00f3n arom\u00e1tica reproduce fielmente su secuencia arom\u00e1tica con un largo e intenso final. &nbsp;\" \/>\n<meta property=\"og:url\" content=\"https:\/\/fetalaconca.cat\/es\/producte\/el-folleto-rosado-syrah-2022\/\" \/>\n<meta property=\"og:site_name\" content=\"Fet a la Conca\" \/>\n<meta property=\"article:publisher\" content=\"https:\/\/www.facebook.com\/fetalaconca\/\" \/>\n<meta property=\"og:image\" content=\"https:\/\/fetalaconca.cat\/wp-content\/uploads\/2023\/09\/rende-masdeu-follet.jpg\" \/>\n\t<meta property=\"og:image:width\" content=\"1000\" \/>\n\t<meta property=\"og:image:height\" content=\"1500\" \/>\n\t<meta property=\"og:image:type\" content=\"image\/jpeg\" \/>\n<meta name=\"twitter:card\" content=\"summary_large_image\" \/>\n<meta name=\"twitter:site\" content=\"@fetalaconca\" \/>\n<script type=\"application\/ld+json\" class=\"yoast-schema-graph\">{\"@context\":\"https:\/\/schema.org\",\"@graph\":[{\"@type\":\"WebPage\",\"@id\":\"https:\/\/fetalaconca.cat\/es\/producte\/el-folleto-rosado-syrah-2022\/\",\"url\":\"https:\/\/fetalaconca.cat\/es\/producte\/el-folleto-rosado-syrah-2022\/\",\"name\":\"El Follet Rosat Syrah 2022 - Fet a la Conca\",\"isPartOf\":{\"@id\":\"https:\/\/fetalaconca.cat\/es\/#website\"},\"primaryImageOfPage\":{\"@id\":\"https:\/\/fetalaconca.cat\/es\/producte\/el-folleto-rosado-syrah-2022\/#primaryimage\"},\"image\":{\"@id\":\"https:\/\/fetalaconca.cat\/es\/producte\/el-folleto-rosado-syrah-2022\/#primaryimage\"},\"thumbnailUrl\":\"https:\/\/fetalaconca.cat\/wp-content\/uploads\/2023\/09\/rende-masdeu-follet.jpg\",\"datePublished\":\"2023-09-28T12:29:51+00:00\",\"breadcrumb\":{\"@id\":\"https:\/\/fetalaconca.cat\/es\/producte\/el-folleto-rosado-syrah-2022\/#breadcrumb\"},\"inLanguage\":\"es\",\"potentialAction\":[{\"@type\":\"ReadAction\",\"target\":[\"https:\/\/fetalaconca.cat\/es\/producte\/el-folleto-rosado-syrah-2022\/\"]}]},{\"@type\":\"ImageObject\",\"inLanguage\":\"es\",\"@id\":\"https:\/\/fetalaconca.cat\/es\/producte\/el-folleto-rosado-syrah-2022\/#primaryimage\",\"url\":\"https:\/\/fetalaconca.cat\/wp-content\/uploads\/2023\/09\/rende-masdeu-follet.jpg\",\"contentUrl\":\"https:\/\/fetalaconca.cat\/wp-content\/uploads\/2023\/09\/rende-masdeu-follet.jpg\",\"width\":1000,\"height\":1500},{\"@type\":\"BreadcrumbList\",\"@id\":\"https:\/\/fetalaconca.cat\/es\/producte\/el-folleto-rosado-syrah-2022\/#breadcrumb\",\"itemListElement\":[{\"@type\":\"ListItem\",\"position\":1,\"name\":\"Inici\",\"item\":\"https:\/\/fetalaconca.cat\/es\/\"},{\"@type\":\"ListItem\",\"position\":2,\"name\":\"Tienda\",\"item\":\"https:\/\/fetalaconca.cat\/es\/tienda\/\"},{\"@type\":\"ListItem\",\"position\":3,\"name\":\"El Follet Rosat Syrah 2022\"}]},{\"@type\":\"WebSite\",\"@id\":\"https:\/\/fetalaconca.cat\/es\/#website\",\"url\":\"https:\/\/fetalaconca.cat\/es\/\",\"name\":\"Fet a la Conca\",\"description\":\"Qualitat alimen\u00e0ria\",\"publisher\":{\"@id\":\"https:\/\/fetalaconca.cat\/es\/#organization\"},\"potentialAction\":[{\"@type\":\"SearchAction\",\"target\":{\"@type\":\"EntryPoint\",\"urlTemplate\":\"https:\/\/fetalaconca.cat\/es\/?s={search_term_string}\"},\"query-input\":{\"@type\":\"PropertyValueSpecification\",\"valueRequired\":true,\"valueName\":\"search_term_string\"}}],\"inLanguage\":\"es\"},{\"@type\":\"Organization\",\"@id\":\"https:\/\/fetalaconca.cat\/es\/#organization\",\"name\":\"Fet a la Conca\",\"url\":\"https:\/\/fetalaconca.cat\/es\/\",\"logo\":{\"@type\":\"ImageObject\",\"inLanguage\":\"es\",\"@id\":\"https:\/\/fetalaconca.cat\/es\/#\/schema\/logo\/image\/\",\"url\":\"https:\/\/fetalaconca.cat\/wp-content\/uploads\/2020\/02\/logo_pegatina_400.png\",\"contentUrl\":\"https:\/\/fetalaconca.cat\/wp-content\/uploads\/2020\/02\/logo_pegatina_400.png\",\"width\":400,\"height\":400,\"caption\":\"Fet a la Conca\"},\"image\":{\"@id\":\"https:\/\/fetalaconca.cat\/es\/#\/schema\/logo\/image\/\"},\"sameAs\":[\"https:\/\/www.facebook.com\/fetalaconca\/\",\"https:\/\/x.com\/fetalaconca\",\"https:\/\/www.instagram.com\/fetalaconca\/\"]}]}<\/script>\n<!-- \/ Yoast SEO plugin. -->","yoast_head_json":{"title":"El Follet Rosat Syrah 2022 - Fet a la Conca","robots":{"index":"index","follow":"follow","max-snippet":"max-snippet:-1","max-image-preview":"max-image-preview:large","max-video-preview":"max-video-preview:-1"},"canonical":"https:\/\/fetalaconca.cat\/es\/producte\/el-folleto-rosado-syrah-2022\/","og_locale":"es_ES","og_type":"article","og_title":"El Follet Rosat Syrah 2022 - Fet a la Conca","og_description":"D.O. CONCA DE BARBER\u00c0 Agricultura ecol\u00f3gica Variedades: Syrah 100% Suelos: Licorella. Elaboraci\u00f3n: Vendimiado en fase de fruta fresca y derrapado en el vi\u00f1edo. Doble maceraci\u00f3n prefermentativa en fr\u00edo y fermentaci\u00f3n a temperatura controlada. Crianza sobre madres y posterior embotellado. Datos anal\u00edticos en el embotellado: Alc. 12,5% vol. Acidez total 5,7 g\/l ac. tarte. Acidez vol\u00e1til 0,3 g\/l Cata: Color rosado de media capa con reflejos malva, brillante y luminoso. Aromas complejos recordando el boj, la esparraguera y La hoja de tomatera, y al abrirse entran en la dimensi\u00f3n de los frutos tropicales como el mangle, el maracuy\u00e1 y el melocot\u00f3n blanco. En boca es fresco, amable y de largo recorrido, cuya explosi\u00f3n arom\u00e1tica reproduce fielmente su secuencia arom\u00e1tica con un largo e intenso final. &nbsp;","og_url":"https:\/\/fetalaconca.cat\/es\/producte\/el-folleto-rosado-syrah-2022\/","og_site_name":"Fet a la Conca","article_publisher":"https:\/\/www.facebook.com\/fetalaconca\/","og_image":[{"width":1000,"height":1500,"url":"https:\/\/fetalaconca.cat\/wp-content\/uploads\/2023\/09\/rende-masdeu-follet.jpg","type":"image\/jpeg"}],"twitter_card":"summary_large_image","twitter_site":"@fetalaconca","schema":{"@context":"https:\/\/schema.org","@graph":[{"@type":"WebPage","@id":"https:\/\/fetalaconca.cat\/es\/producte\/el-folleto-rosado-syrah-2022\/","url":"https:\/\/fetalaconca.cat\/es\/producte\/el-folleto-rosado-syrah-2022\/","name":"El Follet Rosat Syrah 2022 - Fet a la Conca","isPartOf":{"@id":"https:\/\/fetalaconca.cat\/es\/#website"},"primaryImageOfPage":{"@id":"https:\/\/fetalaconca.cat\/es\/producte\/el-folleto-rosado-syrah-2022\/#primaryimage"},"image":{"@id":"https:\/\/fetalaconca.cat\/es\/producte\/el-folleto-rosado-syrah-2022\/#primaryimage"},"thumbnailUrl":"https:\/\/fetalaconca.cat\/wp-content\/uploads\/2023\/09\/rende-masdeu-follet.jpg","datePublished":"2023-09-28T12:29:51+00:00","breadcrumb":{"@id":"https:\/\/fetalaconca.cat\/es\/producte\/el-folleto-rosado-syrah-2022\/#breadcrumb"},"inLanguage":"es","potentialAction":[{"@type":"ReadAction","target":["https:\/\/fetalaconca.cat\/es\/producte\/el-folleto-rosado-syrah-2022\/"]}]},{"@type":"ImageObject","inLanguage":"es","@id":"https:\/\/fetalaconca.cat\/es\/producte\/el-folleto-rosado-syrah-2022\/#primaryimage","url":"https:\/\/fetalaconca.cat\/wp-content\/uploads\/2023\/09\/rende-masdeu-follet.jpg","contentUrl":"https:\/\/fetalaconca.cat\/wp-content\/uploads\/2023\/09\/rende-masdeu-follet.jpg","width":1000,"height":1500},{"@type":"BreadcrumbList","@id":"https:\/\/fetalaconca.cat\/es\/producte\/el-folleto-rosado-syrah-2022\/#breadcrumb","itemListElement":[{"@type":"ListItem","position":1,"name":"Inici","item":"https:\/\/fetalaconca.cat\/es\/"},{"@type":"ListItem","position":2,"name":"Tienda","item":"https:\/\/fetalaconca.cat\/es\/tienda\/"},{"@type":"ListItem","position":3,"name":"El Follet Rosat Syrah 2022"}]},{"@type":"WebSite","@id":"https:\/\/fetalaconca.cat\/es\/#website","url":"https:\/\/fetalaconca.cat\/es\/","name":"Fet a la Conca","description":"Qualitat alimen\u00e0ria","publisher":{"@id":"https:\/\/fetalaconca.cat\/es\/#organization"},"potentialAction":[{"@type":"SearchAction","target":{"@type":"EntryPoint","urlTemplate":"https:\/\/fetalaconca.cat\/es\/?s={search_term_string}"},"query-input":{"@type":"PropertyValueSpecification","valueRequired":true,"valueName":"search_term_string"}}],"inLanguage":"es"},{"@type":"Organization","@id":"https:\/\/fetalaconca.cat\/es\/#organization","name":"Fet a la Conca","url":"https:\/\/fetalaconca.cat\/es\/","logo":{"@type":"ImageObject","inLanguage":"es","@id":"https:\/\/fetalaconca.cat\/es\/#\/schema\/logo\/image\/","url":"https:\/\/fetalaconca.cat\/wp-content\/uploads\/2020\/02\/logo_pegatina_400.png","contentUrl":"https:\/\/fetalaconca.cat\/wp-content\/uploads\/2020\/02\/logo_pegatina_400.png","width":400,"height":400,"caption":"Fet a la Conca"},"image":{"@id":"https:\/\/fetalaconca.cat\/es\/#\/schema\/logo\/image\/"},"sameAs":["https:\/\/www.facebook.com\/fetalaconca\/","https:\/\/x.com\/fetalaconca","https:\/\/www.instagram.com\/fetalaconca\/"]}]}},"_links":{"self":[{"href":"https:\/\/fetalaconca.cat\/es\/wp-json\/wp\/v2\/product\/5203","targetHints":{"allow":["GET"]}}],"collection":[{"href":"https:\/\/fetalaconca.cat\/es\/wp-json\/wp\/v2\/product"}],"about":[{"href":"https:\/\/fetalaconca.cat\/es\/wp-json\/wp\/v2\/types\/product"}],"wp:featuredmedia":[{"embeddable":true,"href":"https:\/\/fetalaconca.cat\/es\/wp-json\/wp\/v2\/media\/5198"}],"wp:attachment":[{"href":"https:\/\/fetalaconca.cat\/es\/wp-json\/wp\/v2\/media?parent=5203"}],"wp:term":[{"taxonomy":"product_brand","embeddable":true,"href":"https:\/\/fetalaconca.cat\/es\/wp-json\/wp\/v2\/product_brand?post=5203"},{"taxonomy":"product_cat","embeddable":true,"href":"https:\/\/fetalaconca.cat\/es\/wp-json\/wp\/v2\/product_cat?post=5203"},{"taxonomy":"product_tag","embeddable":true,"href":"https:\/\/fetalaconca.cat\/es\/wp-json\/wp\/v2\/product_tag?post=5203"}],"curies":[{"name":"wp","href":"https:\/\/api.w.org\/{rel}","templated":true}]}}