{"id":5237,"date":"2023-09-28T13:11:01","date_gmt":"2023-09-28T13:15:36","guid":{"rendered":"https:\/\/fetalaconca.cat\/producte\/aceite-doliva-virgen-extra\/"},"modified":"2023-09-28T15:31:19","modified_gmt":"2023-09-28T15:31:19","slug":"aceite-doliva-virgen-extra","status":"publish","type":"product","link":"https:\/\/fetalaconca.cat\/es\/producte\/aceite-doliva-virgen-extra\/","title":{"rendered":"Aceite de oliva Virgen Extra"},"content":{"rendered":"","protected":false},"excerpt":{"rendered":"<p>Aceite de oliva virgen extra 100% arbequina con cultivo en Vallclara (Tarragona), a 800 metros de altitud. Optamos por una cosecha temprana (en los \u00faltimos d\u00edas de octubre) para que la aceituna todav\u00eda est\u00e9 un poco verde y conseguir el aceite de mejor calidad, aunque ello implique reducir su volumen total. El aceite de oliva virgen extra Vega Aixal\u00e0 es ideal para cualquier tipo de plato cocinado, para las ensaladas y para los postres.<\/p>\n<p>Es un aceite limpio y brillante con toques de frutas arom\u00e1ticas (manzana), hierba reci\u00e9n cortada y tomates verdes. Tiene un buen equilibrio entre acidez y amargura, pero con la t\u00edpica suavidad de la arbequina, por lo que su paso por boca resulta largo y elegante.<\/p>\n","protected":false},"featured_media":5234,"template":"","meta":[],"product_brand":[],"product_cat":[134,133],"product_tag":[],"class_list":{"0":"post-5237","1":"product","2":"type-product","3":"status-publish","4":"has-post-thumbnail","6":"pwb-brand-vega-aixala-es","7":"product_cat-aceites","8":"product_cat-aceites-y-vinagres","10":"first","11":"instock","12":"taxable","13":"shipping-taxable","14":"purchasable","15":"product-type-variable"},"brands":[{"id":169,"name":"Vega Aixal\u00e0","slug":"vega-aixala-es"}],"yoast_head":"<!-- This site is optimized with the Yoast SEO plugin v25.2 - https:\/\/yoast.com\/wordpress\/plugins\/seo\/ -->\n<title>Aceite de oliva Virgen Extra - Fet a la Conca<\/title>\n<meta name=\"robots\" content=\"index, follow, max-snippet:-1, max-image-preview:large, max-video-preview:-1\" \/>\n<link rel=\"canonical\" href=\"https:\/\/fetalaconca.cat\/es\/producte\/aceite-doliva-virgen-extra\/\" \/>\n<meta property=\"og:locale\" content=\"es_ES\" \/>\n<meta property=\"og:type\" content=\"article\" \/>\n<meta property=\"og:title\" content=\"Aceite de oliva Virgen Extra - Fet a la Conca\" \/>\n<meta property=\"og:description\" content=\"Aceite de oliva virgen extra 100% arbequina con cultivo en Vallclara (Tarragona), a 800 metros de altitud. Optamos por una cosecha temprana (en los \u00faltimos d\u00edas de octubre) para que la aceituna todav\u00eda est\u00e9 un poco verde y conseguir el aceite de mejor calidad, aunque ello implique reducir su volumen total. El aceite de oliva virgen extra Vega Aixal\u00e0 es ideal para cualquier tipo de plato cocinado, para las ensaladas y para los postres. Es un aceite limpio y brillante con toques de frutas arom\u00e1ticas (manzana), hierba reci\u00e9n cortada y tomates verdes. Tiene un buen equilibrio entre acidez y amargura, pero con la t\u00edpica suavidad de la arbequina, por lo que su paso por boca resulta largo y elegante.\" \/>\n<meta property=\"og:url\" content=\"https:\/\/fetalaconca.cat\/es\/producte\/aceite-doliva-virgen-extra\/\" \/>\n<meta property=\"og:site_name\" content=\"Fet a la Conca\" \/>\n<meta property=\"article:publisher\" content=\"https:\/\/www.facebook.com\/fetalaconca\/\" \/>\n<meta property=\"article:modified_time\" content=\"2023-09-28T15:31:19+00:00\" \/>\n<meta property=\"og:image\" content=\"https:\/\/fetalaconca.cat\/wp-content\/uploads\/2023\/09\/vega-aixala-oli.jpg\" \/>\n\t<meta property=\"og:image:width\" content=\"900\" \/>\n\t<meta property=\"og:image:height\" content=\"1200\" \/>\n\t<meta property=\"og:image:type\" content=\"image\/jpeg\" \/>\n<meta name=\"twitter:card\" content=\"summary_large_image\" \/>\n<meta name=\"twitter:site\" content=\"@fetalaconca\" \/>\n<script type=\"application\/ld+json\" class=\"yoast-schema-graph\">{\"@context\":\"https:\/\/schema.org\",\"@graph\":[{\"@type\":\"WebPage\",\"@id\":\"https:\/\/fetalaconca.cat\/es\/producte\/aceite-doliva-virgen-extra\/\",\"url\":\"https:\/\/fetalaconca.cat\/es\/producte\/aceite-doliva-virgen-extra\/\",\"name\":\"Aceite de oliva Virgen Extra - Fet a la Conca\",\"isPartOf\":{\"@id\":\"https:\/\/fetalaconca.cat\/es\/#website\"},\"primaryImageOfPage\":{\"@id\":\"https:\/\/fetalaconca.cat\/es\/producte\/aceite-doliva-virgen-extra\/#primaryimage\"},\"image\":{\"@id\":\"https:\/\/fetalaconca.cat\/es\/producte\/aceite-doliva-virgen-extra\/#primaryimage\"},\"thumbnailUrl\":\"https:\/\/fetalaconca.cat\/wp-content\/uploads\/2023\/09\/vega-aixala-oli.jpg\",\"datePublished\":\"2023-09-28T13:15:36+00:00\",\"dateModified\":\"2023-09-28T15:31:19+00:00\",\"breadcrumb\":{\"@id\":\"https:\/\/fetalaconca.cat\/es\/producte\/aceite-doliva-virgen-extra\/#breadcrumb\"},\"inLanguage\":\"es\",\"potentialAction\":[{\"@type\":\"ReadAction\",\"target\":[\"https:\/\/fetalaconca.cat\/es\/producte\/aceite-doliva-virgen-extra\/\"]}]},{\"@type\":\"ImageObject\",\"inLanguage\":\"es\",\"@id\":\"https:\/\/fetalaconca.cat\/es\/producte\/aceite-doliva-virgen-extra\/#primaryimage\",\"url\":\"https:\/\/fetalaconca.cat\/wp-content\/uploads\/2023\/09\/vega-aixala-oli.jpg\",\"contentUrl\":\"https:\/\/fetalaconca.cat\/wp-content\/uploads\/2023\/09\/vega-aixala-oli.jpg\",\"width\":900,\"height\":1200},{\"@type\":\"BreadcrumbList\",\"@id\":\"https:\/\/fetalaconca.cat\/es\/producte\/aceite-doliva-virgen-extra\/#breadcrumb\",\"itemListElement\":[{\"@type\":\"ListItem\",\"position\":1,\"name\":\"Inici\",\"item\":\"https:\/\/fetalaconca.cat\/es\/\"},{\"@type\":\"ListItem\",\"position\":2,\"name\":\"Tienda\",\"item\":\"https:\/\/fetalaconca.cat\/es\/tienda\/\"},{\"@type\":\"ListItem\",\"position\":3,\"name\":\"Aceite de oliva Virgen Extra\"}]},{\"@type\":\"WebSite\",\"@id\":\"https:\/\/fetalaconca.cat\/es\/#website\",\"url\":\"https:\/\/fetalaconca.cat\/es\/\",\"name\":\"Fet a la Conca\",\"description\":\"Qualitat alimen\u00e0ria\",\"publisher\":{\"@id\":\"https:\/\/fetalaconca.cat\/es\/#organization\"},\"potentialAction\":[{\"@type\":\"SearchAction\",\"target\":{\"@type\":\"EntryPoint\",\"urlTemplate\":\"https:\/\/fetalaconca.cat\/es\/?s={search_term_string}\"},\"query-input\":{\"@type\":\"PropertyValueSpecification\",\"valueRequired\":true,\"valueName\":\"search_term_string\"}}],\"inLanguage\":\"es\"},{\"@type\":\"Organization\",\"@id\":\"https:\/\/fetalaconca.cat\/es\/#organization\",\"name\":\"Fet a la Conca\",\"url\":\"https:\/\/fetalaconca.cat\/es\/\",\"logo\":{\"@type\":\"ImageObject\",\"inLanguage\":\"es\",\"@id\":\"https:\/\/fetalaconca.cat\/es\/#\/schema\/logo\/image\/\",\"url\":\"https:\/\/fetalaconca.cat\/wp-content\/uploads\/2020\/02\/logo_pegatina_400.png\",\"contentUrl\":\"https:\/\/fetalaconca.cat\/wp-content\/uploads\/2020\/02\/logo_pegatina_400.png\",\"width\":400,\"height\":400,\"caption\":\"Fet a la Conca\"},\"image\":{\"@id\":\"https:\/\/fetalaconca.cat\/es\/#\/schema\/logo\/image\/\"},\"sameAs\":[\"https:\/\/www.facebook.com\/fetalaconca\/\",\"https:\/\/x.com\/fetalaconca\",\"https:\/\/www.instagram.com\/fetalaconca\/\"]}]}<\/script>\n<!-- \/ Yoast SEO plugin. -->","yoast_head_json":{"title":"Aceite de oliva Virgen Extra - Fet a la Conca","robots":{"index":"index","follow":"follow","max-snippet":"max-snippet:-1","max-image-preview":"max-image-preview:large","max-video-preview":"max-video-preview:-1"},"canonical":"https:\/\/fetalaconca.cat\/es\/producte\/aceite-doliva-virgen-extra\/","og_locale":"es_ES","og_type":"article","og_title":"Aceite de oliva Virgen Extra - Fet a la Conca","og_description":"Aceite de oliva virgen extra 100% arbequina con cultivo en Vallclara (Tarragona), a 800 metros de altitud. Optamos por una cosecha temprana (en los \u00faltimos d\u00edas de octubre) para que la aceituna todav\u00eda est\u00e9 un poco verde y conseguir el aceite de mejor calidad, aunque ello implique reducir su volumen total. El aceite de oliva virgen extra Vega Aixal\u00e0 es ideal para cualquier tipo de plato cocinado, para las ensaladas y para los postres. Es un aceite limpio y brillante con toques de frutas arom\u00e1ticas (manzana), hierba reci\u00e9n cortada y tomates verdes. Tiene un buen equilibrio entre acidez y amargura, pero con la t\u00edpica suavidad de la arbequina, por lo que su paso por boca resulta largo y elegante.","og_url":"https:\/\/fetalaconca.cat\/es\/producte\/aceite-doliva-virgen-extra\/","og_site_name":"Fet a la Conca","article_publisher":"https:\/\/www.facebook.com\/fetalaconca\/","article_modified_time":"2023-09-28T15:31:19+00:00","og_image":[{"width":900,"height":1200,"url":"https:\/\/fetalaconca.cat\/wp-content\/uploads\/2023\/09\/vega-aixala-oli.jpg","type":"image\/jpeg"}],"twitter_card":"summary_large_image","twitter_site":"@fetalaconca","schema":{"@context":"https:\/\/schema.org","@graph":[{"@type":"WebPage","@id":"https:\/\/fetalaconca.cat\/es\/producte\/aceite-doliva-virgen-extra\/","url":"https:\/\/fetalaconca.cat\/es\/producte\/aceite-doliva-virgen-extra\/","name":"Aceite de oliva Virgen Extra - Fet a la Conca","isPartOf":{"@id":"https:\/\/fetalaconca.cat\/es\/#website"},"primaryImageOfPage":{"@id":"https:\/\/fetalaconca.cat\/es\/producte\/aceite-doliva-virgen-extra\/#primaryimage"},"image":{"@id":"https:\/\/fetalaconca.cat\/es\/producte\/aceite-doliva-virgen-extra\/#primaryimage"},"thumbnailUrl":"https:\/\/fetalaconca.cat\/wp-content\/uploads\/2023\/09\/vega-aixala-oli.jpg","datePublished":"2023-09-28T13:15:36+00:00","dateModified":"2023-09-28T15:31:19+00:00","breadcrumb":{"@id":"https:\/\/fetalaconca.cat\/es\/producte\/aceite-doliva-virgen-extra\/#breadcrumb"},"inLanguage":"es","potentialAction":[{"@type":"ReadAction","target":["https:\/\/fetalaconca.cat\/es\/producte\/aceite-doliva-virgen-extra\/"]}]},{"@type":"ImageObject","inLanguage":"es","@id":"https:\/\/fetalaconca.cat\/es\/producte\/aceite-doliva-virgen-extra\/#primaryimage","url":"https:\/\/fetalaconca.cat\/wp-content\/uploads\/2023\/09\/vega-aixala-oli.jpg","contentUrl":"https:\/\/fetalaconca.cat\/wp-content\/uploads\/2023\/09\/vega-aixala-oli.jpg","width":900,"height":1200},{"@type":"BreadcrumbList","@id":"https:\/\/fetalaconca.cat\/es\/producte\/aceite-doliva-virgen-extra\/#breadcrumb","itemListElement":[{"@type":"ListItem","position":1,"name":"Inici","item":"https:\/\/fetalaconca.cat\/es\/"},{"@type":"ListItem","position":2,"name":"Tienda","item":"https:\/\/fetalaconca.cat\/es\/tienda\/"},{"@type":"ListItem","position":3,"name":"Aceite de oliva Virgen Extra"}]},{"@type":"WebSite","@id":"https:\/\/fetalaconca.cat\/es\/#website","url":"https:\/\/fetalaconca.cat\/es\/","name":"Fet a la Conca","description":"Qualitat alimen\u00e0ria","publisher":{"@id":"https:\/\/fetalaconca.cat\/es\/#organization"},"potentialAction":[{"@type":"SearchAction","target":{"@type":"EntryPoint","urlTemplate":"https:\/\/fetalaconca.cat\/es\/?s={search_term_string}"},"query-input":{"@type":"PropertyValueSpecification","valueRequired":true,"valueName":"search_term_string"}}],"inLanguage":"es"},{"@type":"Organization","@id":"https:\/\/fetalaconca.cat\/es\/#organization","name":"Fet a la Conca","url":"https:\/\/fetalaconca.cat\/es\/","logo":{"@type":"ImageObject","inLanguage":"es","@id":"https:\/\/fetalaconca.cat\/es\/#\/schema\/logo\/image\/","url":"https:\/\/fetalaconca.cat\/wp-content\/uploads\/2020\/02\/logo_pegatina_400.png","contentUrl":"https:\/\/fetalaconca.cat\/wp-content\/uploads\/2020\/02\/logo_pegatina_400.png","width":400,"height":400,"caption":"Fet a la Conca"},"image":{"@id":"https:\/\/fetalaconca.cat\/es\/#\/schema\/logo\/image\/"},"sameAs":["https:\/\/www.facebook.com\/fetalaconca\/","https:\/\/x.com\/fetalaconca","https:\/\/www.instagram.com\/fetalaconca\/"]}]}},"_links":{"self":[{"href":"https:\/\/fetalaconca.cat\/es\/wp-json\/wp\/v2\/product\/5237","targetHints":{"allow":["GET"]}}],"collection":[{"href":"https:\/\/fetalaconca.cat\/es\/wp-json\/wp\/v2\/product"}],"about":[{"href":"https:\/\/fetalaconca.cat\/es\/wp-json\/wp\/v2\/types\/product"}],"wp:featuredmedia":[{"embeddable":true,"href":"https:\/\/fetalaconca.cat\/es\/wp-json\/wp\/v2\/media\/5234"}],"wp:attachment":[{"href":"https:\/\/fetalaconca.cat\/es\/wp-json\/wp\/v2\/media?parent=5237"}],"wp:term":[{"taxonomy":"product_brand","embeddable":true,"href":"https:\/\/fetalaconca.cat\/es\/wp-json\/wp\/v2\/product_brand?post=5237"},{"taxonomy":"product_cat","embeddable":true,"href":"https:\/\/fetalaconca.cat\/es\/wp-json\/wp\/v2\/product_cat?post=5237"},{"taxonomy":"product_tag","embeddable":true,"href":"https:\/\/fetalaconca.cat\/es\/wp-json\/wp\/v2\/product_tag?post=5237"}],"curies":[{"name":"wp","href":"https:\/\/api.w.org\/{rel}","templated":true}]}}